{"id":928,"date":"2013-11-30T18:21:46","date_gmt":"2013-11-30T16:21:46","guid":{"rendered":"http:\/\/sanihaus.ch\/wiki\/?page_id=928"},"modified":"2017-03-16T20:49:31","modified_gmt":"2017-03-16T18:49:31","slug":"hallux-op-wann-operieren","status":"publish","type":"page","link":"https:\/\/sanihaus.ch\/wiki\/gelenke\/fuss-zehen\/hallux-op-wann-operieren\/","title":{"rendered":"Hallux OP &#8211; wann operieren?"},"content":{"rendered":"<p style=\"text-align: justify;\"><strong>Mittelschwere bis schwere Deformit\u00e4ten, welche mit Beschwerden einhergehen, sollen mit einer Operation behandelt werden<\/strong>.<\/p>\n<p style=\"text-align: justify;\">Der medizinische Ausdruck <a title=\"Hallux Valgus\" href=\"\/wiki\/gelenke\/fuss-zehen\/hallux-valgus\/\">Hallux valgus<\/a> beschreibt die Deformit\u00e4t der Grosszehe, welche zur Fussaussenseite abweicht. Es kommt zu Schmerzen und Beeintr\u00e4chtigung von Nachbarzehen, die Bildung von <a title=\"Hammerzehen\" href=\"\/wiki\/gelenke\/fuss-zehen\/krallen-hammerzehen\/\">Hammerzehen<\/a> ist nicht selten. Hat die Deformierung begonnen, sollte zeitnahe ein Therapiekonzept erarbeitet werden &#8211; was nicht immer die Operation bedeutet.<\/p>\n<p style=\"text-align: justify;\"><strong>Was kann vor der Operation getan werden?<\/strong><\/p>\n<ul style=\"text-align: justify;\">\n<li><strong>Schuhe<\/strong>: Aufgrund von Schmerzen schaffen sich Patienten mit einem Hallux valgus oft weiches, breites Schuhwerk an. Breite Schuhe sind beim Hallux valgus sehr empfehlenswert, solange eine geformte, feste Sohle vorhanden ist. Bei flachen oder extrem weichen Sohlen k\u00f6nnen sich die Mittelfussknochen ungehindert senken, was zum <a title=\"Spreizfuss\" href=\"\/wiki\/gelenke\/fuss-zehen\/spreizfus\/\">Spreizfuss<\/a> f\u00fchrt und die Bildung des Hallux weiter unterst\u00fctzt.<\/li>\n<li><strong>Schienen<\/strong>: Wer nach einer <a title=\"Hallux Schiene\" href=\"\/39-hallux\">Hallux Schiene<\/a> sucht, wird zahlreiche Modelle finden. Starre Nachtschienen, bewegliche Tagschienen, Polsterschienen usw. stimmen zuversichtlich auf eine Heilung. Eine stark deformierte Zehe kann jedoch mit einer Schiene niemals in eine physiologische Position gebracht werden. Hallux Schienen dienen zur Schmerzlinderung und sollen das Fortschreiten der Erkrankung verhindern &#8211; so kann unter Umst\u00e4nden eine Operation ohne Nachteile lange herausgez\u00f6gert werden.<\/li>\n<li><strong>Muskelkr\u00e4ftigung<\/strong>: Da die Ursache des Hallux valgus h\u00e4ufig in einem insuffizienten Kappsel-Band-Apparat liegt, sollte fr\u00fchzeitig mit der Kr\u00e4ftigung der Fussmuskulatur begonnen werden. Das ist auch eine gute Vorbereitung auf die Operation und sorgt f\u00fcr eine schnellere Heilung. Physiotherapie, insbesondere Spiraldynamik hat sich als sehr n\u00fctzlich gezeigt.<\/li>\n<\/ul>\n<p style=\"text-align: justify;\"><strong>Wann ist die Hallux OP sinnvoll?<\/strong><\/p>\n<p style=\"text-align: justify;\">Der optimale Zeitpunkt f\u00fcr eine Operation ist von Patient zu Patient unterschiedlich und sollte von verschiedenen Faktoren abh\u00e4ngig gemacht werden. An erster Stelle ist der <strong>Leidensdruck<\/strong> zu ber\u00fccksichtigen. F\u00fchrt die Schiefzehe zu starken  Schmerzen oder Einschr\u00e4nkungen im Alltag, welche mit konservativen Massnahmen nicht ausreichend behoben werden k\u00f6nnen, sollte mit der Operation nicht l\u00e4nger zugewartet werden.<\/p>\n<p style=\"text-align: justify;\">Kommt es durch die Schiefzehe zu <strong>schmerzhaften Fehlstellungen der Nachbarzehen<\/strong>, ist eine Hallux Operation anzuraten, eine konservative Therapie bringt nicht den gew\u00fcnschten Erfolg.<\/p>\n<p style=\"text-align: justify;\">Treten <strong>Komplikationen<\/strong> auf, wie z.B. Entz\u00fcndungen oder Hautverletzungen \u00fcber dem Gelenk, so sollte nach Abheilen eine Sanierung erfolgen.<\/p>\n<p style=\"text-align: justify;\"><strong> <\/strong><\/p>\n","protected":false},"excerpt":{"rendered":"<p>Mittelschwere bis schwere Deformit\u00e4ten, welche mit Beschwerden einhergehen, sollen mit einer Operation behandelt werden. Der medizinische Ausdruck Hallux valgus beschreibt die Deformit\u00e4t der Grosszehe, welche zur Fussaussenseite abweicht. Es kommt zu Schmerzen und Beeintr\u00e4chtigung von Nachbarzehen, die Bildung von Hammerzehen ist nicht selten. Hat die Deformierung begonnen, sollte zeitnahe ein Therapiekonzept erarbeitet werden &#8211; was &#8230; <a title=\"Hallux OP &#8211; wann operieren?\" class=\"read-more\" href=\"https:\/\/sanihaus.ch\/wiki\/gelenke\/fuss-zehen\/hallux-op-wann-operieren\/\" aria-label=\"Mehr Informationen \u00fcber Hallux OP &#8211; wann operieren?\">Weiterlesen<\/a><\/p>\n","protected":false},"author":1,"featured_media":0,"parent":203,"menu_order":3,"comment_status":"closed","ping_status":"closed","template":"","meta":{"footnotes":""},"class_list":["post-928","page","type-page","status-publish"],"aioseo_notices":[],"_links":{"self":[{"href":"https:\/\/sanihaus.ch\/wiki\/wp-json\/wp\/v2\/pages\/928","targetHints":{"allow":["GET"]}}],"collection":[{"href":"https:\/\/sanihaus.ch\/wiki\/wp-json\/wp\/v2\/pages"}],"about":[{"href":"https:\/\/sanihaus.ch\/wiki\/wp-json\/wp\/v2\/types\/page"}],"author":[{"embeddable":true,"href":"https:\/\/sanihaus.ch\/wiki\/wp-json\/wp\/v2\/users\/1"}],"replies":[{"embeddable":true,"href":"https:\/\/sanihaus.ch\/wiki\/wp-json\/wp\/v2\/comments?post=928"}],"version-history":[{"count":0,"href":"https:\/\/sanihaus.ch\/wiki\/wp-json\/wp\/v2\/pages\/928\/revisions"}],"up":[{"embeddable":true,"href":"https:\/\/sanihaus.ch\/wiki\/wp-json\/wp\/v2\/pages\/203"}],"wp:attachment":[{"href":"https:\/\/sanihaus.ch\/wiki\/wp-json\/wp\/v2\/media?parent=928"}],"curies":[{"name":"wp","href":"https:\/\/api.w.org\/{rel}","templated":true}]}}