{"id":850,"date":"2013-09-02T15:14:14","date_gmt":"2013-09-02T13:14:14","guid":{"rendered":"http:\/\/sanihaus.ch\/wiki\/?page_id=850"},"modified":"2017-03-16T20:51:28","modified_gmt":"2017-03-16T18:51:28","slug":"schmerzen","status":"publish","type":"page","link":"https:\/\/sanihaus.ch\/wiki\/gelenke\/knie\/schmerzen\/","title":{"rendered":"Ursachen und Behandlung von Knieschmerzen"},"content":{"rendered":"<p style=\"text-align: justify;\">Das <strong>Kniegelenk<\/strong> ist das gr\u00f6sste Gelenk beim Menschen. Der Ober- und der Unterschenkelknochen werden hier durch Sehnen verbunden und durch Gelenkknorpel und Meniskus gepolstert und vor gegenseitigem Abrieb gesch\u00fctzt. Die Kniescheibe liegt vorne \u00fcber dem Knie und leitet die Kraft der Oberschenkelmuskulatur an den Unterschenkel weiter. Da auf dem Kniegelenk ein Grossteil des K\u00f6rpergewichts lastet, ist das Gelenk besonders <strong>anf\u00e4llig f\u00fcr Schmerzen und Verletzungen<\/strong>.<\/p>\n<h3 style=\"text-align: justify;\">Arthrose<\/h3>\n<p style=\"text-align: justify;\">Knieschmerzen haben h\u00e4ufig eine <a title=\"Arthrose\" href=\"\/wiki\/gelenke\/arthrose\/\">Arthrose<\/a> zur Ursache. Als Arthrose wird eine \u00fcberm\u00e4ssige Abnutzung des Kniegelenks bezeichnet. Die Arthrose kann unterschiedliche Ursachen haben. Bei jungen Patienten sind h\u00e4ufig \u00fcberm\u00e4ssige Belastung durch Sport der Grund f\u00fcr eine Arthrose und Knieschmerzen. Auch nach einem Unfall kann sich eine Arthrose ausbilden. Wird die Kniearthrose nicht behandelt schreitet die Abnutzung schnell voran und die Knieschmerzen nehmen zu.<\/p>\n<p style=\"text-align: justify;\"><a href=\"\/31-knie\"><img loading=\"lazy\" decoding=\"async\" class=\"alignnone size-full wp-image-2036\" src=\"\/wiki\/wp-content\/uploads\/2013\/09\/Kniebandagen.jpg\" alt=\"Kniebandagen\" width=\"700\" height=\"260\" srcset=\"https:\/\/sanihaus.ch\/wiki\/wp-content\/uploads\/2013\/09\/Kniebandagen.jpg 700w, https:\/\/sanihaus.ch\/wiki\/wp-content\/uploads\/2013\/09\/Kniebandagen-300x111.jpg 300w\" sizes=\"auto, (max-width: 700px) 100vw, 700px\" \/><\/a><\/p>\n<h3 style=\"text-align: justify;\">Verletzungen und Zerrungen der B\u00e4nder<\/h3>\n<p style=\"text-align: justify;\">Das Knie wird von den Kreuz- und den Seitenb\u00e4ndern zusammengehalten und stabilisiert. Kommt es beim Sport oder bei der Arbeit zu einer \u00fcberm\u00e4ssigen Verdrehung und Belastung des Kniegelenks k\u00f6nnen die B\u00e4nder gezerrt werden oder gar reissen. Dies verursacht starke Schmerzen im Knie und muss zwingend behandelt werden um Folgesch\u00e4den zu vermeiden. Eine eingehende Untersuchung entscheidet, ob eine Operation notwendig ist, oder ob die Versorgung des Knies mit einer <a title=\"Kniebandagen\" href=\"\/31-knie\">Kniebandage<\/a> ausreichend ist.<\/p>\n<h3 style=\"text-align: justify;\">Gelenkknorpel und Meniskus<\/h3>\n<p style=\"text-align: justify;\">Ein Verschleiss der Gelenkknorpel f\u00fchrt zu Knieschmerzen. Auch Verletzungen des Meniskus sind f\u00fcr Knieschmerzen verantwortlich. Gelegentlich kommt es auch zu einer sogenannten \u201eGelenkmaus\u201c. Hier l\u00f6st sich ein Teil des Gelenkknorpels und wandert durch das Kniegelenk, was starke Schmerzen verursachen kann. Je nach Schweregrad der Abnutzung, bzw. der Verletzung kann das Knie mit einer Bandage versorgt, oder durch eine Operation behandelt werden.<\/p>\n<h3 style=\"text-align: justify;\">Entz\u00fcndung der Patellarsehne<\/h3>\n<p style=\"text-align: justify;\">Die Entz\u00fcndung der Pattelarsehne ist eine schmerzhafte, aber einfach zu behandelnde Erkrankung des Kniegelenks. Die Patellarsehne leitet die Kraft der Oberschenkelmuskeln an den Unterschenkel weiter. Bei \u00fcberm\u00e4ssiger Belastung kommt es zu einer schmerzhaften Entz\u00fcndung. Spezielle Bandagen entlasten den Sehnenansatz der Patellarsehne und lindern so Knieschmerzen sofort.<\/p>\n<h3 style=\"text-align: justify;\">Patella-Luxation<\/h3>\n<p style=\"text-align: justify;\">Die Kniescheibe gleitet in einer Art F\u00fchrungsschiene. Springt die Kniescheibe aus ihrer F\u00fchrungsschiene wird von einer Patellaluxation gesprochen. Meist springt die Kniescheibe anschliessend von selber in die richtige Position zur\u00fcck. Die Patellaluxation tritt bei Betroffenen immer wieder auf und verursacht Knieschmerzen. Das Tragen einer speziellen <a title=\"Patellabandagen\" href=\"\/33-patella\">Patellabandage<\/a> h\u00e4lt die Kniescheibe beim Gehen in der richtigen Position und verhindert das schmerzhafte Ausrenken der Kniescheibe.<\/p>\n<h3 style=\"text-align: justify;\">Schleimbeutelentz\u00fcndung<\/h3>\n<p style=\"text-align: justify;\">Das Knie wird von Schleimbeuteln gepolstert. Werden diese \u00fcberm\u00e4ssig belastet kommt es zu Knieschmerzen und Entz\u00fcndungen der Schleimbeutel. Da die Schleimbeutel direkt unter der Haut liegen, sind sie anf\u00e4llig auf Verletzungen und eine h\u00e4ufige Ursache f\u00fcr Knieschmerzen. Wer h\u00e4ufig kniende T\u00e4tigkeiten ausf\u00fchrt, sollte darauf achten ein Polster unter die Knie zu legen. Entz\u00fcndungen der Knieschleimbeutel k\u00f6nnen durch Ruhigstellen und Einnahme von entz\u00fcndungshemmenden Medikamenten behandelt werden. Gelegentlich ist auch eine operative Behandlung notwendig.<\/p>\n<p style=\"text-align: justify;\">Die oben genannten Erkrankungen sind nur eine Auswahl der h\u00e4ufigsten Ursachen f\u00fcr Knieschmerzen. Auch andere Ursachen k\u00f6nnen zu Schmerzen im Kniegelenk f\u00fchren. Und nicht zuletzt gilt es auch zu bedenken, dass Knieschmerzen nicht immer krankheitsbedingt sind. H\u00e4ufig treten Schmerzen im Knie grundlos auf und verschwindet auch wieder von selbst. Treten die Knieschmerzen in Folge eines Unfalls auf, ist das Kniegelenk geschwollen, oder h\u00e4lt der Schmerz \u00fcber l\u00e4ngere Zeit an, ist es ratsam einen Arzt aufzusuchen und eine angepasste Therapie einzuleiten.<\/p>\n","protected":false},"excerpt":{"rendered":"<p>Das Kniegelenk ist das gr\u00f6sste Gelenk beim Menschen. Der Ober- und der Unterschenkelknochen werden hier durch Sehnen verbunden und durch Gelenkknorpel und Meniskus gepolstert und vor gegenseitigem Abrieb gesch\u00fctzt. Die Kniescheibe liegt vorne \u00fcber dem Knie und leitet die Kraft der Oberschenkelmuskulatur an den Unterschenkel weiter. Da auf dem Kniegelenk ein Grossteil des K\u00f6rpergewichts lastet, &#8230; <a title=\"Ursachen und Behandlung von Knieschmerzen\" class=\"read-more\" href=\"https:\/\/sanihaus.ch\/wiki\/gelenke\/knie\/schmerzen\/\" aria-label=\"Mehr Informationen \u00fcber Ursachen und Behandlung von Knieschmerzen\">Weiterlesen<\/a><\/p>\n","protected":false},"author":1,"featured_media":0,"parent":847,"menu_order":0,"comment_status":"closed","ping_status":"closed","template":"","meta":{"footnotes":""},"class_list":["post-850","page","type-page","status-publish"],"aioseo_notices":[],"_links":{"self":[{"href":"https:\/\/sanihaus.ch\/wiki\/wp-json\/wp\/v2\/pages\/850","targetHints":{"allow":["GET"]}}],"collection":[{"href":"https:\/\/sanihaus.ch\/wiki\/wp-json\/wp\/v2\/pages"}],"about":[{"href":"https:\/\/sanihaus.ch\/wiki\/wp-json\/wp\/v2\/types\/page"}],"author":[{"embeddable":true,"href":"https:\/\/sanihaus.ch\/wiki\/wp-json\/wp\/v2\/users\/1"}],"replies":[{"embeddable":true,"href":"https:\/\/sanihaus.ch\/wiki\/wp-json\/wp\/v2\/comments?post=850"}],"version-history":[{"count":0,"href":"https:\/\/sanihaus.ch\/wiki\/wp-json\/wp\/v2\/pages\/850\/revisions"}],"up":[{"embeddable":true,"href":"https:\/\/sanihaus.ch\/wiki\/wp-json\/wp\/v2\/pages\/847"}],"wp:attachment":[{"href":"https:\/\/sanihaus.ch\/wiki\/wp-json\/wp\/v2\/media?parent=850"}],"curies":[{"name":"wp","href":"https:\/\/api.w.org\/{rel}","templated":true}]}}