{"id":823,"date":"2013-07-25T16:47:43","date_gmt":"2013-07-25T14:47:43","guid":{"rendered":"http:\/\/sanihaus.ch\/wiki\/?page_id=823"},"modified":"2017-03-16T20:58:04","modified_gmt":"2017-03-16T18:58:04","slug":"inkontinenz","status":"publish","type":"page","link":"https:\/\/sanihaus.ch\/wiki\/vorsorge\/inkontinenz\/","title":{"rendered":"Inkontinenz"},"content":{"rendered":"<p style=\"text-align: justify;\"><strong><a title=\"Inkontinenzprodukte\" href=\"\/47-inkontinenz\"><img loading=\"lazy\" decoding=\"async\" class=\"size-full wp-image-828 alignright\" title=\"Inkontinenz\" alt=\"Inkontinenz bei Sanihaus\" src=\"\/wiki\/wp-content\/uploads\/2013\/07\/Inkontinenz.jpg\" width=\"306\" height=\"161\" srcset=\"https:\/\/sanihaus.ch\/wiki\/wp-content\/uploads\/2013\/07\/Inkontinenz.jpg 306w, https:\/\/sanihaus.ch\/wiki\/wp-content\/uploads\/2013\/07\/Inkontinenz-300x157.jpg 300w\" sizes=\"auto, (max-width: 306px) 100vw, 306px\" \/><\/a>Inkontinenz<\/strong> ist ein h\u00e4ufiges Leiden, das leider noch immer tabuisiert wird. Zwar tritt Inkontinenz bei Frauen h\u00e4ufiger als bei M\u00e4nnern auf, diese k\u00f6nnen aber ebenso von einem unwillk\u00fcrlichen Harnverlust betroffen sein.<\/p>\n<p lang=\"de-DE\" style=\"text-align: justify;\">Die Ursachen einer Harninkontinenz sind vielf\u00e4ltig. Bei den Frauen sind Schwangerschaft und Geburt und der sinkende \u00d6strogenspiegel nach der Menopause h\u00e4ufige Gr\u00fcnde f\u00fcr eine Harninkontinenz. Bei M\u00e4nnern sind Harnr\u00f6hrenverengungen und Harnsteine die h\u00e4ufigsten Ursachen f\u00fcr unwillk\u00fcrlichen Harnverlust. W\u00e4hrend Frauen h\u00e4ufig schon in jungen Jahren betroffen sind, tritt die Inkontinenz bei Herren meist erst im Alter auf. Bei \u00fcber 65-j\u00e4hrigen kommen weitere Ursachen wie Demenz und andere neurologische Erkrankungen als Ursache in Frage. Unabh\u00e4ngig von Alter und Geschlecht, kann eine Querschnittl\u00e4hmung eine Harn- und Stuhlinkontinenz verursachen.<\/p>\n<h3 style=\"text-align: justify;\">Die verschiedenen Formen der Inkontinenz<\/h3>\n<p style=\"text-align: justify;\"><strong>Belastungsinkontinenz<\/strong><\/p>\n<p style=\"text-align: justify;\">Die Belastungsinkontinenz ist eine der h\u00e4ufigsten Formen der Harninkontinenz. Durch Belastung, zum Beispiel durch Heben, Niessen oder Husten wird der Druck auf den Bauchraum erh\u00f6ht. Der Verschlussmechanismus am Blasenausgang kann dem Druck nicht mehr standhalten, es kommt zu einem unwillk\u00fcrlichen Harnverlust ohne sp\u00fcrbaren Harndrang.<\/p>\n<p style=\"text-align: justify;\"><strong>Dranginkontinenz\/ \u00fcberaktive Blase<\/strong><\/p>\n<p style=\"text-align: justify;\">Die Dranginkontinenz bezeichnet den h\u00e4ufigen, nicht beeinflussbaren Harndrang in Kombination mit Kontraktionen des Blasenmuskels bei geringer F\u00fcllmenge der Blase. Auch wenn es bei dieser Form der Inkontinenz nicht immer zum Harnverlust kommt, schr\u00e4nkt die Dranginkontinenz die Freiheit und Lebensqualit\u00e4t von Patienten oft stark ein. Die \u00fcberaktive Blase ist die h\u00e4ufigste Inkontinenzform bei M\u00e4nnern.<\/p>\n<p style=\"text-align: justify;\"><strong>\u00dcberlaufinkontinenz und Abflussst\u00f6rung<\/strong><\/p>\n<p style=\"text-align: justify;\">Die \u00dcberlaufinkontinenz entsteht aus einer Abflussst\u00f6rung. Abflussst\u00f6rungen treten am h\u00e4ufigsten bei M\u00e4nnern im Alter \u00fcber 60 Jahren auf. Durch eine gutartige Vergr\u00f6sserung der Prostata wird der Harnweg verengt und die Blase kann nicht vollst\u00e4ndig entleert werden. Auch eine Unterfunktion des Blasenmuskels kann die vollst\u00e4ndige Entleerung der Blase verhindern. Der gesteigerte Druck in der Blase f\u00fchrt zu st\u00e4ndigem Urintr\u00e4ufeln.<\/p>\n<p style=\"text-align: justify;\">Da bei einer Abflussst\u00f6rung st\u00e4ndig Urin in der Blase verbleibt und der Druck erh\u00f6ht ist, kann es in der Folge zu einem R\u00fcckstau in den Harnleitern kommen, die Gefahr von Infektionen, Niereninsuffizienz oder einer Ur\u00e4mie (Harnvergiftung) ist erh\u00f6ht. Eine (meist operative) Ursachenbehebung ist unumg\u00e4nglich. Bei irreversiblen Ver\u00e4nderungen ist ein Dauerkatheter oder ein intermittierender Selbstkatheterismus notwendig.<\/p>\n<p style=\"text-align: justify;\"><strong>Extraurethale Inkontinenz<\/strong><\/p>\n<p style=\"text-align: justify;\">Die extraurethale Inkontinenz wird nicht durch die unzureichende Funktion des Verschlussapparats der Harnr\u00f6hre verursacht. Ursachen k\u00f6nnen angeborene Fehlbildungen oder Deformationen der Vagina sein. Senkt oder Verw\u00f6lbt sich die Vagina kann die Blase mitbetroffen sein, eine Inkontinenz ist die Folge. Auch eine verletzungsbedingte Fistel (R\u00f6hrenartige Verbindung zweier Organe, z.B. zwischen Blase und Darm infolge einer Verletzung) kann zu unwillk\u00fcrlichem Harnverlust f\u00fchren. Extraurethale Inkontinenz wird vorwiegend operativ behandelt.<\/p>\n<p style=\"text-align: justify;\"><strong>Reflexinkontinenz<\/strong><\/p>\n<p style=\"text-align: justify;\">Die Reflexinkontinenz wird durch die St\u00f6rung oder vollst\u00e4ndige Zerst\u00f6rung der Nervenbahnen zwischen der Balse und dem Balsenzentrum im unteren Teil des R\u00fcckenmarks (S2-4) verursacht. Gr\u00fcnde f\u00fcr eine derartige St\u00f6rung kann eine Querschnittl\u00e4hmung oder eine degenerative zentralnerv\u00f6se Ver\u00e4nderung sein, wie sie etwa bei Multipler Sklerose auftreten kann.<\/p>\n<p style=\"text-align: justify;\"><strong>Mischinkontinenz<\/strong><\/p>\n<p style=\"text-align: justify;\">Eine Harninkontinenz kann gleichzeitig unterschiedliche Ursachen haben. In diesem Fall wird von einer Mischinkontinenz gesprochen. Am h\u00e4ufigsten tritt eine Mischinkontinenz als Kombination von Drang- und Belastungsinkontinenz auf.<\/p>\n<p style=\"text-align: justify;\"><strong>Stuhlinkontinenz<\/strong><\/p>\n<p style=\"text-align: justify;\">Nicht nur Urin kann unwillentlich abgehen. Auch eine Stuhlinkontinenz ist m\u00f6glich. Diese Erkrankung wird meist noch st\u00e4rker tabuisiert als Harninkontinenz. H\u00e4ufig sch\u00e4men sich die Betroffenen sogar einen Arzt aufzusuchen. Die Stuhlinkontinenz kann durch St\u00f6rungen der Puls\u00fcberleitung, der Impulsverarbeitung, durch eine sensorische oder motorische St\u00f6rung auftreten.<\/p>\n<p style=\"text-align: justify;\">Unabh\u00e4ngig von der Ursache und Form der Inkontinenz ist beim Auftreten von unkontrolliertem Harnverlust immer ein Arzt aufzusuchen. Nur der Arzt kann eine sichere Diagnose stellen. Sind die Ursachen der Inkontinenz bekannt, kann eine unter Umst\u00e4nden m\u00f6gliche medikament\u00f6se oder operative Therapie besprochen und durchgef\u00fchrt werden. Auch die Stuhlinkontinenz muss unbedingt vom Arzt abgekl\u00e4rt werden. Besonders auch, da Tumore ein Ursache f\u00fcr Inkontinenz sein k\u00f6nnen und eine rasche Behandlung in diesem Fall besonders wichtig ist.<\/p>\n<h4 style=\"text-align: justify;\">Mehr Sicherheit bei Inkontinenz<\/h4>\n<p style=\"text-align: justify;\">Inkontinenz kann zu unangenehmen Situationen f\u00fchren. Betroffene isolieren sich deshalb von der Gesellschaft. Die Lebensqualit\u00e4t ist vermindert und die Mobilit\u00e4t eingeschr\u00e4nkt. Inkontinenzpatienten verzichten oft auf Freizeitaktivit\u00e4ten und Reisen. Eine korrekte, den Bed\u00fcrfnissen angepasste Versorgung der Inkontinenz ist deshalb wichtig um die Lebensqualit\u00e4t und Freiheit der Betroffenen zu steigern.<\/p>\n<h3 style=\"text-align: justify;\">Inkontnenzprodukte<\/h3>\n<p style=\"text-align: justify;\"><strong>Inkontinenzeinlagen<\/strong>, auch Vorlagen genannt, werden in die Unterw\u00e4sche geklebt. Ganze <strong>Inkontinenzh\u00f6schen<\/strong> werden anstelle von Unterw\u00e4sche getragen. Damit der sichere Schutz gew\u00e4hrleistet ist, m\u00fcssen einige Punkte bei der Wahl von Inkontinenzprodukten beachtet werden:<\/p>\n<ul style=\"text-align: justify;\">\n<li>Die<strong> richtige Saugst\u00e4rke<\/strong> ist zu bestimmen. Inkontinenzeinlagen werden in unterschiedlichen Saugst\u00e4rken angeboten. Tritt Fl\u00fcssigkeit aus, ist eine saugf\u00e4higere Einlage zu w\u00e4hlen. Um sicherzustellen, dass keine zu grossen Inkontinenzprodukte verwendet werden, empfiehlt es sich die Einlagen vor und nach dem Gebrauch zu w\u00e4gen und die aufgenommene Fl\u00fcssigkeitsmenge mit der maximalen Absorptionsmenge zu vergleichen.<\/li>\n<li>Die <strong>Gr\u00f6sse<\/strong> ist entscheidend. Alle Personen mit Inkontinenz w\u00fcnschen sich eine m\u00f6glichst d\u00fcnne und diskrete Inkontinenzeinlage. Deshalb werden Inkontinenzprodukte mit gleicher Saugst\u00e4rke in verschiedenen L\u00e4ngen und Breiten angeboten. Tritt vorne oder hinten Fl\u00fcssigkeit aus, ist eine gr\u00f6ssere Gr\u00f6sse zu w\u00e4hlen.<\/li>\n<li>Die <strong>passende Befestigung<\/strong> ist massgebend. Zwar k\u00f6nnen Inkontinenzeinlagen in normalen Unterhosen getragen werden. Aber gerade bei grossen Einlagen mit viel Absorptionsverm\u00f6gen bieten spezielle <strong>Fixierhosen<\/strong> besseren Halt und mehr Komfort. Einwegh\u00f6schen erleichtern zudem das Ausziehen und werden bei Stuhlinkontinenz h\u00e4ufig bevorzugt.<\/li>\n<li>Zus\u00e4tzlicher Schutz bei Stuhlinkontinenz. Besteht eine Stuhlinkontinenz, sind spezielle Vorlagen oder H\u00f6schen mit zus\u00e4tzlichen Taschen zu w\u00e4hlen. Diese halten Stuhl auch unter Druck zur\u00fcck.<\/li>\n<\/ul>\n<p style=\"text-align: justify;\">Sanihaus bietet ein abgerundetes Sortiment an Inkontinenzprodukten der Marke Abena. Hier finden Sie alles f\u00fcr die <a title=\"Inkontinenzprodukte\" href=\"\/47-inkontinenz\">Inkontinenz<\/a>.<\/p>\n<h3 style=\"text-align: justify;\">Inkontinenzprodukte f\u00fcr M\u00e4nner<\/h3>\n<p style=\"text-align: justify;\">M\u00e4nner und Frauen k\u00f6nnen grunds\u00e4tzlich die gleichen Inkontinenzprodukte verwenden. Spezielle Herren-Inkontinenzeinlagen bieten aber zus\u00e4tzlichen Komfort und Schutz f\u00fcr m\u00e4nnliche Anwender. Die anatomische Form der Herreninkontinenzprodukte verhindern Auslaufen auch in der Nacht oder wenn der Penis die Lage \u00e4ndert. F\u00fcr M\u00e4nner sind ebenfalls Inkontinenzeinlagen und Einwegh\u00f6schen bei Sanihaus erh\u00e4ltlich. Hier geht es zu unseren <a title=\"Inkontinenz Herren\" href=\"\/49-herren\">Herren-Inkontinenzprodukten<\/a>.<\/p>\n","protected":false},"excerpt":{"rendered":"<p>Inkontinenz ist ein h\u00e4ufiges Leiden, das leider noch immer tabuisiert wird. Zwar tritt Inkontinenz bei Frauen h\u00e4ufiger als bei M\u00e4nnern auf, diese k\u00f6nnen aber ebenso von einem unwillk\u00fcrlichen Harnverlust betroffen sein. Die Ursachen einer Harninkontinenz sind vielf\u00e4ltig. Bei den Frauen sind Schwangerschaft und Geburt und der sinkende \u00d6strogenspiegel nach der Menopause h\u00e4ufige Gr\u00fcnde f\u00fcr eine &#8230; <a title=\"Inkontinenz\" class=\"read-more\" href=\"https:\/\/sanihaus.ch\/wiki\/vorsorge\/inkontinenz\/\" aria-label=\"Mehr Informationen \u00fcber Inkontinenz\">Weiterlesen<\/a><\/p>\n","protected":false},"author":1,"featured_media":0,"parent":558,"menu_order":0,"comment_status":"closed","ping_status":"closed","template":"","meta":{"footnotes":""},"class_list":["post-823","page","type-page","status-publish"],"aioseo_notices":[],"_links":{"self":[{"href":"https:\/\/sanihaus.ch\/wiki\/wp-json\/wp\/v2\/pages\/823","targetHints":{"allow":["GET"]}}],"collection":[{"href":"https:\/\/sanihaus.ch\/wiki\/wp-json\/wp\/v2\/pages"}],"about":[{"href":"https:\/\/sanihaus.ch\/wiki\/wp-json\/wp\/v2\/types\/page"}],"author":[{"embeddable":true,"href":"https:\/\/sanihaus.ch\/wiki\/wp-json\/wp\/v2\/users\/1"}],"replies":[{"embeddable":true,"href":"https:\/\/sanihaus.ch\/wiki\/wp-json\/wp\/v2\/comments?post=823"}],"version-history":[{"count":0,"href":"https:\/\/sanihaus.ch\/wiki\/wp-json\/wp\/v2\/pages\/823\/revisions"}],"up":[{"embeddable":true,"href":"https:\/\/sanihaus.ch\/wiki\/wp-json\/wp\/v2\/pages\/558"}],"wp:attachment":[{"href":"https:\/\/sanihaus.ch\/wiki\/wp-json\/wp\/v2\/media?parent=823"}],"curies":[{"name":"wp","href":"https:\/\/api.w.org\/{rel}","templated":true}]}}