{"id":6238,"date":"2024-02-07T15:32:22","date_gmt":"2024-02-07T13:32:22","guid":{"rendered":"https:\/\/sanihaus.ch\/wiki\/?page_id=6238"},"modified":"2024-02-07T15:32:23","modified_gmt":"2024-02-07T13:32:23","slug":"dekubitus","status":"publish","type":"page","link":"https:\/\/sanihaus.ch\/wiki\/vorsorge\/dekubitus\/","title":{"rendered":"Dekubitus"},"content":{"rendered":"\n<figure class=\"wp-block-image size-full\"><img loading=\"lazy\" decoding=\"async\" width=\"760\" height=\"250\" src=\"https:\/\/sanihaus.ch\/wiki\/wp-content\/uploads\/2024\/02\/Dekubitus.jpg\" alt=\"Dekubitus\" class=\"wp-image-6242\" srcset=\"https:\/\/sanihaus.ch\/wiki\/wp-content\/uploads\/2024\/02\/Dekubitus.jpg 760w, https:\/\/sanihaus.ch\/wiki\/wp-content\/uploads\/2024\/02\/Dekubitus-300x99.jpg 300w\" sizes=\"auto, (max-width: 760px) 100vw, 760px\" \/><\/figure>\n\n\n\n<p>Dekubitus sind Druckgeschw\u00fcre die auftreten, wenn man lange in der gleichen Position sitzt oder liegt. Betroffen sind vorwiegend Personen die aufgrund ihres Alters oder einer Erkrankung stark in ihrer Mobilit\u00e4t eingeschr\u00e4nkt sind. Bei Immobilit\u00e4t ist deshalb auf eine geeignete Dekubitusprophylaxe zu achten. Wenn es bereits zu einer Wunde gekommen ist, sollte man schnell \u00e4rztlichen Rat einholen und mit der Behandlung beginnen.<\/p>\n\n\n\n<h2 class=\"wp-block-heading\">Was ist Dekubitus?<\/h2>\n\n\n\n<p>Dekubitus oder Druckgeschw\u00fcre sind Wunden die nicht oder nur langsam heilen. Dies aufgrund von Drucksch\u00e4den die beim Liegen oder Sitzen entstehen. Durch den hohen Druck werden die Blutgef\u00e4sse zusammengedr\u00fcckt und die Durchblutung ist eingeschr\u00e4nkt. Schliesslich stirbt das Gewebe ab und es kommt zu Haut und\/oder Gewebesch\u00e4den der tieferliegenden Schichten wie Fettgewebe und Muskeln.<\/p>\n\n\n\n<p>In der Regel braucht es einen hohen Druck \u00fcber 1-2 Stunden um ein Druckgeschw\u00fcr entstehen zu lassen. Scherkr\u00e4fte, z.B. wenn jemand im Bett nach unten rutscht, beschleunigt den Prozess.<\/p>\n\n\n\n<h3 class=\"wp-block-heading\">Dekubitus Einteilung nach EPUAP<\/h3>\n\n\n\n<p>Je nach Tiefe der Wunde wird zwischen vier verschiedenen Schweregraden des Dekubitus unterschieden.<\/p>\n\n\n\n<ul class=\"wp-block-list\">\n<li><strong>Grad I<\/strong>: Nicht wegdr\u00fcckbare R\u00f6tung der Haut, die auch nach 10 Stunden noch besteht. Symptome wie Schmerzempfinden, Verh\u00e4rtungen, weiches Gewebe oder eine ver\u00e4nderte Temperatur gegen\u00fcber dem Umliegenden Gewebe k\u00f6nnen auftreten.<\/li>\n\n\n\n<li><strong>Grad II<\/strong>: Die Haut ist teilweise zerst\u00f6rt. Es liegt eine offene, flache Wunde vor, die ein rotes bis rosafarbenes Wundbett aufweist.<\/li>\n\n\n\n<li><strong>Grad III<\/strong>: Alle Hautschichten sind zerst\u00f6rt und das Fettgewebe kann sichtbar werden.<\/li>\n\n\n\n<li><strong>Grad IV<\/strong>: Totaler Gewebeverlust. Muskeln, Sehnen oder Knochen sind sichtbar. Es besteht die Gefahr f\u00fcr eine Knochenentz\u00fcndung. Die Wunde kann Tunnel bilden.<\/li>\n<\/ul>\n\n\n\n<h3 class=\"wp-block-heading\">Wer ist betroffen?<\/h3>\n\n\n\n<p>Grunds\u00e4tzlich entsteht ein Dekubitus bei Immobilit\u00e4t. Das kann Personen nach einem Unfall betreffen, die ans Bett gefesselt sind oder auf der Intensivstation liegen. H\u00e4ufiger sind es aber sehr betagte Personen, die an Druckgeschw\u00fcren leiden, sowie Personen mit einer Querschnittl\u00e4hmung. Individuelle Risikofaktoren erh\u00f6hen die Gefahr einen Dekubitus zu erleiden.<\/p>\n\n\n\n<div class=\"wp-block-columns is-layout-flex wp-container-core-columns-is-layout-9d6595d7 wp-block-columns-is-layout-flex\">\n<div class=\"wp-block-column is-layout-flow wp-block-column-is-layout-flow\">\n<figure class=\"wp-block-image size-full\"><img loading=\"lazy\" decoding=\"async\" width=\"500\" height=\"500\" src=\"https:\/\/sanihaus.ch\/wiki\/wp-content\/uploads\/2024\/02\/Dekubitus-1.jpg\" alt=\"Dekubitus Entstehung\" class=\"wp-image-6244\" srcset=\"https:\/\/sanihaus.ch\/wiki\/wp-content\/uploads\/2024\/02\/Dekubitus-1.jpg 500w, https:\/\/sanihaus.ch\/wiki\/wp-content\/uploads\/2024\/02\/Dekubitus-1-300x300.jpg 300w, https:\/\/sanihaus.ch\/wiki\/wp-content\/uploads\/2024\/02\/Dekubitus-1-150x150.jpg 150w\" sizes=\"auto, (max-width: 500px) 100vw, 500px\" \/><figcaption class=\"wp-element-caption\"><strong>Ein Dekubitus entsteht h\u00e4ufig an Stellen, die \u00fcber l\u00e4ngere Zeit Druck ausgesetzt sind (z.B. unter der Ferse)<\/strong>.<\/figcaption><\/figure>\n<\/div>\n\n\n\n<div class=\"wp-block-column is-layout-flow wp-block-column-is-layout-flow\">\n<figure class=\"wp-block-image size-full\"><img loading=\"lazy\" decoding=\"async\" width=\"500\" height=\"500\" src=\"https:\/\/sanihaus.ch\/wiki\/wp-content\/uploads\/2024\/02\/Dekubitus-Bett.jpg\" alt=\"Dekubitus Bett\" class=\"wp-image-6246\" srcset=\"https:\/\/sanihaus.ch\/wiki\/wp-content\/uploads\/2024\/02\/Dekubitus-Bett.jpg 500w, https:\/\/sanihaus.ch\/wiki\/wp-content\/uploads\/2024\/02\/Dekubitus-Bett-300x300.jpg 300w, https:\/\/sanihaus.ch\/wiki\/wp-content\/uploads\/2024\/02\/Dekubitus-Bett-150x150.jpg 150w\" sizes=\"auto, (max-width: 500px) 100vw, 500px\" \/><figcaption class=\"wp-element-caption\"><strong>F\u00fcr die Behandlung und Prophylaxe ist nicht zwingend eine &#8222;Spitaleinrichtung&#8220; n\u00f6tig &#8211; es gibt L\u00f6sungen f\u00fcr zu Hause.<\/strong><\/figcaption><\/figure>\n<\/div>\n<\/div>\n\n\n\n<h2 class=\"wp-block-heading\">Risikofaktoren f\u00fcr Dekubitalgeschw\u00fcre<\/h2>\n\n\n\n<ul class=\"wp-block-list\">\n<li><strong>Alter<\/strong>: Mit zunehmendem Alter wird die Haut d\u00fcnner und anf\u00e4lliger f\u00fcr Sch\u00e4den.<\/li>\n\n\n\n<li><strong>Austrocknung<\/strong>: Wenn man zu wenig trinkt nimmt die Elastizit\u00e4t und Widerstandsf\u00e4higkeit der Haut ab.<\/li>\n\n\n\n<li><strong>Falsche Ern\u00e4hrung<\/strong>: Eine ungesunde Ern\u00e4hrung mit wenig N\u00e4hrstoffen reduziert die F\u00e4higkeit des K\u00f6rpers, Wunden zu heilen.<\/li>\n\n\n\n<li><strong>Immobilit\u00e4t<\/strong>: Wer lange (1-2 Stunden) in der gleichen Position liegt oder sitzt, hat ein erh\u00f6htes Risiko f\u00fcr eine Minderdurchblutung einzelner K\u00f6rperpartien.<\/li>\n\n\n\n<li><strong>Gewicht<\/strong>: Sowohl sehr d\u00fcnne, wie auch \u00fcbergewichtige Personen haben ein erh\u00f6htes Risiko.<\/li>\n\n\n\n<li><strong>Systemische Erkrankungen<\/strong>: Dekubitus kann eine Folgeerkrankung von Diabetes sein. Aber auch Personen mit einer Neuropathie, welche die Druckbelastung nicht wahrnehmen, erkranken vermehrt an Dekubitus.<\/li>\n\n\n\n<li><strong><a href=\"\/wiki\/vorsorge\/inkontinenz\/\" title=\"\">Inkontinenz<\/a><\/strong>: Bleibt die Haut \u00fcber l\u00e4ngere Zeit feucht, ist sie empfindlicher.<\/li>\n<\/ul>\n\n\n\n<h4 class=\"wp-block-heading\">H\u00e4ufig von Druckgeschw\u00fcr betroffene Stellen<\/h4>\n\n\n\n<p>Betroffen sind fast immer Stellen an denen der Knochen direkt unter der Haut liegen und kaum von Polsterfett \u00fcberdeckt ist.<\/p>\n\n\n\n<ul class=\"wp-block-list\">\n<li>Ferse<\/li>\n\n\n\n<li>Knie<\/li>\n\n\n\n<li>Ellenbogen<\/li>\n\n\n\n<li>Kn\u00f6chel<\/li>\n\n\n\n<li>Kreuzbein und Steissbein<\/li>\n\n\n\n<li>Wirbels\u00e4ule<\/li>\n\n\n\n<li>Schulter<\/li>\n\n\n\n<li>Hinterkopf<\/li>\n\n\n\n<li>H\u00fcfte<\/li>\n<\/ul>\n\n\n\n<h2 class=\"wp-block-heading\">Dekubitus vorbeugen<\/h2>\n\n\n\n<p>Viele Patienten und Personen die Ihre Angeh\u00f6rigen pflegen, wissen nicht ausreichend dar\u00fcber Bescheid wie Dekubitus entsteht und wie man ihn vorbeugen kann. Sprechen Sie also mit Ihrem Arzt dar\u00fcber und sprechen Sie Ihr Unwissen zum Thema an, damit Sie die n\u00f6tigen Informationen erhalten. Dekubitus gef\u00e4hrdete Personen sollten auf folgendes achten:<\/p>\n\n\n\n<div class=\"wp-block-columns is-layout-flex wp-container-core-columns-is-layout-9d6595d7 wp-block-columns-is-layout-flex\">\n<div class=\"wp-block-column is-layout-flow wp-block-column-is-layout-flow\">\n<figure class=\"wp-block-image size-full\"><a href=\"\/dekubitus\/346-saniflow.html\"><img loading=\"lazy\" decoding=\"async\" width=\"500\" height=\"500\" src=\"https:\/\/sanihaus.ch\/wiki\/wp-content\/uploads\/2024\/02\/Wechseldruckmatratze.jpg\" alt=\"Saniflow P Wechseldruckmatratze\" class=\"wp-image-6252\" srcset=\"https:\/\/sanihaus.ch\/wiki\/wp-content\/uploads\/2024\/02\/Wechseldruckmatratze.jpg 500w, https:\/\/sanihaus.ch\/wiki\/wp-content\/uploads\/2024\/02\/Wechseldruckmatratze-300x300.jpg 300w, https:\/\/sanihaus.ch\/wiki\/wp-content\/uploads\/2024\/02\/Wechseldruckmatratze-150x150.jpg 150w\" sizes=\"auto, (max-width: 500px) 100vw, 500px\" \/><\/a><figcaption class=\"wp-element-caption\"><strong>Preisg\u00fcnstige Saniflow P Wechseldruckmatte<\/strong><\/figcaption><\/figure>\n<\/div>\n\n\n\n<div class=\"wp-block-column is-layout-flow wp-block-column-is-layout-flow\">\n<figure class=\"wp-block-image size-full\"><a href=\"\/dekubitus\/508-heel-protect.html\"><img loading=\"lazy\" decoding=\"async\" width=\"500\" height=\"500\" src=\"https:\/\/sanihaus.ch\/wiki\/wp-content\/uploads\/2024\/02\/Fersenlagerung.jpg\" alt=\"Fersenlagerungsschuh\" class=\"wp-image-6253\" srcset=\"https:\/\/sanihaus.ch\/wiki\/wp-content\/uploads\/2024\/02\/Fersenlagerung.jpg 500w, https:\/\/sanihaus.ch\/wiki\/wp-content\/uploads\/2024\/02\/Fersenlagerung-300x300.jpg 300w, https:\/\/sanihaus.ch\/wiki\/wp-content\/uploads\/2024\/02\/Fersenlagerung-150x150.jpg 150w\" sizes=\"auto, (max-width: 500px) 100vw, 500px\" \/><\/a><figcaption class=\"wp-element-caption\"><strong>Sichere Fersenlagerung mit dem Heel Protect<\/strong><\/figcaption><\/figure>\n<\/div>\n<\/div>\n\n\n\n<ol class=\"wp-block-list\">\n<li><strong>Wechsellagerung<\/strong>: Patienten m\u00fcssen regelm\u00e4ssig nach einem vorab festgelegten Plan umgelagert werden und Druckstellen \u00fcber l\u00e4ngere Zeit zu verhindern.<\/li>\n\n\n\n<li><strong>Hilfsmittel verwenden<\/strong>: H\u00e4ufig reicht die Umlagerung nicht aus um Dekubitus vorzubeugen. Spezielle Hilfsmittel wie Wechseldruckmatratzen, Dekubitus-Sitzkissen oder Gelenkschoner unterst\u00fctzen die sichere Lagerung.<\/li>\n\n\n\n<li><strong>Hautpflege<\/strong>: Die Haut sollte regelm\u00e4ssig gereinigt und gepflegt werden. Personen mit Inkontinenz ben\u00f6tigen besondere Aufmerksamkeit. Das Inkontinenzmaterial sollte fr\u00fchzeitig gewechselt werden.<\/li>\n\n\n\n<li><strong>Bettklima<\/strong>: Das Bett sollte stets frisch und trocken gehalten werden, damit die Haut nicht von der Feuchtigkeit aufgeweicht wird.<\/li>\n\n\n\n<li><strong>Gesunde Ern\u00e4hrung<\/strong>: Risikopatienten sollten regelm\u00e4ssig ausgewogene Nahrung erhalten und falls sie unter einem verminderten Durstgef\u00fchl leiden zum Trinken angehalten werden.<\/li>\n<\/ol>\n\n\n\n<p>Wichtig: Alle Massnahmen m\u00fcssen kombiniert und konsequent eingehalten werden!<\/p>\n\n\n\n<h3 class=\"wp-block-heading\">Dekubitus behandeln<\/h3>\n\n\n\n<div class=\"wp-block-columns is-layout-flex wp-container-core-columns-is-layout-9d6595d7 wp-block-columns-is-layout-flex\">\n<div class=\"wp-block-column is-layout-flow wp-block-column-is-layout-flow\">\n<figure class=\"wp-block-image size-full is-resized\"><a href=\"\/dekubitus\/601-antidekubitus-matratze.html\"><img loading=\"lazy\" decoding=\"async\" width=\"500\" height=\"500\" src=\"https:\/\/sanihaus.ch\/wiki\/wp-content\/uploads\/2024\/02\/Anti-Dekubiuts-Matratze.jpg\" alt=\"Anti-Dekubitus Matratze DomestiCare Premium\" class=\"wp-image-6248\" style=\"width:392px;height:auto\" srcset=\"https:\/\/sanihaus.ch\/wiki\/wp-content\/uploads\/2024\/02\/Anti-Dekubiuts-Matratze.jpg 500w, https:\/\/sanihaus.ch\/wiki\/wp-content\/uploads\/2024\/02\/Anti-Dekubiuts-Matratze-300x300.jpg 300w, https:\/\/sanihaus.ch\/wiki\/wp-content\/uploads\/2024\/02\/Anti-Dekubiuts-Matratze-150x150.jpg 150w\" sizes=\"auto, (max-width: 500px) 100vw, 500px\" \/><\/a><figcaption class=\"wp-element-caption\"><strong>Premium Anti-Dekubitus Matratze<\/strong><\/figcaption><\/figure>\n<\/div>\n\n\n\n<div class=\"wp-block-column is-layout-flow wp-block-column-is-layout-flow\">\n<figure class=\"wp-block-image size-full\"><a href=\"\/dekubitus\/350-gelseat.html\"><img loading=\"lazy\" decoding=\"async\" width=\"500\" height=\"500\" src=\"https:\/\/sanihaus.ch\/wiki\/wp-content\/uploads\/2024\/02\/Dekubitus-Gel-Seat.jpg\" alt=\"Anti-Dekubitus-Sitzkissen GELSEAT\u00ae\" class=\"wp-image-6250\" srcset=\"https:\/\/sanihaus.ch\/wiki\/wp-content\/uploads\/2024\/02\/Dekubitus-Gel-Seat.jpg 500w, https:\/\/sanihaus.ch\/wiki\/wp-content\/uploads\/2024\/02\/Dekubitus-Gel-Seat-300x300.jpg 300w, https:\/\/sanihaus.ch\/wiki\/wp-content\/uploads\/2024\/02\/Dekubitus-Gel-Seat-150x150.jpg 150w\" sizes=\"auto, (max-width: 500px) 100vw, 500px\" \/><\/a><figcaption class=\"wp-element-caption\"><strong>Premium Anti-Dekubitus Sitzkissen mit Gel<\/strong><\/figcaption><\/figure>\n<\/div>\n<\/div>\n\n\n\n<p>Bereits bei einem ersten Anzeichen f\u00fcr einen Dekubitus, also einer R\u00f6tung die sich nicht wegdr\u00fccken l\u00e4sst, sollte man sich einem Arzt vorstellen. Die Behandlung sieht gleich aus wie die Prophylaxe. Besteht bereits eine offene Wunde, kommen weitere Behandlungsmethoden dazu.<\/p>\n\n\n\n<ul class=\"wp-block-list\">\n<li><strong>Entlastung<\/strong>: Wurden bisher keine speziellen Hilfsmittel zur Entlastung der betroffenen K\u00f6rperstelle eingesetzt, sind diese dringend anzuschaffen.<\/li>\n\n\n\n<li><strong>Wundbehandlung<\/strong>: Die Wunden sollten niemals mit Hausmitteln behandelt werden. Lassen Sie sich von einem Arzt geeignete Wundauflagen zur feuchten Wundbehandlung verordnen.<\/li>\n\n\n\n<li><strong>Schmerzbehandlung<\/strong>: Dekubitus kann sehr schmerzhaft sein, auch bei kleinen Hautsch\u00e4den. Greifen Sie nicht auf selbstgekaufte Medikamente zur\u00fcck, sondern lassen Sie sich vom behandelnden Arzt beraten.<\/li>\n\n\n\n<li><strong>Operation<\/strong>: Die Heilungstendenz von Dekubitus-Wunden ist schlecht. Manchmal ist eine Operation deshalb unumg\u00e4nglich. Mittels Spalthaut k\u00f6nnen Hautdefekte repariert werden. Dieser Eingriff ist recht einfach und geht selten mit Komplikationen einher.<\/li>\n<\/ul>\n\n\n\n<p>Bei tiefen Wunden mit Beteiligung von Fettgewebe und Muskeln kann eine Lappenplastik notwendig werden. Dabei wird umliegendes Gewebe in den Defekt vorgeschoben oder von einer anderen K\u00f6rperstelle entfernt und eingesetzt.<\/p>\n\n\n\n<div class=\"wp-block-buttons is-content-justification-center is-layout-flex wp-container-core-buttons-is-layout-16018d1d wp-block-buttons-is-layout-flex\">\n<div class=\"wp-block-button has-custom-font-size is-style-outline is-style-outline--1\" style=\"font-size:23px\"><a class=\"wp-block-button__link wp-element-button\" href=\"https:\/\/sanihaus.ch\/111-dekubitus\">Produkte zur Dekubitus-Prophyaxe<\/a><\/div>\n<\/div>\n","protected":false},"excerpt":{"rendered":"<p>Dekubitus sind Druckgeschw\u00fcre die auftreten, wenn man lange in der gleichen Position sitzt oder liegt. Betroffen sind vorwiegend Personen die aufgrund ihres Alters oder einer Erkrankung stark in ihrer Mobilit\u00e4t eingeschr\u00e4nkt sind. Bei Immobilit\u00e4t ist deshalb auf eine geeignete Dekubitusprophylaxe zu achten. Wenn es bereits zu einer Wunde gekommen ist, sollte man schnell \u00e4rztlichen Rat &#8230; <a title=\"Dekubitus\" class=\"read-more\" href=\"https:\/\/sanihaus.ch\/wiki\/vorsorge\/dekubitus\/\" aria-label=\"Mehr Informationen \u00fcber Dekubitus\">Weiterlesen<\/a><\/p>\n","protected":false},"author":1,"featured_media":0,"parent":558,"menu_order":7,"comment_status":"closed","ping_status":"closed","template":"","meta":{"footnotes":""},"class_list":["post-6238","page","type-page","status-publish"],"aioseo_notices":[],"_links":{"self":[{"href":"https:\/\/sanihaus.ch\/wiki\/wp-json\/wp\/v2\/pages\/6238","targetHints":{"allow":["GET"]}}],"collection":[{"href":"https:\/\/sanihaus.ch\/wiki\/wp-json\/wp\/v2\/pages"}],"about":[{"href":"https:\/\/sanihaus.ch\/wiki\/wp-json\/wp\/v2\/types\/page"}],"author":[{"embeddable":true,"href":"https:\/\/sanihaus.ch\/wiki\/wp-json\/wp\/v2\/users\/1"}],"replies":[{"embeddable":true,"href":"https:\/\/sanihaus.ch\/wiki\/wp-json\/wp\/v2\/comments?post=6238"}],"version-history":[{"count":0,"href":"https:\/\/sanihaus.ch\/wiki\/wp-json\/wp\/v2\/pages\/6238\/revisions"}],"up":[{"embeddable":true,"href":"https:\/\/sanihaus.ch\/wiki\/wp-json\/wp\/v2\/pages\/558"}],"wp:attachment":[{"href":"https:\/\/sanihaus.ch\/wiki\/wp-json\/wp\/v2\/media?parent=6238"}],"curies":[{"name":"wp","href":"https:\/\/api.w.org\/{rel}","templated":true}]}}