{"id":3644,"date":"2019-12-02T15:21:29","date_gmt":"2019-12-02T13:21:29","guid":{"rendered":"https:\/\/sanihaus.ch\/wiki\/?page_id=3644"},"modified":"2019-12-02T15:21:30","modified_gmt":"2019-12-02T13:21:30","slug":"puls-und-herzrhythmus","status":"publish","type":"page","link":"https:\/\/sanihaus.ch\/wiki\/gefasse\/blutkreislauf\/puls-und-herzrhythmus\/","title":{"rendered":"Puls und Herzrhythmus"},"content":{"rendered":"\n<p class=\"has-normal-font-size\">Das Herz pumpt Blut stossweise durch den K\u00f6rper, wobei eine Druckwelle entsteht, die als Puls sp\u00fcrbar ist. Da das Blut vom Herzen in die Arterien gepumpt wird, ist der Puls hier deutlich st\u00e4rker, als in den Venen. Wie man den Puls misst, was eine normale Pulsfrequenz ist und welche St\u00f6rungen es im Puls- resp. Herzrhythmus geben kann, kl\u00e4ren wir im folgenden Beitrag.<\/p>\n\n\n\n<figure class=\"wp-block-image size-large is-resized\"><img loading=\"lazy\" decoding=\"async\" src=\"https:\/\/sanihaus.ch\/wiki\/wp-content\/uploads\/2019\/12\/Puls.jpg\" alt=\"Puls\" class=\"wp-image-3651\" width=\"700\" height=\"250\" srcset=\"https:\/\/sanihaus.ch\/wiki\/wp-content\/uploads\/2019\/12\/Puls.jpg 700w, https:\/\/sanihaus.ch\/wiki\/wp-content\/uploads\/2019\/12\/Puls-300x107.jpg 300w\" sizes=\"auto, (max-width: 700px) 100vw, 700px\" \/><\/figure>\n\n\n\n<h2 class=\"wp-block-heading\">Puls messen<\/h2>\n\n\n\n<p>Der Puls l\u00e4sst sich mit Zeige- und Mittelfinger am gegen\u00fcberliegenden Handgelenk ertasten. Auch am Hals ist er gut sp\u00fcrbar. Einfacher geht die Pulsmessung aber mit einem <a href=\"\/35-blutdruckmessgerate\">Blutdruckmessger\u00e4t<\/a> mit zus\u00e4tzlicher Pulsmessfunktion, einem Pulsoxymeter oder mit einer Pulsuhr. Viele Blutdruckmessger\u00e4te bieten den Vorteil, dass sie nicht nur die Pulsfrequenz, sondern auch den Pulsrhythmus messen und so vor Herzrhythmusst\u00f6rungen warnen k\u00f6nnen. Eine Pulsuhr eignet sich f\u00fcr die Pulsmessung im Alltag und w\u00e4hrend dem Sport.<\/p>\n\n\n\n<h3 class=\"wp-block-heading\">Was ist ein normaler Puls?<\/h3>\n\n\n\n<p>Was eine normale Pulsfrequenz ist, h\u00e4ngt immer von der Aktivit\u00e4t ab. Unterschieden wird zwischen dem Ruhepuls, dem Trainingspuls und dem Maximalpuls.<\/p>\n\n\n\n<h4 class=\"wp-block-heading\">Ruhepuls<\/h4>\n\n\n\n<p>Der Ruhepuls wird am bester morgens direkt nach dem Aufwachen, noch vor dem Aufstehen gemessen, in jedem Fall aber, nach einer mehrmin\u00fctigen Pause und nicht direkt nach dem Essen. Der Ruhepuls bei einem Erwachsenen liegt bei 60-80 Schl\u00e4gen\/ Minute. Bei gut trainierten Personen kann er problemlos auf 50 bpm sinken. Bei einem Ruhepuls \u00fcber 90 ist eine Abkl\u00e4rung durch den Arzt notwendig.<\/p>\n\n\n\n<h4 class=\"wp-block-heading\">Ruhepuls senken<\/h4>\n\n\n\n<p>Personen mit niedrigem Ruhepuls leben l\u00e4nger. Tats\u00e4chlich scheint es so etwas wie eine maximale Zahl an Herzschl\u00e4gen zu geben. Je weniger Schl\u00e4ge pro Minute, desto l\u00e4nger das Leben.<\/p>\n\n\n\n<p>Der Ruhepuls l\u00e4sst sich nachhaltig senken, wenn man mehrmals w\u00f6chentlich Ausdauersport treibt. Dazu z\u00e4hlt nicht nur Joggen, sondern auch Velofahren, Langlaufen, Rudern, Wandern oder Schwimmen. Alkohol sollte in m\u00f6glichst geringen Mengen konsumiert oder ganz weggelassen werden.<\/p>\n\n\n\n<h4 class=\"wp-block-heading\">Trainingspuls<\/h4>\n\n\n\n<p>Beim Sport steigt der Puls um den erh\u00f6hten Sauerstoffbedarf der Muskeln zu decken. Welcher Puls optimal ist, h\u00e4ngt vom eigenen Trainingsstand, dem Alter und der Trainingsart ab. Bei eher untrainierten Personen lautet die Faustregel 180-Lebensalter, um einen sinnvollen und sicheren Trainingsbereich zu finden.<\/p>\n\n\n\n<p>Um die Grundfitness zu verbessern und die Kondition zu steigern, sollte der Trainingspuls immer bei ca. 60-80% des Maximalpulses liegen.<\/p>\n\n\n\n<h4 class=\"wp-block-heading\">Maximalpuls<\/h4>\n\n\n\n<p>Der Maximalpuls liegt bei ca. 220- Lebensalter. F\u00fcr eine 40-j\u00e4hrige Person w\u00e4re das also ein Maximalpuls von 180. Selbstverst\u00e4ndlich ist das nur ein Richtwert, denn auch der Maximalpuls h\u00e4ngt von verschiedenen Faktoren wie dem Geschlecht, dem Trainingszustand, dem Gewicht und der Tagesform ab.<\/p>\n\n\n\n<p>Der Maximalpuls wird bei hoher Belastung, z.B. w\u00e4hrend dem Intervalltraining erreicht. Untrainierte Personen sollten nur nach Absprache mit dem Arzt in diesem Beriech trainieren.<\/p>\n\n\n\n<figure class=\"wp-block-image size-large is-resized\"><a href=\"\/35-blutdruckmessgerate\"><img loading=\"lazy\" decoding=\"async\" src=\"https:\/\/sanihaus.ch\/wiki\/wp-content\/uploads\/2019\/12\/Blutdruckmessger\u00e4te.jpg\" alt=\"Blutdruckmessger\u00e4te\" class=\"wp-image-3655\" width=\"700\" height=\"215\" srcset=\"https:\/\/sanihaus.ch\/wiki\/wp-content\/uploads\/2019\/12\/Blutdruckmessger\u00e4te.jpg 700w, https:\/\/sanihaus.ch\/wiki\/wp-content\/uploads\/2019\/12\/Blutdruckmessger\u00e4te-300x92.jpg 300w\" sizes=\"auto, (max-width: 700px) 100vw, 700px\" \/><\/a><\/figure>\n\n\n\n<h3 class=\"wp-block-heading\">Pulsrhythmus\/ Herzrhythmus<\/h3>\n\n\n\n<p>Neben der Pulsfrequenz ist auch der Pulsrhythmus ein wichtiger Wert, um etwas \u00fcber die Herzgesundheit zu erfahren. Im Normalfall treten alle Pulsschl\u00e4ge in einer regelm\u00e4ssigen, rhythmischen Abfolge auf. Ist dies nicht der Fall, spricht man von einer Herzarrhythmie oder einer Herzrhythmusst\u00f6rung.<\/p>\n\n\n\n<h3 class=\"wp-block-heading\">Herzrhythmusst\u00f6rungen<\/h3>\n\n\n\n<p>Herzrhythmusst\u00f6rungen k\u00f6nnen in ganz unterschiedlichen Bereichen des Herzens entstehen und zahlreiche Ursachen haben. Grob wird zwischen zwei Gruppen unterschieden, den supraventrikul\u00e4ren Herztrhythmusst\u00f6rungen, die in den Herzvorh\u00f6fen entstehen, und den ventrikul\u00e4ren Herzrhythmusst\u00f6rungen, die in den Herzkammern entstehen. Eine Rhythmusst\u00f6rung in den Herzkammern ist eine Notfallsituation und kann zu einem Kreislaufstillstand oder einem akuten Herztod f\u00fchren. Ein kurzer \u00dcberblick \u00fcber die h\u00e4ufigsten Herzrhythmusst\u00f6rungen.<\/p>\n\n\n\n<h4 class=\"wp-block-heading\">Supraventrikul\u00e4re Herzrhythmusst\u00f6rung<\/h4>\n\n\n\n<ul class=\"wp-block-list\"><li><strong>Vorhofflimmern oder Vorhofflattern<\/strong> : Durch eine Art \u201eelektrisches Gewitter\u201c ausgel\u00f6ste chaotische Kontraktionen des Vorhofs. Geht h\u00e4ufig mit hohem Puls einher und kann unbehandelt zu einer Herzschw\u00e4che f\u00fchren.<\/li><li><strong>supraventrikul\u00e4re Tachykardie<\/strong>: Der zu hohe Puls wird als pl\u00f6tzliches Herzrasen wahrgenommen.<\/li><li><strong>Bradykardie<\/strong>: Das Gegenteil der Tachykardie ist die Bradykardie, also der zu langsame Herzschlag unter 40 bpm. Sie kann auf eine Erkrankung der Sinusknoten (Taktgeber des Herzens) zur\u00fcckzuf\u00fchren sein, oder auf eine fehlende Weiterleitung des Impulses (AV-Block). Mit einem Herzschrittmacher, wird dem Herzen auf die Spr\u00fcnge geholfen.<\/li><li><strong>Extrasystolen<\/strong>: Dabei handelt es sich um zus\u00e4tzliche Herzschl\u00e4ge, auf die eine Pause folgt. Dieses Ph\u00e4nomen wird auch als Herzstolpern bezeichnet und ist meist ungef\u00e4hrlich.<\/li><\/ul>\n\n\n\n<h4 class=\"wp-block-heading\">Ventrikul\u00e4re Herzrhythmusst\u00f6rungen<\/h4>\n\n\n\n<ul class=\"wp-block-list\"><li><strong>Kammertachykardie<\/strong>: Wenn das Herz viel zu schnell schl\u00e4gt, kann es seine Pumpfunktion nicht mehr wahrnehmen. Herzrasen, Schwindel. Atemnot und ein Engegef\u00fchl in der Brust sind klare Zeichen, dass es sich um einen Notfall handelt.<\/li><li><strong>Kammerflimmern<\/strong>: Das Kammerflimmern ist eine Steigerung der Kammertachykardie. Wenn das Herz \u00fcber 250-mal pro Minute stimuliert wird, kann es sich nicht mehr zusammenziehen. Das Blut wird nicht weitergepumpt und es kommt zu einem Herz-Kreislauf-Stilltand. Nur durch lebensrettende Sofortmassnahmen wie Herzmassage oder Defibrillation kann der Patient gerettet werden. Lediglich 5% der Patienten \u00fcberleben ein Kammerflimmern, wenn es ausserhalb des Krankenhauses auftritt, weil das Wissen \u00fcber die Wiederbelebung fehlt.<\/li><\/ul>\n\n\n\n<h3 class=\"wp-block-heading\">Diagnose<\/h3>\n\n\n\n<p>Ein unregelm\u00e4ssiger Puls und damit auch ein unregelm\u00e4ssiger Herzschlag lassen sich ertasten. Moderne Blutdruckmessger\u00e4te haben ausserdem eine integrierte Arrhythmiewarnung. Wird beim Ertasten oder Messen des Pulses eine Unregelm\u00e4ssigkeit festgestellt, sollte man den Arzt aufsuchen. Mit Hilfe eines EKG oder einer Ultraschalluntersuchung des Herzens kann er die Ursache f\u00fcr den gest\u00f6rten Pulsrhythmus ermitteln.<\/p>\n\n\n\n<h3 class=\"wp-block-heading\">Behandlung<\/h3>\n\n\n\n<p>Nicht alle Herzrhythmusst\u00f6rungen sind gef\u00e4hrlich. Entsprechend brauchen sie auch keine Behandlung. Viele Betroffene k\u00f6nnen den Herzrhythmus auch durch ein sogenanntes Vagusman\u00f6ver selber korrigieren. Dazu massiert man die Halsschlagader, \u00fcbt auf die geschlossenen Auge Druck aus, spannt die Bauchmuskulatur an und presst, oder trinkt sehr kaltes, kohles\u00e4urehaltiges Wasser.<\/p>\n\n\n\n<p>In manchen F\u00e4llen ist eine Behandlung mit Medikamenten, eine Katheter-Ablation oder das Implantieren eines Herzschrittmachers oder Defibrillators notwendig.<\/p>\n\n\n\n<div style=\"height:40px\" aria-hidden=\"true\" class=\"wp-block-spacer\"><\/div>\n\n\n\n<hr class=\"wp-block-separator\"\/>\n\n\n\n<h4 class=\"wp-block-heading\">Weiter Artikel zum Thema<\/h4>\n\n\n\n<ul class=\"wp-block-list\"><li><a href=\"\/wiki\/gefasse\/arterien\/blutdruck\/\">Blutdruck<\/a><\/li><li><a href=\"\/wiki\/news\/blutdruck-messen\/\">Blutdruck messen<\/a><\/li><\/ul>\n","protected":false},"excerpt":{"rendered":"<p>Das Herz pumpt Blut stossweise durch den K\u00f6rper, wobei eine Druckwelle entsteht, die als Puls sp\u00fcrbar ist. Da das Blut vom Herzen in die Arterien gepumpt wird, ist der Puls hier deutlich st\u00e4rker, als in den Venen. Wie man den Puls misst, was eine normale Pulsfrequenz ist und welche St\u00f6rungen es im Puls- resp. Herzrhythmus &#8230; <a title=\"Puls und Herzrhythmus\" class=\"read-more\" href=\"https:\/\/sanihaus.ch\/wiki\/gefasse\/blutkreislauf\/puls-und-herzrhythmus\/\" aria-label=\"Mehr Informationen \u00fcber Puls und Herzrhythmus\">Weiterlesen<\/a><\/p>\n","protected":false},"author":1,"featured_media":0,"parent":131,"menu_order":0,"comment_status":"closed","ping_status":"closed","template":"","meta":{"footnotes":""},"class_list":["post-3644","page","type-page","status-publish"],"aioseo_notices":[],"_links":{"self":[{"href":"https:\/\/sanihaus.ch\/wiki\/wp-json\/wp\/v2\/pages\/3644","targetHints":{"allow":["GET"]}}],"collection":[{"href":"https:\/\/sanihaus.ch\/wiki\/wp-json\/wp\/v2\/pages"}],"about":[{"href":"https:\/\/sanihaus.ch\/wiki\/wp-json\/wp\/v2\/types\/page"}],"author":[{"embeddable":true,"href":"https:\/\/sanihaus.ch\/wiki\/wp-json\/wp\/v2\/users\/1"}],"replies":[{"embeddable":true,"href":"https:\/\/sanihaus.ch\/wiki\/wp-json\/wp\/v2\/comments?post=3644"}],"version-history":[{"count":0,"href":"https:\/\/sanihaus.ch\/wiki\/wp-json\/wp\/v2\/pages\/3644\/revisions"}],"up":[{"embeddable":true,"href":"https:\/\/sanihaus.ch\/wiki\/wp-json\/wp\/v2\/pages\/131"}],"wp:attachment":[{"href":"https:\/\/sanihaus.ch\/wiki\/wp-json\/wp\/v2\/media?parent=3644"}],"curies":[{"name":"wp","href":"https:\/\/api.w.org\/{rel}","templated":true}]}}