{"id":36,"date":"2012-06-26T17:21:36","date_gmt":"2012-06-26T15:21:36","guid":{"rendered":"http:\/\/sanihaus.ch\/wiki\/?page_id=36"},"modified":"2020-12-05T23:15:13","modified_gmt":"2020-12-05T21:15:13","slug":"start","status":"publish","type":"page","link":"https:\/\/sanihaus.ch\/wiki\/","title":{"rendered":"Willkommen bei SaniWiki!"},"content":{"rendered":"\n<p class=\"has-text-align-center\"><strong>Auf unseren Seiten finden Sie fachliche Informationen rund um das Thema Gesundheit -auf verst\u00e4ndliche Weise geschrieben.<\/strong><\/p>\n\n\n\n<figure class=\"wp-block-image size-large\"><img loading=\"lazy\" decoding=\"async\" width=\"800\" height=\"183\" src=\"https:\/\/sanihaus.ch\/wiki\/wp-content\/uploads\/2020\/12\/Sanihaus.jpg\" alt=\"Sanihaus Gesundheitsblog Team\" class=\"wp-image-4455\" srcset=\"https:\/\/sanihaus.ch\/wiki\/wp-content\/uploads\/2020\/12\/Sanihaus.jpg 800w, https:\/\/sanihaus.ch\/wiki\/wp-content\/uploads\/2020\/12\/Sanihaus-300x69.jpg 300w, https:\/\/sanihaus.ch\/wiki\/wp-content\/uploads\/2020\/12\/Sanihaus-768x176.jpg 768w\" sizes=\"auto, (max-width: 800px) 100vw, 800px\" \/><\/figure>\n\n\n\n<p class=\"has-text-align-center\">Der Begriff Sanit\u00e4t ist von Sanitas abgeleitet und bedeutet nichts anderes als gesund. Und genau das ist die Aufgabe eines Sanit\u00e4tsgesch\u00e4fts -unser Ziel ist Ihre Gesundheit. Daher bieten wir neben dem Onlineshop Sanihaus ein umfangreiches Wissenslexikon, das SaniWiki. Nat\u00fcrlich k\u00f6nnen wir Sie einfach mit Bandagen oder Str\u00fcmpfen versorgen, doch nur wer die Krankheit und Therapie versteht, wird erfolgreich sein. Auf SaniWiki erkl\u00e4ren wir h\u00e4ufige Krankheitsbilder und Verletzungen.<\/p>\n\n\n\n<p class=\"has-text-align-center\"><strong>Wochenthema: Fuss und Sprunggelenk<\/strong><\/p>\n\n\n\n<ul class=\"wp-block-list\"><li style=\"text-align: center;\"><a title=\"Hallux Valgus\" href=\"\/wiki\/gelenke\/fuss-zehen\/hallux-valgus\/\">Hallux valgus<\/a><\/li><li style=\"text-align: center;\"><a title=\"Achillodynie\" href=\"\/wiki\/gelenke\/sprunggelenk-achillessehne\/achillodynie\/\">Achillodynie <\/a><\/li><\/ul>\n\n\n\n<p class=\"has-text-align-center\">Auf unserem <a title=\"SaniBlog\" href=\"\/wiki\/tag\/blog\/\">SaniBlog<\/a> finden Sie Produktnews, aktuelles aus dem online Sanit\u00e4tshaus, interessantes aus der Sportwelt und alles was mit Gesundheit zu tun hat.<\/p>\n\n\n\n<p class=\"has-text-align-center\">W\u00e4hlen Sie in der Navigation Ihr Thema aus oder benutzen Sie die Suche.<\/p>\n\n\n\n<h2 class=\"has-text-align-center wp-block-heading\">Das Gesundheitslexikon<\/h2>\n\n\n\n<div style=\"height:40px\" aria-hidden=\"true\" class=\"wp-block-spacer\"><\/div>\n\n\n\n<hr class=\"wp-block-separator\"\/>\n\n\n\n<h3 class=\"wp-block-heading\">Highlights aus dem Blog<\/h3>\n\n\n\n<div class=\"wp-block-columns is-layout-flex wp-container-core-columns-is-layout-9d6595d7 wp-block-columns-is-layout-flex\">\n<div class=\"wp-block-column is-layout-flow wp-block-column-is-layout-flow\">\n<figure class=\"wp-block-image size-large\"><a href=\"\/wiki\/herz\/testbericht-omron-m300-blutdruckmessgeraet\/\"><img loading=\"lazy\" decoding=\"async\" width=\"400\" height=\"400\" src=\"https:\/\/sanihaus.ch\/wiki\/wp-content\/uploads\/2020\/02\/Omron-M300-Display.jpg\" alt=\"Testbericht Omron M 300\" class=\"wp-image-3794\" srcset=\"https:\/\/sanihaus.ch\/wiki\/wp-content\/uploads\/2020\/02\/Omron-M300-Display.jpg 400w, https:\/\/sanihaus.ch\/wiki\/wp-content\/uploads\/2020\/02\/Omron-M300-Display-300x300.jpg 300w, https:\/\/sanihaus.ch\/wiki\/wp-content\/uploads\/2020\/02\/Omron-M300-Display-150x150.jpg 150w\" sizes=\"auto, (max-width: 400px) 100vw, 400px\" \/><\/a><figcaption>Das Oberarm-Blutdruckmessger\u00e4t \u00fcberzeugt mit einfacher Bedienung und pr\u00e4zisen Ergebnissen.<\/figcaption><\/figure>\n\n\n\n<h4 class=\"wp-block-heading\"><a href=\"\/wiki\/herz\/testbericht-omron-m300-blutdruckmessgeraet\/\" title=\"Testbericht Omron M300 Blutdruckmessger\u00e4t\">Omron M300 Test<\/a><\/h4>\n\n\n\n<hr class=\"wp-block-separator\"\/>\n\n\n\n<figure class=\"wp-block-image size-large\"><a href=\"\/wiki\/neu\/lymphdrainage-zu-hause\/\"><img loading=\"lazy\" decoding=\"async\" width=\"400\" height=\"400\" src=\"https:\/\/sanihaus.ch\/wiki\/wp-content\/uploads\/2020\/12\/Lymphdrainage.jpg\" alt=\"Lymphdrainage zu Hause\" class=\"wp-image-4447\" srcset=\"https:\/\/sanihaus.ch\/wiki\/wp-content\/uploads\/2020\/12\/Lymphdrainage.jpg 400w, https:\/\/sanihaus.ch\/wiki\/wp-content\/uploads\/2020\/12\/Lymphdrainage-300x300.jpg 300w, https:\/\/sanihaus.ch\/wiki\/wp-content\/uploads\/2020\/12\/Lymphdrainage-150x150.jpg 150w\" sizes=\"auto, (max-width: 400px) 100vw, 400px\" \/><\/a><figcaption>Lymphdrainage geh\u00f6rt in die H\u00e4nde des Physiotherapeuten. Oder etwa doch nicht? So klappt&#8217;s zu Hause!<\/figcaption><\/figure>\n\n\n\n<h4 class=\"wp-block-heading\"><a href=\"\/wiki\/neu\/lymphdrainage-zu-hause\/\" title=\"Lymphdrainage zu Hause\">Lymphdrainage<\/a><\/h4>\n\n\n\n<hr class=\"wp-block-separator\"\/>\n<\/div>\n\n\n\n<div class=\"wp-block-column is-layout-flow wp-block-column-is-layout-flow\">\n<figure class=\"wp-block-image size-large\"><a href=\"\/wiki\/bandagen\/testbericht-genutrain\/\"><img loading=\"lazy\" decoding=\"async\" width=\"400\" height=\"400\" src=\"https:\/\/sanihaus.ch\/wiki\/wp-content\/uploads\/2020\/12\/Test-GenuTrain.jpg\" alt=\"GenuTrain Kniebandage im Test\" class=\"wp-image-4438\" srcset=\"https:\/\/sanihaus.ch\/wiki\/wp-content\/uploads\/2020\/12\/Test-GenuTrain.jpg 400w, https:\/\/sanihaus.ch\/wiki\/wp-content\/uploads\/2020\/12\/Test-GenuTrain-300x300.jpg 300w, https:\/\/sanihaus.ch\/wiki\/wp-content\/uploads\/2020\/12\/Test-GenuTrain-150x150.jpg 150w\" sizes=\"auto, (max-width: 400px) 100vw, 400px\" \/><\/a><figcaption>Die meistverkaufte Kniebandage der Schweiz hat einen Namen: GenuTrain von Bauerfeind.<\/figcaption><\/figure>\n\n\n\n<h4 class=\"wp-block-heading\"><a href=\"\/wiki\/bandagen\/testbericht-genutrain\/\" title=\"Testbericht GenuTrain\">Review GenuTrain<\/a><\/h4>\n\n\n\n<hr class=\"wp-block-separator\"\/>\n\n\n\n<figure class=\"wp-block-image size-large\"><a href=\"\/wiki\/news\/bruechige-naegel-feilen-statt-schneiden\/\"><img loading=\"lazy\" decoding=\"async\" width=\"400\" height=\"400\" src=\"https:\/\/sanihaus.ch\/wiki\/wp-content\/uploads\/2020\/12\/Manikuere.jpg\" alt=\"N\u00e4gel feilen\" class=\"wp-image-4451\" srcset=\"https:\/\/sanihaus.ch\/wiki\/wp-content\/uploads\/2020\/12\/Manikuere.jpg 400w, https:\/\/sanihaus.ch\/wiki\/wp-content\/uploads\/2020\/12\/Manikuere-300x300.jpg 300w, https:\/\/sanihaus.ch\/wiki\/wp-content\/uploads\/2020\/12\/Manikuere-150x150.jpg 150w\" sizes=\"auto, (max-width: 400px) 100vw, 400px\" \/><\/a><figcaption>Sch\u00f6ne N\u00e4gel brauchen Pflege. Besonders bei br\u00fcchigen N\u00e4gel sollte zur Feile gegriffen werden.<\/figcaption><\/figure>\n\n\n\n<h4 class=\"wp-block-heading\"><a href=\"\/wiki\/news\/bruechige-naegel-feilen-statt-schneiden\/\" title=\"Br\u00fcchige N\u00e4gel feilen statt schneiden\">Br\u00fcchige N\u00e4gel<\/a><\/h4>\n\n\n\n<hr class=\"wp-block-separator\"\/>\n<\/div>\n\n\n\n<div class=\"wp-block-column is-layout-flow wp-block-column-is-layout-flow\">\n<figure class=\"wp-block-image size-large\"><a href=\"\/wiki\/kompressionsstrumpfe\/juzo-kompressionsstruempfe\/\"><img loading=\"lazy\" decoding=\"async\" width=\"400\" height=\"400\" src=\"https:\/\/sanihaus.ch\/wiki\/wp-content\/uploads\/2020\/12\/Juzo-Kompressionsstrumpf.jpg\" alt=\"Juzo Kompressionsstr\u00fcmpfe\" class=\"wp-image-4442\" srcset=\"https:\/\/sanihaus.ch\/wiki\/wp-content\/uploads\/2020\/12\/Juzo-Kompressionsstrumpf.jpg 400w, https:\/\/sanihaus.ch\/wiki\/wp-content\/uploads\/2020\/12\/Juzo-Kompressionsstrumpf-300x300.jpg 300w, https:\/\/sanihaus.ch\/wiki\/wp-content\/uploads\/2020\/12\/Juzo-Kompressionsstrumpf-150x150.jpg 150w\" sizes=\"auto, (max-width: 400px) 100vw, 400px\" \/><\/a><figcaption>Kompressionsstr\u00fcmpfe von JUZO sehen nicht nur gut aus, sie helfen auch bei vielen Indikationen.<\/figcaption><\/figure>\n\n\n\n<h4 class=\"wp-block-heading\"><a href=\"\/wiki\/kompressionsstrumpfe\/juzo-kompressionsstruempfe\/\" title=\"Juzo Kompressionsstr\u00fcmpfe\">Juzo Str\u00fcmpfe<\/a><\/h4>\n\n\n\n<hr class=\"wp-block-separator\"\/>\n\n\n\n<figure class=\"wp-block-image size-large\"><a href=\"\/wiki\/neu\/knieschmerzen-beim-wandern-vorbeugen\/\"><img loading=\"lazy\" decoding=\"async\" width=\"400\" height=\"400\" src=\"https:\/\/sanihaus.ch\/wiki\/wp-content\/uploads\/2020\/12\/Knieschmerzen-Wandern.jpg\" alt=\"Knieschmerzen beim Wandern\" class=\"wp-image-4449\" srcset=\"https:\/\/sanihaus.ch\/wiki\/wp-content\/uploads\/2020\/12\/Knieschmerzen-Wandern.jpg 400w, https:\/\/sanihaus.ch\/wiki\/wp-content\/uploads\/2020\/12\/Knieschmerzen-Wandern-300x300.jpg 300w, https:\/\/sanihaus.ch\/wiki\/wp-content\/uploads\/2020\/12\/Knieschmerzen-Wandern-150x150.jpg 150w\" sizes=\"auto, (max-width: 400px) 100vw, 400px\" \/><\/a><figcaption>Wandern tut K\u00f6rper und Seele gut. Wir zeigen Ihnen, wie Sie l\u00e4stige Knieschmerzen vorbeugen.<\/figcaption><\/figure>\n\n\n\n<h4 class=\"wp-block-heading\"><a href=\"\/wiki\/neu\/knieschmerzen-beim-wandern-vorbeugen\/\" title=\"Knieschmerzen beim Wandern vorbeugen\">Knieschmerzen ade<\/a><\/h4>\n\n\n\n<hr class=\"wp-block-separator\"\/>\n<\/div>\n<\/div>\n\n\n\n<p><\/p>\n","protected":false},"excerpt":{"rendered":"<p>Auf unseren Seiten finden Sie fachliche Informationen rund um das Thema Gesundheit -auf verst\u00e4ndliche Weise geschrieben. Der Begriff Sanit\u00e4t ist von Sanitas abgeleitet und bedeutet nichts anderes als gesund. Und genau das ist die Aufgabe eines Sanit\u00e4tsgesch\u00e4fts -unser Ziel ist Ihre Gesundheit. Daher bieten wir neben dem Onlineshop Sanihaus ein umfangreiches Wissenslexikon, das SaniWiki. Nat\u00fcrlich &#8230; <a title=\"Willkommen bei SaniWiki!\" class=\"read-more\" href=\"https:\/\/sanihaus.ch\/wiki\/\" aria-label=\"Mehr Informationen \u00fcber Willkommen bei SaniWiki!\">Weiterlesen<\/a><\/p>\n","protected":false},"author":1,"featured_media":0,"parent":0,"menu_order":0,"comment_status":"closed","ping_status":"closed","template":"","meta":{"footnotes":""},"class_list":["post-36","page","type-page","status-publish"],"aioseo_notices":[],"_links":{"self":[{"href":"https:\/\/sanihaus.ch\/wiki\/wp-json\/wp\/v2\/pages\/36","targetHints":{"allow":["GET"]}}],"collection":[{"href":"https:\/\/sanihaus.ch\/wiki\/wp-json\/wp\/v2\/pages"}],"about":[{"href":"https:\/\/sanihaus.ch\/wiki\/wp-json\/wp\/v2\/types\/page"}],"author":[{"embeddable":true,"href":"https:\/\/sanihaus.ch\/wiki\/wp-json\/wp\/v2\/users\/1"}],"replies":[{"embeddable":true,"href":"https:\/\/sanihaus.ch\/wiki\/wp-json\/wp\/v2\/comments?post=36"}],"version-history":[{"count":0,"href":"https:\/\/sanihaus.ch\/wiki\/wp-json\/wp\/v2\/pages\/36\/revisions"}],"wp:attachment":[{"href":"https:\/\/sanihaus.ch\/wiki\/wp-json\/wp\/v2\/media?parent=36"}],"curies":[{"name":"wp","href":"https:\/\/api.w.org\/{rel}","templated":true}]}}