{"id":27,"date":"2012-06-26T16:26:58","date_gmt":"2012-06-26T14:26:58","guid":{"rendered":"http:\/\/sanihaus.ch\/wiki\/?page_id=27"},"modified":"2017-03-16T20:35:52","modified_gmt":"2017-03-16T18:35:52","slug":"lymphgefasse","status":"publish","type":"page","link":"https:\/\/sanihaus.ch\/wiki\/gefasse\/lymphgefasse\/","title":{"rendered":"Lymphgef\u00e4sse"},"content":{"rendered":"<p style=\"text-align: justify;\">Das Lymphsystem ist ein Abflusssystem f\u00fcr \u00fcbersch\u00fcssige Gewebsfl\u00fcssigkeit und \u00fcbernimmt gleichzeitig wichtige Aufgaben des Immunsystems.<\/p>\n<h3>Funktionsweise des Lymphsystems<\/h3>\n<p style=\"text-align: justify;\">Fliesst Blut durch die Kapillaren, so entweicht bis zu 10% Fl\u00fcssigkeit ins Gewebe. Es ist die Aufgabe des Lymphsystems, diese Fl\u00fcssigkeit wieder in den Blutkreislauf zur\u00fcckzuf\u00fchren.<\/p>\n<p style=\"text-align: justify;\">Die Lymphgef\u00e4sse sind d\u00fcnnwandig und \u00fcberall im K\u00f6rper zu finden. Die feinen Lymphkapillaren haben einen sehr kleinen Durchmesser und weisen an ihrem Anfang eine \u00d6ffnung auf, durch die sie die Fl\u00fcssigkeit aus dem Gewebe aufnehmen. Sobald die proteinreiche Fl\u00fcssigkeit in den Lymphgef\u00e4ssen ist, wird sie Lymphe genannt. Die feinen Lymphkapillaren sammeln sich zu immer gr\u00f6sseren Lymphgef\u00e4ssen, bis sie sich schliesslich zum Milchbrustgang (Ductus thoracicus) vereinen. Der Milchbrustgang m\u00fcndet in den Venenwinkel und gibt die gesammelte Lymphe wieder in das ven\u00f6se System ab. Das Lymphsystem endet blind, bildet also keinen Kreislauf.<\/p>\n<p style=\"text-align: justify;\">In den gr\u00f6sseren Lymphgef\u00e4ssen finden sich Lymphangione. Diese \u201eLymphherzen\u201c weisen an beiden Enden eine Klappe auf um den R\u00fcckfluss von Lymphe zu verhindern. L\u00e4ngs und quer verlaufende Muskelschichten kontrahieren 10-12 mal pro Minute und transportieren die Lymphe so kontinuierlich weiter.<\/p>\n<p style=\"text-align: justify;\">Ein weiterer wichtiger Teil des Lymphsystems sind die Lymphknoten, welche spezielle Immunzellen enthalten und so eine wichtige Funktion in der Abwehr \u00fcbernehmen. Auf ihrem Weg aus dem K\u00f6rper zur\u00fcck zum Herzen passiert die Lymphe immer mehrere Lymphknoten. Sich darin befindliche Abwehrzellen sp\u00fcren Krankheitserreger auf und zerst\u00f6ren sie im Normalfall. Deshalb ist das Lymphsystem, zu dem \u00fcbrigens auch die Mandeln, der Blinddarm und die Milz geh\u00f6ren, ein wichtiger Teil des Immunsystems.<\/p>\n<p style=\"text-align: justify;\">Kommt es zu einer St\u00f6rung des Lymphabfluss, so kann ein <a href=\"\/wiki\/gefasse\/lymphgefasse\/lymphoedem\/\">Lymph\u00f6dem<\/a> entstehen. Krankhafte Fettvermehrungen am Oberschenkel die den Lymphabfluss beeintr\u00e4chtigen, werden Lip\u00f6dem genannt.<\/p>\n<h3>Mythen rund um das Lymphsystem<\/h3>\n<p style=\"text-align: justify;\">Das Lymphsystem ist hochkomplex, l\u00e4sst sich in seinen groben Z\u00fcgen aber gut verstehen. Zusammengefasst kann man sagen, dass das Lymphsystem Fl\u00fcssigkeit die aus den Kapillaren und Venen in den Zwischenzellraum austritt wieder in den Blutkreislauf zur\u00fcckf\u00fchrt. Selber bildet das Lymphsystem aber keinen Kreislauf.<\/p>\n<ul>\n<li style=\"text-align: justify;\"><strong>Mythos 1: Das Lymphsystem muss \u201eentgiftet\u201c oder \u201eentschlackt\u201c werden.<\/strong><\/li>\n<\/ul>\n<p style=\"text-align: justify;\">Immer wieder liest man von Kuren und Methoden die das Lymphsystem entschlacken und reinigen sollen. Das ist aber weder m\u00f6glich noch n\u00f6tig. Der K\u00f6rper, insbesondere die Leber scheiden Stoffwechselabbauprodukte und aus der Umwelt aufgenommene Schadstoffe konstant aus. Ohne diese \u201eselbstreinigende Funktion\u201c des K\u00f6rpers w\u00e4re kein Mensch lebensf\u00e4hig.<\/p>\n<ul>\n<li style=\"text-align: justify;\"><strong>Mythos 2: Das Lymphsystem kann abgedichtet werden.<\/strong><\/li>\n<\/ul>\n<p style=\"text-align: justify;\">Wie oben beschrieben, kann es bei St\u00f6rungen des Lymphabflusses zu einem Lymph\u00f6dem kommen. Diese Krankheit l\u00e4sst sich leider bis heute nicht heilen, sondern nur symptomatisch behandeln. Das Versprechen, dass manchen Naturheilpr\u00e4paraten, das Lymphsystem abzudichten, ist so falsch wie unsinnig. Wer das Lymphsystem in seinen einfachsten Grundz\u00fcgen versteht, weiss dass die Lymphgef\u00e4sse an ihren Anf\u00e4ngen \u00d6ffnungen aufweisen, die gar nicht \u201edicht\u201c sein sollen, weil sie die Fl\u00fcssigkeit aus dem Gewebe aufnehmen.<\/p>\n<ul>\n<li style=\"text-align: justify;\"><strong>Mythos 3: Jeder sollte gelegentlich zur Lymphdrainage.<\/strong><\/li>\n<\/ul>\n<p style=\"text-align: justify;\">Die Lymphdrainage ist eine Therapiemethode die zur Behandlung des Lymph\u00f6dems entwickelt wurde und den Lymphabfluss anregt. Wer gesund ist, braucht also grunds\u00e4tzlich keine Lymphdrainage. Da die Behandlung keine sch\u00e4dlichen Nebenwirkungen hat, spricht aber nichts dagegen gelegentlich in die Lymphdrainage zu gehen, wenn man die Behandlung als wohltuend empfindet.<\/p>\n<p style=\"text-align: justify;\"><a href=\"\/82-lymphdrainage\"><img loading=\"lazy\" decoding=\"async\" class=\"alignnone size-full wp-image-2072\" src=\"\/wiki\/wp-content\/uploads\/2012\/06\/VASOprime.jpg\" alt=\"VASOprime Kompressionstherapie\" width=\"700\" height=\"260\" srcset=\"https:\/\/sanihaus.ch\/wiki\/wp-content\/uploads\/2012\/06\/VASOprime.jpg 700w, https:\/\/sanihaus.ch\/wiki\/wp-content\/uploads\/2012\/06\/VASOprime-300x111.jpg 300w\" sizes=\"auto, (max-width: 700px) 100vw, 700px\" \/><\/a><\/p>\n","protected":false},"excerpt":{"rendered":"<p>Das Lymphsystem ist ein Abflusssystem f\u00fcr \u00fcbersch\u00fcssige Gewebsfl\u00fcssigkeit und \u00fcbernimmt gleichzeitig wichtige Aufgaben des Immunsystems. Funktionsweise des Lymphsystems Fliesst Blut durch die Kapillaren, so entweicht bis zu 10% Fl\u00fcssigkeit ins Gewebe. Es ist die Aufgabe des Lymphsystems, diese Fl\u00fcssigkeit wieder in den Blutkreislauf zur\u00fcckzuf\u00fchren. Die Lymphgef\u00e4sse sind d\u00fcnnwandig und \u00fcberall im K\u00f6rper zu finden. Die &#8230; <a title=\"Lymphgef\u00e4sse\" class=\"read-more\" href=\"https:\/\/sanihaus.ch\/wiki\/gefasse\/lymphgefasse\/\" aria-label=\"Mehr Informationen \u00fcber Lymphgef\u00e4sse\">Weiterlesen<\/a><\/p>\n","protected":false},"author":1,"featured_media":0,"parent":17,"menu_order":0,"comment_status":"closed","ping_status":"closed","template":"","meta":{"footnotes":""},"class_list":["post-27","page","type-page","status-publish"],"aioseo_notices":[],"_links":{"self":[{"href":"https:\/\/sanihaus.ch\/wiki\/wp-json\/wp\/v2\/pages\/27","targetHints":{"allow":["GET"]}}],"collection":[{"href":"https:\/\/sanihaus.ch\/wiki\/wp-json\/wp\/v2\/pages"}],"about":[{"href":"https:\/\/sanihaus.ch\/wiki\/wp-json\/wp\/v2\/types\/page"}],"author":[{"embeddable":true,"href":"https:\/\/sanihaus.ch\/wiki\/wp-json\/wp\/v2\/users\/1"}],"replies":[{"embeddable":true,"href":"https:\/\/sanihaus.ch\/wiki\/wp-json\/wp\/v2\/comments?post=27"}],"version-history":[{"count":0,"href":"https:\/\/sanihaus.ch\/wiki\/wp-json\/wp\/v2\/pages\/27\/revisions"}],"up":[{"embeddable":true,"href":"https:\/\/sanihaus.ch\/wiki\/wp-json\/wp\/v2\/pages\/17"}],"wp:attachment":[{"href":"https:\/\/sanihaus.ch\/wiki\/wp-json\/wp\/v2\/media?parent=27"}],"curies":[{"name":"wp","href":"https:\/\/api.w.org\/{rel}","templated":true}]}}