{"id":195,"date":"2012-06-27T14:09:33","date_gmt":"2012-06-27T12:09:33","guid":{"rendered":"http:\/\/sanihaus.ch\/wiki\/?page_id=195"},"modified":"2017-03-16T20:39:58","modified_gmt":"2017-03-16T18:39:58","slug":"therapie-thrombose","status":"publish","type":"page","link":"https:\/\/sanihaus.ch\/wiki\/gefasse\/venen\/therapie-thrombose\/","title":{"rendered":"Therapie Thrombose"},"content":{"rendered":"<p style=\"text-align: justify;\">Thrombosen sind Blutgerinnsel, die im Normalfall im Bein auftreten. L\u00f6st sich das Gerinnsel und gelangt in die Lungenarterie, f\u00fchrt das zu einer lebensgef\u00e4hrlichen Lungenembolie. Eine rasche \u00e4rztliche Behandlung ist also dringend erforderlich, selbst wenn die Thrombose relativ symptom- und schmerzarm verl\u00e4uft.<\/p>\n<h3>Konservative Behandlung<\/h3>\n<p style=\"text-align: justify;\">Die Thrombosetherapie hat sich in der letzten Zeit gewandelt, w\u00e4hrend noch vor einigen Jahren strikte Bettruhe verordnet wurde, werden Patienten heute m\u00f6glich <strong>rasch mobilisiert<\/strong>. Viele k\u00f6nnen sogar zu Hause bleiben und m\u00fcssen nur f\u00fcr regelm\u00e4ssige Kontrollen ins Krankenhaus. Laut neuen wissenschaftlichen Untersuchungen kann dadurch bei den meisten Patienten ein ebenso gutes Ergebnis erzielt werden. Wichtig ist, dass der Patient die Symptome der Lungenembolie kennen. Atemnot, Schmerzen in der Brust, Herzrasen, Schwindel, Ohnmacht, Schweissausbr\u00fcche und Angst sind erste Anzeichen f\u00fcr eine Lungenembolie und m\u00fcssen ernst genommen werden. Wer diese Symptome nach einer <a href=\"\/wiki\/gefasse\/venen\/thrombose\/\">Thrombose<\/a> bei sich erkennt, muss sich unverz\u00fcglich ins n\u00e4chste Krankenhaus bringen lassen. Achtung: In diesem Zustand auf keinen Fall selber Auto fahren, sondern sich von Bekannten oder einem Taxi fahren lassen. Notfalls den Krankenwagen rufen.<\/p>\n<p style=\"text-align: justify;\">Bei sehr grossem Risiko f\u00fcr eine Lungenembolie (LE), ist jedoch nach wie vor Bettruhe mit leichter Hochlagerung der Beine angezeigt. Bereits nach wenigen Tagen ist das Blutgerinnsel gut vernetzt und mit der Venenwand verbunden, so dass das Risiko einer Embolie sinkt. Der Patient kann mobilisiert werden. Der Zustand des Patienten bestimmt, ob eine station\u00e4re Behandlung im Krankenhaus n\u00f6tig ist, oder aber ambulant durchgef\u00fchrt werden kann.<\/p>\n<figure style=\"width: 114px\" class=\"wp-caption alignleft\"><a href=\"\/3-kompressionsstrumpfe\"><img loading=\"lazy\" decoding=\"async\" class=\"\" src=\"\/1166-home_default\/venosan-4002-ag.jpg\" alt=\"medizinische Kompressionsstr\u00fcmpfe\" width=\"124\" height=\"124\" \/><\/a><figcaption class=\"wp-caption-text\"><strong>Medizinische Kompressionsstr\u00fcmpfe gibt&#8217;s bei Sanihaus<\/strong><\/figcaption><\/figure>\n<p style=\"text-align: justify;\"><strong>Kompressionstherapie<\/strong><\/p>\n<p style=\"text-align: justify;\">Eine Kompressionstherapie sollte in jedem Fall durchgef\u00fchrt werden, unabh\u00e4ngig ob der Patient mobil ist oder nicht. Kompressionsverb\u00e4nde oder <a href=\"\/3-kompressionsstrumpfe\">Kompressionsstr\u00fcmpfe<\/a> verbessern den ven\u00f6sen Blutfluss. Die erh\u00f6hte Fliessgeschwindigkeit verhindert, dass der Thrombus weiter w\u00e4chst. Ausserdem werden thrombosebedingte Schwellungen gelindert und die Schmerzen reduziert.<\/p>\n<p style=\"text-align: justify;\">Bei Sanihaus f\u00fchren wir eine grosse Auswahl an medizinischen Kompressionsstr\u00fcmpfen aller Klassen. Nutzen Sie bei Fragen unsere \u00e4rztliche Beratung!<\/p>\n<h3>Medikament\u00f6se Behandlung<\/h3>\n<p style=\"text-align: justify;\">Um eine Vergr\u00f6sserung des Thrombus zu verhindern, werden gerinnungshemmende Medikamente eingesetzt. Zun\u00e4chst werden heparinhaltige Pr\u00e4parate verwendet, welche ein bis zweimal t\u00e4glich mit einer Spritze appliziert werden. Im Verlauf kann auf eine orale Antikoagulation (OAK) umgestellt werden, welche mit cumarinhaltigen Substanzen erfolgt (z.B. Marcumar). Die Dauer der blutverd\u00fcnnenden Therapie ist von Patient zu Patient individuell festzulegen und kann von sechs Monaten bis lebensl\u00e4nglich sein. In speziellen F\u00e4llen ist eine operative Entfernung des Thrombus notwendig.<\/p>\n<h4>Das postthrombotische Syndrom<\/h4>\n<p style=\"text-align: justify;\">Thrombosen sch\u00e4digen die Venenwand und h\u00e4ufig auch umliegende Venenklappen. Sind die Klappen gesch\u00e4digt, ist der ven\u00f6se R\u00fcckfluss behindert, das Blut staut sich in den Venen. Dieser Venenstau ist verantwortlich f\u00fcr <a href=\"\/wiki\/gefasse\/venen\/krampfadern\/\">Krampfadern<\/a>, Schwellungen, Spannungsschmerzen, und sp\u00e4ter Hautver\u00e4nderungen und sogar das offene Bein (<a href=\"\/wiki\/gefasse\/venen\/ulcus-cruris\/\">Ulcus cruris venosum<\/a>). Bei ungef\u00e4hr 50% der Thrombosepatienten manifestiert sich das postthrombotische Syndrom. Um schwerwiegende Folgesch\u00e4den vorzubeugen werden in der Regel <strong>Kompressionsstr\u00fcmpfe der Kompressionsklasse 2<\/strong> verschrieben, die idealerweise lebensl\u00e4nglich getragen werden. Weiter kann die Venenfunktion nach Thrombosen durch regelm\u00e4ssige Aktivierung der Muskelpumpe unterst\u00fctzt werden. Es gilt, lieber Laufen und Liegen, statt Stehen und Sitzen. Ausserdem sollte das Bein nach einer Thrombose j\u00e4hrlich vom Arzt untersucht werden um das postthrombotische Syndrom m\u00f6glichst fr\u00fchzeitig zu erkennen und schwere Folgesch\u00e4den vorzubeugen.<\/p>\n<p style=\"text-align: justify;\">Was sie tun k\u00f6nnen, um eine <a title=\"Thrombosen vorbeugen\" href=\"\/wiki\/gefasse\/venen\/thrombose\/thrombosen-vorbeugen\/\">Thrombose vorzubeugen<\/a>.<\/p>\n<p style=\"text-align: justify;\"><a href=\"\/3-kompressionsstrumpfe\"><img loading=\"lazy\" decoding=\"async\" class=\"alignnone size-full wp-image-2050\" src=\"\/wiki\/wp-content\/uploads\/2012\/06\/Kompressionsstr\u00fcmpfe.jpg\" alt=\"Kompressionsstr\u00fcmpfe\" width=\"700\" height=\"260\" srcset=\"https:\/\/sanihaus.ch\/wiki\/wp-content\/uploads\/2012\/06\/Kompressionsstr\u00fcmpfe.jpg 700w, https:\/\/sanihaus.ch\/wiki\/wp-content\/uploads\/2012\/06\/Kompressionsstr\u00fcmpfe-300x111.jpg 300w\" sizes=\"auto, (max-width: 700px) 100vw, 700px\" \/><\/a><\/p>\n","protected":false},"excerpt":{"rendered":"<p>Thrombosen sind Blutgerinnsel, die im Normalfall im Bein auftreten. L\u00f6st sich das Gerinnsel und gelangt in die Lungenarterie, f\u00fchrt das zu einer lebensgef\u00e4hrlichen Lungenembolie. Eine rasche \u00e4rztliche Behandlung ist also dringend erforderlich, selbst wenn die Thrombose relativ symptom- und schmerzarm verl\u00e4uft. Konservative Behandlung Die Thrombosetherapie hat sich in der letzten Zeit gewandelt, w\u00e4hrend noch vor &#8230; <a title=\"Therapie Thrombose\" class=\"read-more\" href=\"https:\/\/sanihaus.ch\/wiki\/gefasse\/venen\/therapie-thrombose\/\" aria-label=\"Mehr Informationen \u00fcber Therapie Thrombose\">Weiterlesen<\/a><\/p>\n","protected":false},"author":1,"featured_media":0,"parent":25,"menu_order":0,"comment_status":"closed","ping_status":"closed","template":"","meta":{"footnotes":""},"class_list":["post-195","page","type-page","status-publish"],"aioseo_notices":[],"_links":{"self":[{"href":"https:\/\/sanihaus.ch\/wiki\/wp-json\/wp\/v2\/pages\/195","targetHints":{"allow":["GET"]}}],"collection":[{"href":"https:\/\/sanihaus.ch\/wiki\/wp-json\/wp\/v2\/pages"}],"about":[{"href":"https:\/\/sanihaus.ch\/wiki\/wp-json\/wp\/v2\/types\/page"}],"author":[{"embeddable":true,"href":"https:\/\/sanihaus.ch\/wiki\/wp-json\/wp\/v2\/users\/1"}],"replies":[{"embeddable":true,"href":"https:\/\/sanihaus.ch\/wiki\/wp-json\/wp\/v2\/comments?post=195"}],"version-history":[{"count":0,"href":"https:\/\/sanihaus.ch\/wiki\/wp-json\/wp\/v2\/pages\/195\/revisions"}],"up":[{"embeddable":true,"href":"https:\/\/sanihaus.ch\/wiki\/wp-json\/wp\/v2\/pages\/25"}],"wp:attachment":[{"href":"https:\/\/sanihaus.ch\/wiki\/wp-json\/wp\/v2\/media?parent=195"}],"curies":[{"name":"wp","href":"https:\/\/api.w.org\/{rel}","templated":true}]}}