{"id":191,"date":"2012-06-27T14:05:02","date_gmt":"2012-06-27T12:05:02","guid":{"rendered":"http:\/\/sanihaus.ch\/wiki\/?page_id=191"},"modified":"2020-12-05T23:44:39","modified_gmt":"2020-12-05T21:44:39","slug":"krampfadern-op","status":"publish","type":"page","link":"https:\/\/sanihaus.ch\/wiki\/gefasse\/venen\/krampfadern-op\/","title":{"rendered":"Krampfadern OP"},"content":{"rendered":"\n<figure class=\"wp-block-image size-large\"><img loading=\"lazy\" decoding=\"async\" width=\"760\" height=\"250\" src=\"https:\/\/sanihaus.ch\/wiki\/wp-content\/uploads\/2020\/12\/Krampfadern-OP.jpg\" alt=\"Krampfadern Operation\" class=\"wp-image-4488\" srcset=\"https:\/\/sanihaus.ch\/wiki\/wp-content\/uploads\/2020\/12\/Krampfadern-OP.jpg 760w, https:\/\/sanihaus.ch\/wiki\/wp-content\/uploads\/2020\/12\/Krampfadern-OP-300x99.jpg 300w\" sizes=\"auto, (max-width: 760px) 100vw, 760px\" \/><\/figure>\n\n\n\n<p><strong>Die Operation bei Krampfadern hat folgende Ziele<\/strong><\/p>\n\n\n\n<ul class=\"wp-block-list\"><li>Die Zirkulation in den Venen soll gesteigert werden.<\/li><li>Beschwerden der Stauung sollen gebessert werden.<\/li><li>Schwellungen sollen reduziert werden.<\/li><li>Reduktion der typischen Komplikationen einer ven\u00f6sen Insuffizienz: <a title=\"Ulcus cruris\" href=\"\/wiki\/gefasse\/venen\/ulcus-cruris\/\">Ulcus cruris<\/a>, <a title=\"Venenentz\u00fcndung \u2013 Phlebitis\" href=\"\/wiki\/gefasse\/venen\/venenentzundung-phlebitis\/\">Phlebitiden<\/a>, chronische Stauung, Ausschl\u00e4ge.<\/li><\/ul>\n\n\n\n<p>Die Krampfaderoperation besteht aus verschiedenen Teilschritten, die je nach Zustand einzeln oder kombiniert ausgef\u00fchrt werden:<\/p>\n\n\n\n<ul class=\"wp-block-list\"><li>Unterbrechung der erkrankten Perforansvenen ins tiefe Venensystem.<\/li><li>Unterbrechung aller zuf\u00fchrenden Venen\u00e4ste in der Leiste oder in der Kniekehle.<\/li><li>Entfernung aller erkrankten Stammvenenabschnitte.<\/li><li>Entfernung der betroffenen Seitenastvenen.<\/li><\/ul>\n\n\n\n<p><strong>Gesunde Venen sollen erhalten bleiben<\/strong>. Neben der konventionellen Operation gibt es weitere Therapiem\u00f6glichkeiten. Der Gef\u00e4sschirurge wird mit Ihnen zusammen besprechen, welches Vorgehen f\u00fcr Sie das beste ist.<\/p>\n\n\n\n<p>Bei den <strong>endoven\u00f6s thermischen Verfahren<\/strong> wird durch thermischen Schaden der definitive Gef\u00e4ssverschluss angestrebt. Das betroffene Gef\u00e4ss bleibt bei diser Therapieform im K\u00f6rper zur\u00fcck und vernarbt.<\/p>\n\n\n\n<p>Alle Verfahren m\u00fcssen sich an der klassischen Operation messen, diese ist weltweit millionenfach durchgef\u00fchrt worden und hat sich bew\u00e4hrt. Der genaue Stellenwert moderner Verfahren kann heute noch nicht konklusiv beurteilt werden. Der Gef\u00e4sschirurge, der sich ausschliesslich mit dieser Problematik befasst, kann Ihnen den exakten Stand des derzeitigen Wissens aufzeigen.<\/p>\n\n\n\n<p><strong>Die Lebensqualit\u00e4t operierter Patienten verbessert sich signifikant, dies sowohl kurzfristig wie auch \u00fcber einen l\u00e4ngeren Zeitabschnitt.<\/strong><\/p>\n\n\n\n<h3 class=\"wp-block-heading\">Nachsorge der Krampfadern OP<\/h3>\n\n\n\n<p>Unmittelbar nach dem Eingriff wird das behandelte Bein noch im Operationssaal einbandagiert. Die Bandagen sollen \u00fcberm\u00e4ssige Bluterg\u00fcsse und Schwellungen vorbeugen, ganz vermieden lassen sie sich aber nicht immer. Die Bandagen werden f\u00fcr einige Tage am Bein gelassen. Manche Kliniken machen einen oder mehrere Verbandwechsel, so dass erst nach der Nahtentfernung die Kompressionsstr\u00fcmpfe angelegt werden. In anderen Kliniken wird der Verband bereits nach drei Tagen entfernt.<\/p>\n\n\n\n<figure class=\"wp-block-image\"><a href=\"\/13-klasse-ii\"><img loading=\"lazy\" decoding=\"async\" width=\"700\" height=\"260\" src=\"\/wiki\/wp-content\/uploads\/2012\/06\/Kompressionsstr\u00fcmpfe.jpg\" alt=\"Kompressionsstr\u00fcmpfe\" class=\"wp-image-2050\" srcset=\"https:\/\/sanihaus.ch\/wiki\/wp-content\/uploads\/2012\/06\/Kompressionsstr\u00fcmpfe.jpg 700w, https:\/\/sanihaus.ch\/wiki\/wp-content\/uploads\/2012\/06\/Kompressionsstr\u00fcmpfe-300x111.jpg 300w\" sizes=\"auto, (max-width: 700px) 100vw, 700px\" \/><\/a><\/figure>\n\n\n\n<p>Anschliessend werden <a href=\"\/3-kompressionsstrumpfe\">Kompressionsstr\u00fcmpfe<\/a> verordnet, die Tragedauer ist abh\u00e4ngig von Operationstechnik und Klinik. Manche Kliniken wollen m\u00f6glichst gute Ergebnisse f\u00fcr den Patienten und raten deshalb zu l\u00e4ngerem Tragen von Kompressionsstr\u00fcmpfen, teilweise bis zu mehreren Monaten. Werbungen die den Patienten versprechen, dass sie nach der Operation keine Str\u00fcmpfe tragen m\u00fcssen, sind als eher unseri\u00f6s einzustufen. Bei keiner Operationsmethode lassen sich Schwellungen und Bluterg\u00fcsse ganz vermeiden. Ausserdem bergen Operationen in den Beinen und im Becken immer ein erh\u00f6htes Thromboserisiko, das durch Tragen von Kompressionsstr\u00fcmpfen gesenkt werden kann.<\/p>\n\n\n\n<h4 class=\"wp-block-heading\">Das kann der Patient tun<\/h4>\n\n\n\n<ul class=\"wp-block-list\"><li style=\"text-align: justify;\">Patienten sollten sich nach der Krampfadern OP genau an die Anweisungen des behandelnden Arztes halten.<\/li><li style=\"text-align: justify;\">Manchen Patienten f\u00e4llt es schwer die verordneten Kompressionsstr\u00fcmpfe regelm\u00e4ssig zu tragen. Deshalb macht es Sinn, sich beim Kauf der Str\u00fcmpfe ausf\u00fchrlich beraten zu lassen und ein Modell zu w\u00e4hlen, dass man dann auch wirklich tr\u00e4gt. Weiche, hochelastische Str\u00fcmpfe wie der Venosan 4002 oder der Sigvaris Magic sind einfach anzuziehen und bieten einen guten Tragekomfort. M\u00f6glicherweise macht eine <a href=\"\/6-zubehor-strumpfe\">Anziehhilfe<\/a> Sinn, die den Umgang mit den Str\u00fcmpfen erleichtert.<\/li><li style=\"text-align: justify;\">Gegen Schmerzen helfen Druck- und K\u00fchlbandagen wie die Veinalgic Bandage von Varisan.<\/li><li style=\"text-align: justify;\">Nach der Krampfadern Operation sollte man m\u00f6glichst liegen und laufen. Beim Sitzen muss das Bein hochgelagert werden.<\/li><\/ul>\n","protected":false},"excerpt":{"rendered":"<p>Die Operation bei Krampfadern hat folgende Ziele Die Zirkulation in den Venen soll gesteigert werden. Beschwerden der Stauung sollen gebessert werden. Schwellungen sollen reduziert werden. Reduktion der typischen Komplikationen einer ven\u00f6sen Insuffizienz: Ulcus cruris, Phlebitiden, chronische Stauung, Ausschl\u00e4ge. Die Krampfaderoperation besteht aus verschiedenen Teilschritten, die je nach Zustand einzeln oder kombiniert ausgef\u00fchrt werden: Unterbrechung der &#8230; <a title=\"Krampfadern OP\" class=\"read-more\" href=\"https:\/\/sanihaus.ch\/wiki\/gefasse\/venen\/krampfadern-op\/\" aria-label=\"Mehr Informationen \u00fcber Krampfadern OP\">Weiterlesen<\/a><\/p>\n","protected":false},"author":1,"featured_media":0,"parent":25,"menu_order":0,"comment_status":"closed","ping_status":"closed","template":"","meta":{"footnotes":""},"class_list":["post-191","page","type-page","status-publish"],"aioseo_notices":[],"_links":{"self":[{"href":"https:\/\/sanihaus.ch\/wiki\/wp-json\/wp\/v2\/pages\/191","targetHints":{"allow":["GET"]}}],"collection":[{"href":"https:\/\/sanihaus.ch\/wiki\/wp-json\/wp\/v2\/pages"}],"about":[{"href":"https:\/\/sanihaus.ch\/wiki\/wp-json\/wp\/v2\/types\/page"}],"author":[{"embeddable":true,"href":"https:\/\/sanihaus.ch\/wiki\/wp-json\/wp\/v2\/users\/1"}],"replies":[{"embeddable":true,"href":"https:\/\/sanihaus.ch\/wiki\/wp-json\/wp\/v2\/comments?post=191"}],"version-history":[{"count":0,"href":"https:\/\/sanihaus.ch\/wiki\/wp-json\/wp\/v2\/pages\/191\/revisions"}],"up":[{"embeddable":true,"href":"https:\/\/sanihaus.ch\/wiki\/wp-json\/wp\/v2\/pages\/25"}],"wp:attachment":[{"href":"https:\/\/sanihaus.ch\/wiki\/wp-json\/wp\/v2\/media?parent=191"}],"curies":[{"name":"wp","href":"https:\/\/api.w.org\/{rel}","templated":true}]}}