{"id":17,"date":"2012-06-26T16:24:28","date_gmt":"2012-06-26T14:24:28","guid":{"rendered":"http:\/\/sanihaus.ch\/wiki\/?page_id=17"},"modified":"2020-12-05T23:20:14","modified_gmt":"2020-12-05T21:20:14","slug":"gefasse","status":"publish","type":"page","link":"https:\/\/sanihaus.ch\/wiki\/gefasse\/","title":{"rendered":"Gef\u00e4sse"},"content":{"rendered":"\n<figure class=\"wp-block-image size-large\"><img loading=\"lazy\" decoding=\"async\" width=\"760\" height=\"250\" src=\"https:\/\/sanihaus.ch\/wiki\/wp-content\/uploads\/2020\/12\/Blutgefaess.jpg\" alt=\"Blutgef\u00e4ss Schema\" class=\"wp-image-4460\" srcset=\"https:\/\/sanihaus.ch\/wiki\/wp-content\/uploads\/2020\/12\/Blutgefaess.jpg 760w, https:\/\/sanihaus.ch\/wiki\/wp-content\/uploads\/2020\/12\/Blutgefaess-300x99.jpg 300w\" sizes=\"auto, (max-width: 760px) 100vw, 760px\" \/><\/figure>\n\n\n\n<p>Gef\u00e4ss bedeutet nichts anderes als eine schlauchf\u00f6rmige Leitung, welche K\u00f6rperfl\u00fcssigkeiten transportieren und speichern kann. Je nach Zusammensetzung der enthaltenen Fl\u00fcssigkeit werden Gef\u00e4sse unterteilt in:<\/p>\n\n\n\n<p><strong>Blutgef\u00e4sse: <\/strong>Wie der Name bereits verr\u00e4t, ist darin Blut entahlen. Es wird weiter unterschieden in <a title=\"Arterien\" href=\"\/wiki\/gefasse\/arterien\/\">Arterien<\/a> und <a title=\"Venen\" href=\"\/wiki\/gefasse\/venen\/\">Venen<\/a>.<\/p>\n\n\n\n<p><strong>Lymphgef\u00e4sse<\/strong>: Sammeln die Lymphfl\u00fcssigkeit und geben diese zur\u00fcck ins ven\u00f6se System.<\/p>\n\n\n\n<p>Typischerweise zeigen alle gr\u00f6sseren Gef\u00e4sse einen \u00e4hnlichen Aufbau, unabh\u00e4ngig von der transportierten Fl\u00fcssigkeit. Die sogenannte Dreischichtung ist \u00fcberall mehr oder weniger ausgepr\u00e4gt zu finden:<\/p>\n\n\n\n<ul class=\"wp-block-list\"><li><strong>Intima<\/strong> (Tunica intima)<\/li><li><strong>Media<\/strong> (Tunica media)<\/li><li><strong>Adventitia<\/strong> (Tunica adventitia)<\/li><\/ul>\n\n\n\n<p>Kapillaren unterscheiden sich von den gr\u00f6sseren Gef\u00e4ssen. Sie weisen keine Dreischichtung auf und besitzen nur eine Intima mit einer Basalmembran.<\/p>\n\n\n\n<figure class=\"wp-block-image size-large\"><img loading=\"lazy\" decoding=\"async\" width=\"760\" height=\"250\" src=\"https:\/\/sanihaus.ch\/wiki\/wp-content\/uploads\/2020\/12\/Blutgefaess-Schnitt.jpg\" alt=\"Querschnitt Blutgef\u00e4ss\" class=\"wp-image-4463\" srcset=\"https:\/\/sanihaus.ch\/wiki\/wp-content\/uploads\/2020\/12\/Blutgefaess-Schnitt.jpg 760w, https:\/\/sanihaus.ch\/wiki\/wp-content\/uploads\/2020\/12\/Blutgefaess-Schnitt-300x99.jpg 300w\" sizes=\"auto, (max-width: 760px) 100vw, 760px\" \/><\/figure>\n\n\n\n<h2 class=\"wp-block-heading\">Der Aufbau einer Gef\u00e4sswand im Detail<\/h2>\n\n\n\n<p><strong>1. Tunica intima <\/strong>bezeichnet die innerste Schicht der Blutgef\u00e4sse, welche direkt mit dem Blut in Kontakt kommt. Spezielle Zellen (Endothel) sorgen daf\u00fcr, dass eine glatte Oberfl\u00e4che entsteht und nur gewisse Stoffe passieren k\u00f6nnen. Man nennt dies auch eine semi-permeable Membran. Ist die Tunica intima besch\u00e4digt oder liegt eine Entz\u00fcndung vor, so k\u00f6nnen Zellen des Abwehrsystems haften bleiben umd Ihre Arbeit zu verrichten. Die innerste Gef\u00e4ssschicht misst gerade mal 7 bis 140 \u00b5m (Mikrometer) und ist Massgeblich an Regulierung des Tonus, Kontrolle der Austauschvorg\u00e4nge und Immunabwehr sowie an der Bildung einer <a title=\"Thrombose\" href=\"\/wiki\/gefasse\/venen\/thrombose\/\">Thrombose<\/a> beteiligt.<\/p>\n\n\n\n<p><strong>2. Tunica media<\/strong> ist die Muskelschicht, welche zwischen Intima und Adventitia liegt. Sie besteht vorwiegend aus glatten Muskelzellen und elastischen Fasern. In den Arterien ist die Media kr\u00e4ftiger als in den Venen, um dem Blutruck standzuhalten. Durch \u00c4nderung des Durchmessers (Lumen) nimmt diese Gf\u00e4sswandschicht ebenfalls and der Regulierung des Blutdrucks teil.<\/p>\n\n\n\n<p><strong> 3. Tunica adventitia<\/strong> ist die \u00e4usserste Schicht, welche aus lockerem Bindegewebe besteht und das Gef\u00e4ss sicher einbettet. Nicht nur Blutgef\u00e4sse besitzen eine Adventitia, auch die Luftr\u00f6hre, Speiser\u00f6hre, Nierenbecken u.a. sind von dieser Schicht umgeben. Sehr grosse Gef\u00e4sse werden von kleineren Gef\u00e4ssen (Vasa vasorum), welche in der Adventitia laufen.<\/p>\n\n\n\n<hr class=\"wp-block-separator\"\/>\n\n\n\n<p><strong>Weitere Artikel zum Thema Gef\u00e4sse<\/strong><\/p>\n\n\n\n<ul class=\"wp-block-list\"><li><a title=\"Blutkreislauf\" href=\"\/wiki\/gefasse\/blutkreislauf\/\">Der Blutkreislauf<\/a><\/li><li><a title=\"Arterien\" href=\"\/wiki\/gefasse\/arterien\/\">Arterien<\/a><\/li><li><a title=\"Venen\" href=\"\/wiki\/gefasse\/venen\/\">Venen<\/a><\/li><li><a title=\"Lymphgef\u00e4sse\" href=\"\/wiki\/gefasse\/lymphgefasse\/\">Lymphgef\u00e4sse<\/a><\/li><\/ul>\n","protected":false},"excerpt":{"rendered":"<p>Gef\u00e4ss bedeutet nichts anderes als eine schlauchf\u00f6rmige Leitung, welche K\u00f6rperfl\u00fcssigkeiten transportieren und speichern kann. Je nach Zusammensetzung der enthaltenen Fl\u00fcssigkeit werden Gef\u00e4sse unterteilt in: Blutgef\u00e4sse: Wie der Name bereits verr\u00e4t, ist darin Blut entahlen. Es wird weiter unterschieden in Arterien und Venen. Lymphgef\u00e4sse: Sammeln die Lymphfl\u00fcssigkeit und geben diese zur\u00fcck ins ven\u00f6se System. Typischerweise zeigen &#8230; <a title=\"Gef\u00e4sse\" class=\"read-more\" href=\"https:\/\/sanihaus.ch\/wiki\/gefasse\/\" aria-label=\"Mehr Informationen \u00fcber Gef\u00e4sse\">Weiterlesen<\/a><\/p>\n","protected":false},"author":1,"featured_media":0,"parent":0,"menu_order":0,"comment_status":"closed","ping_status":"closed","template":"","meta":{"footnotes":""},"class_list":["post-17","page","type-page","status-publish"],"aioseo_notices":[],"_links":{"self":[{"href":"https:\/\/sanihaus.ch\/wiki\/wp-json\/wp\/v2\/pages\/17","targetHints":{"allow":["GET"]}}],"collection":[{"href":"https:\/\/sanihaus.ch\/wiki\/wp-json\/wp\/v2\/pages"}],"about":[{"href":"https:\/\/sanihaus.ch\/wiki\/wp-json\/wp\/v2\/types\/page"}],"author":[{"embeddable":true,"href":"https:\/\/sanihaus.ch\/wiki\/wp-json\/wp\/v2\/users\/1"}],"replies":[{"embeddable":true,"href":"https:\/\/sanihaus.ch\/wiki\/wp-json\/wp\/v2\/comments?post=17"}],"version-history":[{"count":0,"href":"https:\/\/sanihaus.ch\/wiki\/wp-json\/wp\/v2\/pages\/17\/revisions"}],"wp:attachment":[{"href":"https:\/\/sanihaus.ch\/wiki\/wp-json\/wp\/v2\/media?parent=17"}],"curies":[{"name":"wp","href":"https:\/\/api.w.org\/{rel}","templated":true}]}}