{"id":1578,"date":"2015-11-03T17:11:07","date_gmt":"2015-11-03T15:11:07","guid":{"rendered":"http:\/\/sanihaus.ch\/wiki\/?page_id=1578"},"modified":"2017-03-16T20:50:29","modified_gmt":"2017-03-16T18:50:29","slug":"handgelenkschmerzen","status":"publish","type":"page","link":"https:\/\/sanihaus.ch\/wiki\/gelenke\/handgelenk\/handgelenkschmerzen\/","title":{"rendered":"Schmerzen im Handgelenk"},"content":{"rendered":"<p style=\"text-align: justify;\">Das Handgelenk setzt sich aus mehreren Teilgelenken zusammen. Als proximales Handgelenk wird die gelenkige Verbindung zwischen Speiche und Handwurzelknochen bezeichnet. Das Gelenk zwischen den beiden Reihen der Handwurzelknochen wird distales Handgelenk genannt. Die Handwurzelknochen sind untereinander mit straffen, kaum beweglichen Gelenken verbunden, welche die Bewegungsfreiheit des Handgelenks unterst\u00fctzen.<\/p>\n<p style=\"text-align: justify;\">Zusammengehalten wird alles von einem straffen Kapsel-Band-Apparat. An der Handr\u00fcckenseite befinden sich ausserdem Sehnenf\u00e4cher und Sehnenscheiden, welche den Strecksehnen als Gleitlager dienen. Auf der Seite der Handfl\u00e4che verlaufen die Beugesehnen, zusammen mit den Nerven unter dem Retinaculum flexorum durch den Karpaltunnel.<\/p>\n<p style=\"text-align: justify;\"><a href=\"\/28-handgelenk\"><img loading=\"lazy\" decoding=\"async\" class=\"alignnone size-full wp-image-2020\" src=\"\/wiki\/wp-content\/uploads\/2012\/08\/Handgelenkbandagen.jpg\" alt=\"Handgelenkbandagen\" width=\"700\" height=\"260\" srcset=\"https:\/\/sanihaus.ch\/wiki\/wp-content\/uploads\/2012\/08\/Handgelenkbandagen.jpg 700w, https:\/\/sanihaus.ch\/wiki\/wp-content\/uploads\/2012\/08\/Handgelenkbandagen-300x111.jpg 300w\" sizes=\"auto, (max-width: 700px) 100vw, 700px\" \/><\/a><\/p>\n<h3>Verletzungen des Handgelenks<\/h3>\n<p style=\"text-align: justify;\">Das Handgelenk kann beim Sport, aber auch bei St\u00fcrzen verletzt werden. Meist ist eine \u00dcberstreckung, z.B. wenn man probiert einen schweren Ball zu fangen, oder sich beim St\u00fcrzen aufst\u00fctzt, die Ursache f\u00fcr eine Verletzung. Der sofort einsetzende Schmerz, Schwellungen und Bewegungseinschr\u00e4nkungen sind klare Anzeichen f\u00fcr eine Verletzung. Im Zweifelsfall gilt es jetzt den Arzt aufzusuchen, um ernsthafte Verletzungen des Handgelenks auszuschliessen.<\/p>\n<p style=\"text-align: justify;\">Ansonsten kann eine stabilisierende Bandage oder Orthese die Schmerzen lindern und den Heilungsprozess unterst\u00fctzen.<\/p>\n<h4 style=\"text-align: justify;\">Geeignete Bandagen nach Handgelenksverletzung:<\/h4>\n<ul>\n<li style=\"text-align: justify;\"><a href=\"\/handgelenk\/414-bort-select-manuzip.html\">Bort Select Manu Zip<\/a><\/li>\n<li style=\"text-align: justify;\"><a href=\"\/handgelenk\/319-manuloc.html\">Bauerfeind ManuLoc Schiene<\/a><\/li>\n<li style=\"text-align: justify;\"><a href=\"\/handgelenk\/421-manubasic.html\">Bort ManuBasic<\/a><\/li>\n<li style=\"text-align: justify;\"><a href=\"\/handgelenk\/157-perfo.html\">Perfo Handgelenkbandage<\/a><\/li>\n<li style=\"text-align: justify;\"><a href=\"\/handgelenk\/79-ortho-manu-optima.html\">Ortho Manu Optima<\/a><\/li>\n<li style=\"text-align: justify;\">oder f\u00fcr <a href=\"\/handgelenk\/282-manustabil-kinder.html\">Kinder ManuStabil von Bort<\/a>.<\/li>\n<\/ul>\n<h3>\u00dcberbelastungsbedingte Beschwerden<\/h3>\n<p style=\"text-align: justify;\">Fliessbandarbeit, immer die gleiche Bewegung beim Putzen, Stricken, Musizieren oder Schreiben am Computer, das alles belastet das Handgelenk. Monotone, sich h\u00e4ufig wiederholende Bewegungsabl\u00e4ufe sind h\u00e4ufigster Ausl\u00f6ser f\u00fcr eine <a href=\"\/wiki\/neu\/bandagen-bei-sehnenscheidenentzuendung\/\"><strong>Sehnenscheidenentz\u00fcndung<\/strong><\/a> im Handgelenk. Ruhigstellen lindert die Schmerzen oft unmittelbar. Wird das Gelenk f\u00fcr mehrere Wochen durch eine geeignete Bandage ruhig gehalten, verschwindet oft auch die Entz\u00fcndung wieder. Wichtig ist es, fortan die ausl\u00f6sende Bewegung so gut als m\u00f6glich zu vermeiden, damit es nicht zu einer erneuten Entz\u00fcndung oder zu einer Chronifizierung der Beschwerden kommt.<\/p>\n<h4>Geeignete Bandagen bei Sehnenscheidenentz\u00fcndung:<\/h4>\n<ul>\n<li><a href=\"\/handgelenk\/297-manutrain.html\">Bauerfeind ManuTrain<\/a><\/li>\n<li><a href=\"\/handgelenk\/414-bort-select-manuzip.html\">Bort Select Manu Zip<\/a><\/li>\n<li><a href=\"\/handgelenk\/243-active-color-schiene.html\">Active Color Handgelenkschiene<\/a><\/li>\n<li><a href=\"\/handgelenk\/421-manubasic.html\">Bort ManuBasic<\/a><\/li>\n<li>oder <a href=\"\/handgelenk\/157-perfo.html\">Perfo Handgelenkbandage<\/a>.<\/li>\n<\/ul>\n<p style=\"text-align: justify;\">Eine weitere (teilweise) \u00fcberlastungsbedingte Erkrankung des Handgelenks ist das <a href=\"\/wiki\/gelenke\/handgelenk\/karpaltunnelsyndrom\/\">Karpaltunnelsyndrom<\/a>. Es tritt vor allem bei Frauen zwischen 40-60 Jahren auf, aber auch in der Schwangerschaft sind vielen Frauen vor\u00fcbergehend betroffen. Beim Karpaltunnelsyndrom wird durch verengte Platzverh\u00e4ltnisse im Karpaltunnel Druck auf den Medianus-Nerv ausge\u00fcbt, es kommt zu Gef\u00fchlsst\u00f6rungen in den Fingern. Ursache k\u00f6nnen eine Sehnenscheidenentz\u00fcndung, \u00fcberm\u00e4ssige Belastung, Arthrose, hormonelle Ver\u00e4nderungen in der Schwangerschaft\/Wechseljahre oder eine anlagebedingte Verengung des Karpaltunnels sein.<\/p>\n<p style=\"text-align: justify;\">Gerade bei einem \u00fcberlastungsbedingten oder schwangerschaftsbedingten Karpaltunnelsyndrom kann eine Bandage helfen die Beschwerden zu lindern und den Heilungsprozess zu unterst\u00fctzen.<\/p>\n<h4>Geeignet sind z.B. folgende Modelle:<\/h4>\n<ul>\n<li><a href=\"\/handgelenk\/324-manurhizoloc.html\">ManuRhizoLoc<\/a><\/li>\n<li><a href=\"\/handgelenk\/157-perfo.html\">Perfo Handgelenkbandage<\/a><\/li>\n<li><a href=\"\/handgelenk\/421-manubasic.html\">Bort ManuBasic<\/a><\/li>\n<li><a href=\"\/handgelenk\/414-bort-select-manuzip.html\">Bort Select ManuZip<\/a><\/li>\n<li><a href=\"\/handgelenk\/297-manutrain.html\">Bauerfeind ManuTrain<\/a><\/li>\n<\/ul>\n<p style=\"text-align: justify;\">Wenn eine bleibende Verengung des Karpaltunnels vorliegt (z.B. bei Arthrose, schlecht verheilte Verletzung, anlagebedingte Verengung), bringt eine Handgelenkbandage Erleichterung und lindert Schmerzen vor\u00fcbergehend. Hier kann langfristig aber nur eine operative Spaltung des Karpalbandes helfen.<\/p>\n<h3>Arthrose, die Abnutzung des Gelenks<\/h3>\n<p style=\"text-align: justify;\">H\u00e4ufig tritt nach einer distalen Radiusfraktur eine <a href=\"\/wiki\/gelenke\/arthrose\/\">Arthrose<\/a> auf. Oft gibt es aber keine offensichtliche Ursache f\u00fcr den Verschleiss des Gelenkknorpels. Mit zunehmendem Alter und bei konstanter, starker \u00dcberlelastung baut sich der Knorpel langsam ab und legt die Gelenkfl\u00e4chen frei. Reiben diese aneinander, ist das \u00e4usserst schmerzhaft.<\/p>\n<p style=\"text-align: justify;\">Die Behandlung der Arthrose h\u00e4ngt stark davon ab, wie stark der Verschleiss des Gelenks vorangeschritten ist und wie stark die Beschwerden sind. In einer fr\u00fchen Phase wird versucht die Beschwerden m\u00f6glichst konservativ, also mit Bandagen, K\u00e4ltebehandlungen und Physiotherapie zu behandeln.<\/p>\n<h4 style=\"text-align: justify;\">Geeignete Bandagen bei Arthrose:<\/h4>\n<p style=\"text-align: justify;\">Arthrose ist nicht heilbar. Folglich muss die Handgelenkbandage t\u00e4glich getragen werden. Wenn immer m\u00f6glich werden deshalb Bandagen gew\u00e4hlt welche die Bewegungsfreiheit nicht zu sehr einschr\u00e4nken und unauff\u00e4llig zu tragen sind. Z.B.<\/p>\n<ul>\n<li><a href=\"\/handgelenk\/82-push-care-bandage.html\">Push care Handgelenkbandage<\/a><\/li>\n<li><a href=\"\/handgelenk\/78-protect-bandage.html\">Handgelenkst\u00fctze Protect<\/a><\/li>\n<\/ul>\n<p style=\"text-align: justify;\">Bei starken Schmerzen kann auch eine st\u00e4rker stabilisierende Bandage gew\u00e4hlt werden.<\/p>\n<p style=\"text-align: justify;\">Entz\u00fcndungshemmende Medikamente und Schmerzmittel werden eingesetzt, wenn die Schmerzen unertr\u00e4glich sind.<\/p>\n<p style=\"text-align: justify;\">Verschiedene Operationen wie ein Gelenkersatz, eine Gelenkversteifung oder das Entfernen von ver\u00e4nderten Handwurzelknochen k\u00f6nnen je nach Bed\u00fcrfnis des Patienten ebenfalls eine Option darstellen.<\/p>\n<p>Alle empfohlenen Bandagen finden Sie bei Sanihaus in der Kategorie <a href=\"\/28-handgelenk\">Handgelenkbandagen<\/a>.<\/p>\n","protected":false},"excerpt":{"rendered":"<p>Das Handgelenk setzt sich aus mehreren Teilgelenken zusammen. Als proximales Handgelenk wird die gelenkige Verbindung zwischen Speiche und Handwurzelknochen bezeichnet. Das Gelenk zwischen den beiden Reihen der Handwurzelknochen wird distales Handgelenk genannt. Die Handwurzelknochen sind untereinander mit straffen, kaum beweglichen Gelenken verbunden, welche die Bewegungsfreiheit des Handgelenks unterst\u00fctzen. Zusammengehalten wird alles von einem straffen Kapsel-Band-Apparat. &#8230; <a title=\"Schmerzen im Handgelenk\" class=\"read-more\" href=\"https:\/\/sanihaus.ch\/wiki\/gelenke\/handgelenk\/handgelenkschmerzen\/\" aria-label=\"Mehr Informationen \u00fcber Schmerzen im Handgelenk\">Weiterlesen<\/a><\/p>\n","protected":false},"author":1,"featured_media":0,"parent":420,"menu_order":0,"comment_status":"closed","ping_status":"closed","template":"","meta":{"footnotes":""},"class_list":["post-1578","page","type-page","status-publish"],"aioseo_notices":[],"_links":{"self":[{"href":"https:\/\/sanihaus.ch\/wiki\/wp-json\/wp\/v2\/pages\/1578","targetHints":{"allow":["GET"]}}],"collection":[{"href":"https:\/\/sanihaus.ch\/wiki\/wp-json\/wp\/v2\/pages"}],"about":[{"href":"https:\/\/sanihaus.ch\/wiki\/wp-json\/wp\/v2\/types\/page"}],"author":[{"embeddable":true,"href":"https:\/\/sanihaus.ch\/wiki\/wp-json\/wp\/v2\/users\/1"}],"replies":[{"embeddable":true,"href":"https:\/\/sanihaus.ch\/wiki\/wp-json\/wp\/v2\/comments?post=1578"}],"version-history":[{"count":0,"href":"https:\/\/sanihaus.ch\/wiki\/wp-json\/wp\/v2\/pages\/1578\/revisions"}],"up":[{"embeddable":true,"href":"https:\/\/sanihaus.ch\/wiki\/wp-json\/wp\/v2\/pages\/420"}],"wp:attachment":[{"href":"https:\/\/sanihaus.ch\/wiki\/wp-json\/wp\/v2\/media?parent=1578"}],"curies":[{"name":"wp","href":"https:\/\/api.w.org\/{rel}","templated":true}]}}