{"id":131,"date":"2012-06-27T11:45:15","date_gmt":"2012-06-27T09:45:15","guid":{"rendered":"http:\/\/sanihaus.ch\/wiki\/?page_id=131"},"modified":"2020-12-05T23:20:58","modified_gmt":"2020-12-05T21:20:58","slug":"blutkreislauf","status":"publish","type":"page","link":"https:\/\/sanihaus.ch\/wiki\/gefasse\/blutkreislauf\/","title":{"rendered":"Der Blutkreislauf"},"content":{"rendered":"\n<div class=\"wp-block-image\"><figure class=\"alignright\"><img loading=\"lazy\" decoding=\"async\" width=\"350\" height=\"454\" src=\"\/wiki\/wp-content\/uploads\/2012\/06\/kreislauf.jpg\" alt=\"Der menschliche Blutkreislauf schematisch dargestellt.\" class=\"wp-image-135\" title=\"Kreislauf\" srcset=\"https:\/\/sanihaus.ch\/wiki\/wp-content\/uploads\/2012\/06\/kreislauf.jpg 350w, https:\/\/sanihaus.ch\/wiki\/wp-content\/uploads\/2012\/06\/kreislauf-231x300.jpg 231w\" sizes=\"auto, (max-width: 350px) 100vw, 350px\" \/><\/figure><\/div>\n\n\n\n<p>Der menschliche <strong>Blutkreislauf<\/strong> dient einerseits dem Transport von Sauerstoff und N\u00e4hrstoffen zum Organ, andererseits dem Abtransport von Kohlenstoffdioxid und Abbauprodukten. Der Blutkreislauf ist auch ein wichtiger Teil des Immunsystems und nimmt massgeblich Einfluss auf die Temperaturregulation.<\/p>\n\n\n\n<p>Wir unterscheiden den <strong>kleinen Kreislauf<\/strong>, welcher das Herz und die Lunge verbindet und den <strong>grossen Kreislauf<\/strong> zwischen Herz und allen \u00fcbrigen Organen. Die <a title=\"Gef\u00e4sse\" href=\"\/wiki\/gefasse\/\">Gef\u00e4sse<\/a>, welche vom Herz wegf\u00fchren nennt man <a title=\"Arterien\" href=\"\/wiki\/gefasse\/arterien\/\">Arterien<\/a>, die zuf\u00fchrenden Gef\u00e4sse <a title=\"Venen\" href=\"\/wiki\/gefasse\/venen\/\">Venen<\/a>. Folglich ist das Blut in den Arterien des grossen Kreislaufes sauerstoffreich, das in den Venen sauerstoffarm.<\/p>\n\n\n\n<p>Die linke Herzkammer pumpt \u00fcber Arterien sauerstoffreiches Blut zu den Organen, wo sich die Gef\u00e4sse in kleinste Haargef\u00e4sse (Kapillargef\u00e4sse) aufteilen. Kapillaren weisen keine Muskelschicht auf und erm\u00f6glichen den Austausch von N\u00e4hrstoffen und Sauerstoff. Von hier fliesst das Blut \u00fcber die Venen zur\u00fcck zur rechten Herzkammer und weiter in den Lungenkreislauf, wo es mit Sauerstoff angereichert wird.<\/p>\n","protected":false},"excerpt":{"rendered":"<p>Der menschliche Blutkreislauf dient einerseits dem Transport von Sauerstoff und N\u00e4hrstoffen zum Organ, andererseits dem Abtransport von Kohlenstoffdioxid und Abbauprodukten. Der Blutkreislauf ist auch ein wichtiger Teil des Immunsystems und nimmt massgeblich Einfluss auf die Temperaturregulation. Wir unterscheiden den kleinen Kreislauf, welcher das Herz und die Lunge verbindet und den grossen Kreislauf zwischen Herz und &#8230; <a title=\"Der Blutkreislauf\" class=\"read-more\" href=\"https:\/\/sanihaus.ch\/wiki\/gefasse\/blutkreislauf\/\" aria-label=\"Mehr Informationen \u00fcber Der Blutkreislauf\">Weiterlesen<\/a><\/p>\n","protected":false},"author":1,"featured_media":0,"parent":17,"menu_order":0,"comment_status":"closed","ping_status":"closed","template":"","meta":{"footnotes":""},"class_list":["post-131","page","type-page","status-publish"],"aioseo_notices":[],"_links":{"self":[{"href":"https:\/\/sanihaus.ch\/wiki\/wp-json\/wp\/v2\/pages\/131","targetHints":{"allow":["GET"]}}],"collection":[{"href":"https:\/\/sanihaus.ch\/wiki\/wp-json\/wp\/v2\/pages"}],"about":[{"href":"https:\/\/sanihaus.ch\/wiki\/wp-json\/wp\/v2\/types\/page"}],"author":[{"embeddable":true,"href":"https:\/\/sanihaus.ch\/wiki\/wp-json\/wp\/v2\/users\/1"}],"replies":[{"embeddable":true,"href":"https:\/\/sanihaus.ch\/wiki\/wp-json\/wp\/v2\/comments?post=131"}],"version-history":[{"count":0,"href":"https:\/\/sanihaus.ch\/wiki\/wp-json\/wp\/v2\/pages\/131\/revisions"}],"up":[{"embeddable":true,"href":"https:\/\/sanihaus.ch\/wiki\/wp-json\/wp\/v2\/pages\/17"}],"wp:attachment":[{"href":"https:\/\/sanihaus.ch\/wiki\/wp-json\/wp\/v2\/media?parent=131"}],"curies":[{"name":"wp","href":"https:\/\/api.w.org\/{rel}","templated":true}]}}