{"id":1204,"date":"2014-11-19T22:37:30","date_gmt":"2014-11-19T20:37:30","guid":{"rendered":"http:\/\/sanihaus.ch\/wiki\/?page_id=1204"},"modified":"2023-06-21T13:41:14","modified_gmt":"2023-06-21T11:41:14","slug":"thrombosen-vorbeugen","status":"publish","type":"page","link":"https:\/\/sanihaus.ch\/wiki\/gefasse\/venen\/thrombose\/thrombosen-vorbeugen\/","title":{"rendered":"Thrombosen vorbeugen"},"content":{"rendered":"<p style=\"text-align: justify;\">Die tiefe Beinvenenthrombose (TVT) tritt h\u00e4ufig auf. Ein Blutgerinnsel verstopft die Venen und behindert den Blutfluss stark bis ganz. Die Symptome sind Schmerzen an Wade, Kniekehle oder Leiste, Spannungsgef\u00fchle, Schwellungen und Hautverf\u00e4rbungen. \u00dcblicherweise nehmen die Beschwerden beim Stehen zu und beim Liegen ab. Da schwerwiegende Komplikationen auftreten k\u00f6nnen, handelt es sich bei der TVT um einen Notfall. Bei Verdacht auf eine <a title=\"Thrombose\" href=\"\/wiki\/gefasse\/venen\/thrombose\/\">Thrombose<\/a> muss umgehend einen Arzt aufgesucht werden.<\/p>\n<p style=\"text-align: justify;\">Damit es gar nicht erst so weit kommt, k\u00f6nnen einfache aber in den meisten F\u00e4llen sehr wirkungsvolle <strong>Prophylaxemassnahmen<\/strong> ergriffen werden. Besonders Personen die einen oder mehrere Risikofaktoren f\u00fcr eine Thrombose haben, sollten vorbeugende Massnahmen mit dem Arzt besprechen.<\/p>\n<p style=\"text-align: justify;\"><a href=\"\/3-kompressionsstrumpfe\"><img loading=\"lazy\" decoding=\"async\" class=\"alignnone size-full wp-image-2050\" src=\"\/wiki\/wp-content\/uploads\/2012\/06\/Kompressionsstr\u00fcmpfe.jpg\" alt=\"Kompressionsstr\u00fcmpfe\" width=\"700\" height=\"260\" srcset=\"https:\/\/sanihaus.ch\/wiki\/wp-content\/uploads\/2012\/06\/Kompressionsstr\u00fcmpfe.jpg 700w, https:\/\/sanihaus.ch\/wiki\/wp-content\/uploads\/2012\/06\/Kompressionsstr\u00fcmpfe-300x111.jpg 300w\" sizes=\"auto, (max-width: 700px) 100vw, 700px\" \/><\/a><\/p>\n<h3>Im Alltag<\/h3>\n<p style=\"text-align: justify;\">Risikofaktoren f\u00fcr eine Thormbose sind unter anderem \u00dcbergewicht, unzureichende Bewegung, Rauchen und die Einnahme der Antibabypille. All diese Faktoren k\u00f6nnen selbst beeinflusst werden. Eine gesunde Ern\u00e4hrung, viel Bewegung und ein Rauchstopp senken das Thromboserisiko. Es gibt aber auch erblich- oder krankheitsbedingte Risikofaktoren, wie Krampfadern oder Blutgerinnungsst\u00f6rungen die medikament\u00f6s und durch Tragen von medizinischen <a title=\"Kompressionsstr\u00fcmpfe\" href=\"\/3-kompressionsstrumpfe\">Kompressionsstr\u00fcmpfen<\/a> beeinflusst werden m\u00fcssen.<\/p>\n<h3>Auf Reisen<\/h3>\n<p style=\"text-align: justify;\">Auf Flugreisen bewegt man sich kaum, durch die trockene Luft wird dem K\u00f6rper Wasser entzogen, das Blut wird dickfl\u00fcssiger. Das Risiko f\u00fcr eine Thrombose steigt stark an. Ausreichendes Trinken h\u00e4lt das Blut fl\u00fcssig. Regelm\u00e4ssige Bewegungs\u00fcbungen verhindern einen Blutstau. Bewegen Sie die F\u00fcsse regelm\u00e4ssig auf und ab, kreisen Sie mit den F\u00fcssen und bewegen Sie die Beine.<\/p>\n<p style=\"text-align: justify;\">Wer Risikofaktoren aufweist oder l\u00e4nger als 4 Stunden mit Flugzeug, Bus, Auto oder Zug reist, sollte ausserdem <a title=\"Reisestr\u00fcmpfe\" href=\"\/10-reisestrumpfe\">Reisestr\u00fcmpfe<\/a> tragen. Das sind St\u00fctzstr\u00fcmpfe mit einer leichten Kompression und gutem Tragekomfort f\u00fcr unterwegs.<\/p>\n<h3>In der Schwangerschaft<\/h3>\n<p style=\"text-align: justify;\"><a href=\"\/3-kompressionsstrumpfe\"><img loading=\"lazy\" decoding=\"async\" class=\"alignright\" src=\"\/1153-home_default\/sigvaris-magic.jpg\" alt=\"Kompressionsstr\u00fcmpfe\" width=\"124\" height=\"124\" \/><\/a>Schwangerschaft, Geburt und Kaiserschnitt z\u00e4hlen ebenfalls zu den Risikofaktoren f\u00fcr eine Thrombose. In den meisten F\u00e4llen verschreibt der Gyn\u00e4kologe der Schwangeren geeignete Kompressionsstr\u00fcmpfe, um eine Thrombose vorzubeugen. Idealerweise werden die Str\u00fcmpfe bis 6 Wochen nach der Geburt getragen, wenn das Risiko wieder \u00e4hnlich gering ist, wie vor der Schwangerschaft.<\/p>\n<h3>Bei bettl\u00e4gerigen Patienten<\/h3>\n<p style=\"text-align: justify;\">Bettl\u00e4gerigkeit ist eine h\u00e4ufige Ursache f\u00fcr Thrombosen. W\u00e4hrend der Operation und in der Zeit danach werden den Patienten deshalb Antithrombosestr\u00fcmpfe angelengt. Besonders nach Verletzungen und Operationen an den Beinen oder der H\u00fcfte ist eine Thromboseprophylaxe angezeigt. Zus\u00e4tzlich zu den Antithrombosestr\u00fcmpfen, oder wenn die Str\u00fcmpfe z.B. wegen einem Gipsverband nicht getragen werden k\u00f6nnen, wird ein blutverd\u00fcnnendes Medikament gespritzt.<\/p>\n<p style=\"text-align: justify;\"><a href=\"\/71-aik\"><img loading=\"lazy\" decoding=\"async\" class=\"alignright\" src=\"\/1147-home_default\/vasoprime-wave-4-bein.jpg\" alt=\"VASOprime wave 4\" width=\"124\" height=\"124\" \/><\/a>Die <a title=\"Apparative intermittierende Kompressionstherapie\" href=\"\/wiki\/kompressionsstrumpfe\/apparative-intermittierende-kompressionstherapie\/\">apparative intermittierende Kompressionstherapie<\/a> (AIK) hat sich in zahlreichen Studien als \u00e4usserst wirksame f\u00fcr die Thromboseprophylaxe von bettl\u00e4gerigen Patienten erwiesen. Leider kommt die Technik noch zu selten zum Einsatz. Dank kosteng\u00fcnstigen Ger\u00e4ten wie dem <a title=\"VASOprime wave 4\" href=\"\/71-aik\">VASOprime wave 4<\/a> wird die AIK aber immer einfacher zug\u00e4nglich, sodass die Therapie auch f\u00fcr zu Hause zur Verf\u00fcgung steht.<\/p>\n<p>\/wiki\/gefasse\/venen\/therapie-thrombose\/<\/p>\n","protected":false},"excerpt":{"rendered":"<p>Die tiefe Beinvenenthrombose (TVT) tritt h\u00e4ufig auf. Ein Blutgerinnsel verstopft die Venen und behindert den Blutfluss stark bis ganz. Die Symptome sind Schmerzen an Wade, Kniekehle oder Leiste, Spannungsgef\u00fchle, Schwellungen und Hautverf\u00e4rbungen. \u00dcblicherweise nehmen die Beschwerden beim Stehen zu und beim Liegen ab. Da schwerwiegende Komplikationen auftreten k\u00f6nnen, handelt es sich bei der TVT um &#8230; <a title=\"Thrombosen vorbeugen\" class=\"read-more\" href=\"https:\/\/sanihaus.ch\/wiki\/gefasse\/venen\/thrombose\/thrombosen-vorbeugen\/\" aria-label=\"Mehr Informationen \u00fcber Thrombosen vorbeugen\">Weiterlesen<\/a><\/p>\n","protected":false},"author":1,"featured_media":0,"parent":85,"menu_order":0,"comment_status":"closed","ping_status":"closed","template":"","meta":{"footnotes":""},"class_list":["post-1204","page","type-page","status-publish"],"aioseo_notices":[],"_links":{"self":[{"href":"https:\/\/sanihaus.ch\/wiki\/wp-json\/wp\/v2\/pages\/1204","targetHints":{"allow":["GET"]}}],"collection":[{"href":"https:\/\/sanihaus.ch\/wiki\/wp-json\/wp\/v2\/pages"}],"about":[{"href":"https:\/\/sanihaus.ch\/wiki\/wp-json\/wp\/v2\/types\/page"}],"author":[{"embeddable":true,"href":"https:\/\/sanihaus.ch\/wiki\/wp-json\/wp\/v2\/users\/1"}],"replies":[{"embeddable":true,"href":"https:\/\/sanihaus.ch\/wiki\/wp-json\/wp\/v2\/comments?post=1204"}],"version-history":[{"count":0,"href":"https:\/\/sanihaus.ch\/wiki\/wp-json\/wp\/v2\/pages\/1204\/revisions"}],"up":[{"embeddable":true,"href":"https:\/\/sanihaus.ch\/wiki\/wp-json\/wp\/v2\/pages\/85"}],"wp:attachment":[{"href":"https:\/\/sanihaus.ch\/wiki\/wp-json\/wp\/v2\/media?parent=1204"}],"curies":[{"name":"wp","href":"https:\/\/api.w.org\/{rel}","templated":true}]}}