{"id":1146,"date":"2014-08-14T09:06:59","date_gmt":"2014-08-14T07:06:59","guid":{"rendered":"http:\/\/sanihaus.ch\/wiki\/?page_id=1146"},"modified":"2020-12-07T23:19:08","modified_gmt":"2020-12-07T21:19:08","slug":"lymphoedem","status":"publish","type":"page","link":"https:\/\/sanihaus.ch\/wiki\/gefasse\/lymphgefasse\/lymphoedem\/","title":{"rendered":"Das Lymph\u00f6dem"},"content":{"rendered":"\n<figure class=\"wp-block-image size-large\"><img loading=\"lazy\" decoding=\"async\" width=\"760\" height=\"250\" src=\"https:\/\/sanihaus.ch\/wiki\/wp-content\/uploads\/2020\/12\/Lymphoedem.jpg\" alt=\"Lymph\u00f6dem\" class=\"wp-image-4492\" srcset=\"https:\/\/sanihaus.ch\/wiki\/wp-content\/uploads\/2020\/12\/Lymphoedem.jpg 760w, https:\/\/sanihaus.ch\/wiki\/wp-content\/uploads\/2020\/12\/Lymphoedem-300x99.jpg 300w\" sizes=\"auto, (max-width: 760px) 100vw, 760px\" \/><\/figure>\n\n\n\n<h3 class=\"wp-block-heading\">Ursachen<\/h3>\n\n\n\n<p>Das Lymph\u00f6dem ist eine Schwellung des Gewebes, welche auf die verminderte Transportf\u00e4higkeit des Lymphsystems zur\u00fcckzuf\u00fchren ist. Bei einem <strong>prim\u00e4ren Lymph\u00f6dem<\/strong> ist die Ursache f\u00fcr die Wassereinlagerung nicht bekannt. Es wird davon ausgegangen, dass eine Fehlbildung der Lymphgef\u00e4sse oder eine zu geringe Anzahl Gef\u00e4sse f\u00fcr den unzureichenden Lymphtransport verantwortlich sind.<\/p>\n\n\n\n<div class=\"wp-block-image\"><figure class=\"aligncenter\"><img loading=\"lazy\" decoding=\"async\" width=\"426\" height=\"233\" src=\"\/wiki\/wp-content\/uploads\/2014\/08\/lymph\u00f6dem3.jpg\" alt=\"lymph\u00f6dem3\" class=\"wp-image-1156\" srcset=\"https:\/\/sanihaus.ch\/wiki\/wp-content\/uploads\/2014\/08\/lymph\u00f6dem3.jpg 426w, https:\/\/sanihaus.ch\/wiki\/wp-content\/uploads\/2014\/08\/lymph\u00f6dem3-300x164.jpg 300w\" sizes=\"auto, (max-width: 426px) 100vw, 426px\" \/><\/figure><\/div>\n\n\n\n<p>Beim <strong>sekund\u00e4ren Lymph\u00f6dem<\/strong> ist ein \u00e4usserer Einfluss Ausl\u00f6ser des \u00d6dems. Verletzungen, b\u00f6sartige Erkrankungen, Infektionen oder Pilzerkrankungen k\u00f6nnen Ausl\u00f6ser sein. Nach Operationen, vor allem nach Brustkrebsbehandlungen kann ein Lymph\u00f6dem auftreten. Manchmal sind es auch ganz unscheinbare Ereignisse wie ein Insektenstich, welche die Erkrankung entstehen lassen.<\/p>\n\n\n\n<p>Betroffen sind haupts\u00e4chlich Frauen, selten M\u00e4nner und in den wenigsten F\u00e4llen bereits Kinder.<\/p>\n\n\n\n<h3 class=\"wp-block-heading\">Symptome und Stadieneinteilung<\/h3>\n\n\n\n<p>Die ersten Symptome des Lymph\u00f6dems sind Schwere- und Spannungsgef\u00fchl, Kribbeln bis hin zu leichter Taubheit, schnelle Erm\u00fcdbarkeit der betroffenen Extremit\u00e4t, Hautver\u00e4nderungen und Verf\u00e4rbungen und geschwollene Fuss- oder Handr\u00fccken. Diese Symptome k\u00f6nnen bereits im <strong>Latenzstadium<\/strong> (Stadium 0) auftreten.<\/p>\n\n\n\n<p>Im <strong>reversiblen Stadium<\/strong> (Stadium 1) ist eine weiche, eindellbare Schwellung klares Anzeichen eines Lymph\u00f6dems. Werden die betroffenen Gliedmassen hochgelagert bildet sich das \u00d6dem zur\u00fcck.<\/p>\n\n\n\n<p>Anders im <strong>irreversiblen Stadium<\/strong> (Stadium 2). Die Schwellung bildet sich nicht mehr von selbst zur\u00fcck. Der unzureichende Abtransport von Eiweiss und anderen lymphpflichtigen Stoffen f\u00fchrt zur Bildung von neuem Bindegewebe. Es bilden sich Verh\u00e4rtungen (Fibrose, sp\u00e4ter Sklerose) im Bereich des \u00d6dems.<\/p>\n\n\n\n<figure class=\"wp-block-image\"><a href=\"\/82-lymphdrainage\"><img loading=\"lazy\" decoding=\"async\" width=\"700\" height=\"260\" src=\"\/wiki\/wp-content\/uploads\/2012\/06\/VASOprime.jpg\" alt=\"VASOprime Kompressionstherapie\" class=\"wp-image-2072\" srcset=\"https:\/\/sanihaus.ch\/wiki\/wp-content\/uploads\/2012\/06\/VASOprime.jpg 700w, https:\/\/sanihaus.ch\/wiki\/wp-content\/uploads\/2012\/06\/VASOprime-300x111.jpg 300w\" sizes=\"auto, (max-width: 700px) 100vw, 700px\" \/><\/a><\/figure>\n\n\n\n<p>Nimmt das Lymph\u00f6dem extreme Masse an spricht man von <strong>Elephantiasis<\/strong> (Stadium 3). Die Haut verh\u00e4rtet und bildet warzenf\u00f6rmige Wucherungen. Durch die extreme Volumen- und Gewichtzunahme der Extremit\u00e4ten ist die Bewegungsfreiheit eingeschr\u00e4nkt. Das Risiko f\u00fcr ein Lymphangiosarkom, ein Tumor der ausschliesslich auf Lymph\u00f6demen w\u00e4chst, steigt.<\/p>\n\n\n\n<h3 class=\"wp-block-heading\">Komplikationen<\/h3>\n\n\n\n<p>Wird das Lymph\u00f6dem nicht behandelt nehmen die Schwellungen immer mehr zu und auch die Haut wird gesch\u00e4digt. Verf\u00e4rbungen, Trockenheit und Schuppung sind die Folge. Eiweiss wird vom Lymphsystem nicht mehr in ausreichendem Masse abtransportiert, sodass es sich einlagert (Proteoglykane). Entz\u00fcndungen des betroffenen Gewebes f\u00fchren zu Verh\u00e4rtungen (Fibrose). Das neu entstandene Bindegewebe wuchert und verfestigt das \u00d6dem. Durch das gest\u00f6rte Immunsystem der Haut wird die Anf\u00e4lligkeit f\u00fcr Hautpilz und Wundrosen (Erysipel) erh\u00f6ht.<\/p>\n\n\n\n<h3 class=\"wp-block-heading\">Diagnose<\/h3>\n\n\n\n<div class=\"wp-block-image\"><figure class=\"alignright\"><img loading=\"lazy\" decoding=\"async\" width=\"318\" height=\"220\" src=\"\/wiki\/wp-content\/uploads\/2014\/08\/stemmer-zeichen.jpg\" alt=\"stemmer-zeichen\" class=\"wp-image-1152\" srcset=\"https:\/\/sanihaus.ch\/wiki\/wp-content\/uploads\/2014\/08\/stemmer-zeichen.jpg 318w, https:\/\/sanihaus.ch\/wiki\/wp-content\/uploads\/2014\/08\/stemmer-zeichen-300x207.jpg 300w\" sizes=\"auto, (max-width: 318px) 100vw, 318px\" \/><\/figure><\/div>\n\n\n\n<p>Die Diagnose des Lymph\u00f6dems wird durch Erhebung der Krankengeschichte und klinische Untersuchungen gestellt. Eine typische Untersuchung ist der Versuch die Haut an den Zehen anzuheben. Gelingt dies nicht spricht man vom <strong>Stemmer-Zeichen<\/strong>. Auch eine quaderf\u00f6rmige Schwellung der Zehen (<strong>Kastenziechen<\/strong>) ist ein Anzeichen f\u00fcr ein Lymph\u00f6dem. Eine weitere Untersuchungsm\u00f6glichkeit, die jeder auch selbst durchf\u00fchren kann: Die Schwellung mit dem Finger f\u00fcr ca. 10 Sekunden eindr\u00fccken. Bildet sich die Delle nicht sofort nach Druckentlastung zur\u00fcck ist das ein Anzeichen f\u00fcr eine Lymph\u00f6dem. Weitere Diagnosem\u00f6glichkeiten sind die Ultraschalluntersuchung und die Lympscintigraphie.<\/p>\n\n\n\n<h3 class=\"wp-block-heading\">Behandlung<\/h3>\n\n\n\n<p>Das Lymph\u00f6dem ist nicht heilbar, aber behandelbar. Da die Krankheit ohne Behandlung immer weiter fortschreitet ist eine m\u00f6glichst fr\u00fche Diagnose und Behandlung des Lymph\u00f6dems unabdingbar, zuwarten verschlechtert die Situation unn\u00f6tig. Denn Schwellungen im Stadium 1 lassen sich noch relativ problemlos in den Griff bekommen, w\u00e4hrend Fibrosen wie sie im Stadium 2 auftreten kaum mehr r\u00fcckg\u00e4ngig gemacht werden k\u00f6nnen.<\/p>\n\n\n\n<p>Die einzige anerkannte Behandlungsm\u00f6glichkeit bei Lymph\u00f6demen ist die <strong>komplexe physikalische Entstauungstherapie<\/strong> (KPE). Sie setzt sich aus folgenden Pfeilern zusammen:<\/p>\n\n\n\n<ul class=\"wp-block-list\"><li style=\"text-align: justify;\"><strong><img loading=\"lazy\" decoding=\"async\" class=\"size-full wp-image-1154 alignright\" src=\"\/wiki\/wp-content\/uploads\/2014\/08\/lymphdrainage.jpg\" alt=\"lymphdrainage\" width=\"150\" height=\"220\">Lymphdrainage<\/strong>: Bei der Lymphdrainage wird die Lymphe durch Massage aus dem Gewebe in die Lymphgef\u00e4sse getrieben. Zudem wird die Lymphmotorik angeregt. Durch die erh\u00f6hte Aktivit\u00e4t der Lymphkapillaren wird die Fl\u00fcssigkeit schneller abtransportiert. Neben der manuellen Lymphdrainage (MLD) kommt immer h\u00e4ufiger auch die <strong>Apparative Intermittierende Kompressionstherapie<\/strong> (AIK) zur Anwendung, welche kosteng\u00fcnstiger ist und sich in vielen Studien sogar als wirkungsvoller erwiesen hat als MLD.<br>Ein Kompressionsger\u00e4t erzeugt durch auf- und abblasen einer Manschette eine wechselnde Kompression. \u00c4hnlich wie bei der MLD wird die Aktivit\u00e4t der motorischen Lympheinheiten angeregt. Fl\u00fcssigkeit wird aus dem Gewebe in Richtung der gesunden Lymphgef\u00e4sse verschoben. Bei regelm\u00e4ssiger Anwendung von AIK kann die Anzahl MLD-Sitzungen reduziert werden. F\u00fcr die pers\u00f6nliche Anwendung konzipierte AIK-Ger\u00e4te wie das <a title=\"VASOprime wave 4\" href=\"\/aik\/363-vasoprime-wave-4-bein.html\">VASOprime wave4<\/a> erm\u00f6glichen es, die Therapie selbst\u00e4ndig zu Hause durchzuf\u00fchren. Der behandelnde Arzt instruiert seine Patienten wie die AIK im individuellen Fall durchgef\u00fchrt wird und wie das bestehende Therapiekonzept angepasst werden kann.<\/li><li style=\"text-align: justify;\"><strong>Kompressionstherapie<\/strong>: In der ersten Behandlungsphase (Entstauung) legt der Therapeut dem Patienten nach der Lymphdrainage zweilagige, kurzzugige Kompressionsverb\u00e4nde an. Der Druck verhindert erneute Fl\u00fcssigkeitsansammlungen. In einer zweiten Therapiephase (Erhaltung) werden die Verb\u00e4nde durch lymphologische <a title=\"Kompressionsstr\u00fcmpfe\" href=\"\/3-kompressionsstrumpfe\">Kompressionsstr\u00fcmpfe<\/a> ersetzt. Meist sind es flachgestrickte Kompressionsstr\u00fcmpfe welche mindestens die Kompressionsklasse 2 aufweisen.<\/li><li style=\"text-align: justify;\"><strong>Hautpflege<\/strong>: Lymph\u00f6dem-Patientinnen sind h\u00e4ufig von Hautproblemen betroffen. Eine gezielte, regelm\u00e4ssige Hautpflege ist deshalb wichtig. Es sollten immer Produkte ohne Konservierungsstoffe angewendet werden die vom Arzt oder Apotheker empfohlen wurden. Achtung bei selbstgekauften Produkten, auch Naturmedizin, diese k\u00f6nnen h\u00e4ufig Ausschl\u00e4ge und Reizungen verursachen.<\/li><li style=\"text-align: justify;\"><strong>Gewichtskontrolle<\/strong>: Das Lymphsystem wird durch \u00dcbergewicht zus\u00e4tzlich belastet. Durch gesunde Ern\u00e4hrung und Bewegung sollte das Normalgewicht angestrebt werden.<\/li><li style=\"text-align: justify;\"><strong>Entstauungs\u00fcbungen, Sport<\/strong>: Bewegung regt das Lymphsystem an. T\u00e4gliche Spazierg\u00e4nge, Gymnastik\u00fcbungen, Schwimmen und Radfahren sind bei einem Lymph\u00f6dem ideal. Spezielle Entstauungs\u00fcbungen k\u00f6nnen die Lymphangiome zus\u00e4tzlich anregen. Vorsicht geboten ist bei Sportarten mit ruckartigen Bewegungen und grossen Belastungen f\u00fcr die betroffenen Extremit\u00e4ten. Tragen Sie w\u00e4hrend dem Bewegungsprogramm Kompressionsstr\u00fcmpfe oder Verb\u00e4nde.<\/li><\/ul>\n\n\n\n<h3 class=\"wp-block-heading\">Weitere Massnahmen<\/h3>\n\n\n\n<p>Die Behandlung kann bei einem Lymph\u00f6dem im Stadium 1 ambulant erfolgen. Bei sehr jungen Patientinnen und bei einem Lymph\u00f6dem im Stadium 2 ist meist ein Klinikaufenthalt in einer Lymphklinik oder in einer spezialisierten Abteilung einer Allgemeinklinik angezeigt. Dort f\u00fcllt die Behandlung den ganzen Tag aus. Neben Lymphdrainage werden die Betroffenen instruiert wie sie sich gesund ern\u00e4hren k\u00f6nnen, machen t\u00e4glich Gymnastik\u00fcbungen, werden in der Hautpflege und Selbstbehandlung angeleitet und psychologisch betreut.<\/p>\n\n\n\n<p>Besonders junge Patientinnen profitieren vom Kontakt mit anderen Lymph\u00f6dem-Patientinnen und gewinnen neues Selbstvertrauen. Durch die guten Therapieerfolge mit grosser Volumenabnahme, welche meist in der dritten Woche einsetzen werden Betroffene ausserdem motiviert, die Kompressionstherapie auch nach dem Klinikaufenthalt konsequent weiterzuf\u00fchren.<\/p>\n\n\n\n<p>Lymph\u00f6dem- Patienten sollten gut auf sich achten und k\u00f6rperliche \u00dcberanstrengung vermeiden. Folgende Tipps k\u00f6nnen Komplikationen und Beschwerden vorbeugen:<\/p>\n\n\n\n<ul class=\"wp-block-list\"><li>Lockere Kleidung tragen, Schuhe (<a title=\"Spezialschuhe\" href=\"\/61-spezialschuhe\">Spezialschuhe<\/a>) w\u00e4hlen die nicht einschneiden<\/li><li>Bei Armlymph\u00f6dem keine Armbanduhr, Fingerringe und Ketten tragen<\/li><li>Die Haut regelm\u00e4ssig pflegen und sch\u00fctzen, beim N\u00e4gelschneiden vorsichtig sein und Verletzungen vermieden<\/li><li>Darauf achten, dass bei Arztbesuchen keine Blutentnahme, Blutdruckmessung oder Akupunktur an den betroffenen Gliedmassen durchgef\u00fchrt wird<\/li><li>W\u00e4rmeeinwirkung (Solarium, Sauna, Fango) vermieden, m\u00f6glichst nicht in warme Gebiete reisen<\/li><li>Auf Reisen Pausen einplanen und sich regelm\u00e4ssig bewegen<\/li><li>Hautverletzungen durch Haustiere, K\u00fcchenmesser, Gartenger\u00e4te, Dornen etc. vermeiden<\/li><li><a title=\"Keilsitzkissen\" href=\"\/sitzkissen\/220-tempur-keil.html\">Keilkissen<\/a> oder <a title=\"Spezialkissen\" href=\"\/60-spezial\">Spezialkissen<\/a> zur leichten Hochlagerung der betroffenen Gliedmassen<\/li><\/ul>\n\n\n\n<p>Lymphe besteht haupts\u00e4chlich aus Wasser und Eiweiss, bildet also einen idealen N\u00e4hrboden f\u00fcr Keime. Lymph\u00f6dem-Patienten sollten deshalb jegliche <strong>Verletzungen der Haut vermeiden<\/strong>. Kommt es trotzdem einmal zu einem Schnitt unbedingt desinfizieren und allenfalls den Arzt aufsuchen, um sich Antibiotika verschreiben zu lassen. Auf Reisen empfiehlt es sich immer vorsorglich Antibiotika mitzuf\u00fchren.<\/p>\n\n\n\n<p>Wir w\u00fcnschen Ihnen viel Kraft f\u00fcr eine erfolgreiche Therapie!<\/p>\n\n\n\n<hr class=\"wp-block-separator\"\/>\n\n\n\n<p>Weiterf\u00fchrende Informationen und Links<\/p>\n\n\n\n<ul class=\"wp-block-list\"><li><a title=\"Sanihaus\" href=\"https:\/\/sanihaus.ch\">Sanihaus<\/a> &#8211; f\u00fcr eine gezielte Behandlung (kostenlose \u00e4rztliche Beratung)<\/li><\/ul>\n","protected":false},"excerpt":{"rendered":"<p>Ursachen Das Lymph\u00f6dem ist eine Schwellung des Gewebes, welche auf die verminderte Transportf\u00e4higkeit des Lymphsystems zur\u00fcckzuf\u00fchren ist. Bei einem prim\u00e4ren Lymph\u00f6dem ist die Ursache f\u00fcr die Wassereinlagerung nicht bekannt. Es wird davon ausgegangen, dass eine Fehlbildung der Lymphgef\u00e4sse oder eine zu geringe Anzahl Gef\u00e4sse f\u00fcr den unzureichenden Lymphtransport verantwortlich sind. Beim sekund\u00e4ren Lymph\u00f6dem ist ein &#8230; <a title=\"Das Lymph\u00f6dem\" class=\"read-more\" href=\"https:\/\/sanihaus.ch\/wiki\/gefasse\/lymphgefasse\/lymphoedem\/\" aria-label=\"Mehr Informationen \u00fcber Das Lymph\u00f6dem\">Weiterlesen<\/a><\/p>\n","protected":false},"author":1,"featured_media":0,"parent":27,"menu_order":1,"comment_status":"closed","ping_status":"closed","template":"","meta":{"footnotes":""},"class_list":["post-1146","page","type-page","status-publish"],"aioseo_notices":[],"_links":{"self":[{"href":"https:\/\/sanihaus.ch\/wiki\/wp-json\/wp\/v2\/pages\/1146","targetHints":{"allow":["GET"]}}],"collection":[{"href":"https:\/\/sanihaus.ch\/wiki\/wp-json\/wp\/v2\/pages"}],"about":[{"href":"https:\/\/sanihaus.ch\/wiki\/wp-json\/wp\/v2\/types\/page"}],"author":[{"embeddable":true,"href":"https:\/\/sanihaus.ch\/wiki\/wp-json\/wp\/v2\/users\/1"}],"replies":[{"embeddable":true,"href":"https:\/\/sanihaus.ch\/wiki\/wp-json\/wp\/v2\/comments?post=1146"}],"version-history":[{"count":0,"href":"https:\/\/sanihaus.ch\/wiki\/wp-json\/wp\/v2\/pages\/1146\/revisions"}],"up":[{"embeddable":true,"href":"https:\/\/sanihaus.ch\/wiki\/wp-json\/wp\/v2\/pages\/27"}],"wp:attachment":[{"href":"https:\/\/sanihaus.ch\/wiki\/wp-json\/wp\/v2\/media?parent=1146"}],"curies":[{"name":"wp","href":"https:\/\/api.w.org\/{rel}","templated":true}]}}