{"id":1104,"date":"2014-07-25T08:43:46","date_gmt":"2014-07-25T06:43:46","guid":{"rendered":"http:\/\/sanihaus.ch\/wiki\/?page_id=1104"},"modified":"2017-03-16T20:54:52","modified_gmt":"2017-03-16T18:54:52","slug":"beratung-fuer-badewannenlifte","status":"publish","type":"page","link":"https:\/\/sanihaus.ch\/wiki\/beratung-fuer-badewannenlifte\/","title":{"rendered":"Sanihaus Beratung f\u00fcr Badewannenlifte"},"content":{"rendered":"<p style=\"text-align: justify;\">Bitte f\u00fcllen Sie das Formular aus oder kontaktieren Sie uns telefonisch unter 071 544 02 11. Zur Best\u00e4tigung erhalten Sie eine E-Mail, ein Berater wir mit Ihnen Kontakt aufnehmen.<\/p>\n<hr \/>\n<p><img loading=\"lazy\" decoding=\"async\" class=\"alignright size-full wp-image-1121\" src=\"\/wiki\/wp-content\/uploads\/2014\/07\/badelift-beratung.jpg\" alt=\"badelift-beratung\" width=\"253\" height=\"473\" srcset=\"https:\/\/sanihaus.ch\/wiki\/wp-content\/uploads\/2014\/07\/badelift-beratung.jpg 253w, https:\/\/sanihaus.ch\/wiki\/wp-content\/uploads\/2014\/07\/badelift-beratung-160x300.jpg 160w\" sizes=\"auto, (max-width: 253px) 100vw, 253px\" \/><br \/>\n<!-- AWeber Web Form Generator 3.0.1 --><\/p>\n<style type=\"text\/css\">\n#af-form-1239394673 .af-body .af-textWrap{width:98%;display:block;float:none;}<br \/>#af-form-1239394673 .af-body input.text, #af-form-1239394673 .af-body textarea{background-color:#FFFFFF;border-color:#919191;border-width:1px;border-style:solid;color:#000000;text-decoration:none;font-style:normal;font-weight:normal;font-size:12px;font-family:Verdana, sans-serif;}<br \/>#af-form-1239394673 .af-body input.text:focus, #af-form-1239394673 .af-body textarea:focus{background-color:#FFFAD6;border-color:#030303;border-width:1px;border-style:solid;}<br \/>#af-form-1239394673 .af-body label.previewLabel{display:block;float:none;text-align:left;width:auto;color:#000000;text-decoration:none;font-style:normal;font-weight:normal;font-size:12px;font-family:Verdana, sans-serif;}<br \/>#af-form-1239394673 .af-body{padding-bottom:15px;padding-top:15px;background-repeat:no-repeat;background-position:inherit;background-image:none;color:#000000;font-size:11px;font-family:Verdana, sans-serif;}<br \/>#af-form-1239394673 .af-quirksMode{padding-right:15px;padding-left:15px;}<br \/>#af-form-1239394673 .af-standards .af-element{padding-right:15px;padding-left:15px;}<br \/>#af-form-1239394673 .buttonContainer input.submit{background-image:url(\"https:\/\/forms.aweber.com\/images\/auto\/gradient\/button\/39b.png\");background-position:top left;background-repeat:repeat-x;background-color:#13799b;border:1px solid #13799b;color:#FFFFFF;text-decoration:none;font-style:normal;font-weight:normal;font-size:14px;font-family:Verdana, sans-serif;}<br \/>#af-form-1239394673 .buttonContainer input.submit{width:auto;}<br \/>#af-form-1239394673 .buttonContainer{text-align:right;}<br \/>#af-form-1239394673 button,#af-form-1239394673 input,#af-form-1239394673 submit,#af-form-1239394673 textarea,#af-form-1239394673 select,#af-form-1239394673 label,#af-form-1239394673 optgroup,#af-form-1239394673 option{float:none;position:static;margin:0;}<br \/>#af-form-1239394673 div{margin:0;}<br \/>#af-form-1239394673 form,#af-form-1239394673 textarea,.af-form-wrapper,.af-form-close-button,#af-form-1239394673 img{float:none;color:inherit;position:static;background-color:none;border:none;margin:0;padding:0;}<br \/>#af-form-1239394673 input,#af-form-1239394673 button,#af-form-1239394673 textarea,#af-form-1239394673 select{font-size:100%;}<br \/>#af-form-1239394673 select,#af-form-1239394673 label,#af-form-1239394673 optgroup,#af-form-1239394673 option{padding:0;}<br \/>#af-form-1239394673,#af-form-1239394673 .quirksMode{width:100%;max-width:271px;}<br \/>#af-form-1239394673.af-quirksMode{overflow-x:hidden;}<br \/>#af-form-1239394673{background-color:#F0F0F0;border-color:#CFCFCF;border-width:1px;border-style:solid;}<br \/>#af-form-1239394673{display:block;}<br \/>#af-form-1239394673{overflow:hidden;}<br \/>.af-body .af-textWrap{text-align:left;}<br \/>.af-body input.image{border:none!important;}<br \/>.af-body input.submit,.af-body input.image,.af-form .af-element input.button{float:none!important;}<br \/>.af-body input.text{width:100%;float:none;padding:2px!important;}<br \/>.af-body.af-standards input.submit{padding:4px 12px;}<br \/>.af-clear{clear:both;}<br \/>.af-element label{text-align:left;display:block;float:left;}<br \/>.af-element{padding-bottom:5px;padding-top:5px;}<br \/>.af-form-wrapper{text-indent:0;}<br \/>.af-form{text-align:left;margin:auto;}<br \/>.af-quirksMode .af-element{padding-left:0!important;padding-right:0!important;}<br \/>.lastNameContainer{margin-top:10px;}<br \/>.lbl-right .af-element label{text-align:right;}<br \/>body {<br \/>}<br \/><\/style>\n<form class=\"af-form-wrapper\" accept-charset=\"UTF-8\" action=\"https:\/\/www.aweber.com\/scripts\/addlead.pl\" method=\"post\">\n<div style=\"display: none;\"><input name=\"meta_web_form_id\" type=\"hidden\" value=\"1239394673\" \/><br \/>\n<input name=\"meta_split_id\" type=\"hidden\" value=\"\" \/><br \/>\n<input name=\"listname\" type=\"hidden\" value=\"badelift\" \/><br \/>\n<input id=\"redirect_674a901abda714964c454eba4e6a1397\" name=\"redirect\" type=\"hidden\" value=\"\" \/><input name=\"meta_adtracking\" type=\"hidden\" value=\"Badelift-Interessenten\" \/><br \/>\n<input name=\"meta_message\" type=\"hidden\" value=\"1\" \/><br \/>\n<input name=\"meta_required\" type=\"hidden\" value=\"name (awf_first),name (awf_last),custom Adresse,custom PLZ Ort,custom Ort,custom Telefon,email\" \/><input name=\"meta_tooltip\" type=\"hidden\" value=\"\" \/><\/div>\n<div id=\"af-form-1239394673\" class=\"af-form\">\n<div id=\"af-body-1239394673\" class=\"af-body af-standards\">\n<div class=\"af-element\">\n<p><label class=\"previewLabel\" for=\"awf_field-64146890-first\">Vorname<\/label><\/p>\n<div class=\"af-textWrap\"><input id=\"awf_field-64146890-first\" class=\"text\" tabindex=\"500\" name=\"name (awf_first)\" type=\"text\" value=\"\" \/><\/div>\n<div class=\"af-clear\"><\/div>\n<\/div>\n<div class=\"af-element\">\n<p><label class=\"previewLabel\" for=\"awf_field-64146890-last\">Nachname<\/label><\/p>\n<div class=\"af-textWrap\"><input id=\"awf_field-64146890-last\" class=\"text\" tabindex=\"501\" name=\"name (awf_last)\" type=\"text\" value=\"\" \/><\/div>\n<div class=\"af-clear\"><\/div>\n<\/div>\n<div class=\"af-element\">\n<p><label class=\"previewLabel\" for=\"awf_field-64146891\">Adresse<\/label><\/p>\n<div class=\"af-textWrap\"><input id=\"awf_field-64146891\" class=\"text\" tabindex=\"502\" name=\"custom Adresse\" type=\"text\" value=\"\" \/><\/div>\n<div class=\"af-clear\"><\/div>\n<\/div>\n<div class=\"af-element\">\n<p><label class=\"previewLabel\" for=\"awf_field-64146892\">PLZ<\/label><\/p>\n<div class=\"af-textWrap\"><input id=\"awf_field-64146892\" class=\"text\" tabindex=\"503\" name=\"custom PLZ Ort\" type=\"text\" value=\"\" \/><\/div>\n<div class=\"af-clear\"><\/div>\n<\/div>\n<div class=\"af-element\">\n<p><label class=\"previewLabel\" for=\"awf_field-64146893\">Ort<\/label><\/p>\n<div class=\"af-textWrap\"><input id=\"awf_field-64146893\" class=\"text\" tabindex=\"504\" name=\"custom Ort\" type=\"text\" value=\"\" \/><\/div>\n<div class=\"af-clear\"><\/div>\n<\/div>\n<div class=\"af-element\">\n<p><label class=\"previewLabel\" for=\"awf_field-64146894\">Telefon<\/label><\/p>\n<div class=\"af-textWrap\"><input id=\"awf_field-64146894\" class=\"text\" tabindex=\"505\" name=\"custom Telefon\" type=\"text\" value=\"\" \/><\/div>\n<div class=\"af-clear\"><\/div>\n<\/div>\n<div class=\"af-element\">\n<p><label class=\"previewLabel\" for=\"awf_field-64146895\">Email<\/label><\/p>\n<div class=\"af-textWrap\"><input id=\"awf_field-64146895\" class=\"text\" tabindex=\"506\" name=\"email\" type=\"text\" value=\"\" \/><\/div>\n<div class=\"af-clear\"><\/div>\n<\/div>\n<div class=\"af-element buttonContainer\">\n<p><input class=\"submit\" tabindex=\"507\" name=\"submit\" type=\"submit\" value=\"Absenden\" \/><\/p>\n<div class=\"af-clear\"><\/div>\n<\/div>\n<\/div>\n<\/div>\n<div style=\"display: none;\"><img decoding=\"async\" src=\"https:\/\/forms.aweber.com\/form\/displays.htm?id=jEzMnMycLGzszA==\" alt=\"\" \/><\/div>\n<\/form>\n<p><script type=\"text\/javascript\">\n    <!-- (function() { var IE = \/*@cc_on!@*\/false; if (!IE) { return; } if (document.compatMode && document.compatMode == 'BackCompat') { if (document.getElementById(\"af-form-1239394673\")) { document.getElementById(\"af-form-1239394673\").className = 'af-form af-quirksMode'; } if (document.getElementById(\"af-body-1239394673\")) { document.getElementById(\"af-body-1239394673\").className = \"af-body inline af-quirksMode\"; } if (document.getElementById(\"af-header-1239394673\")) { document.getElementById(\"af-header-1239394673\").className = \"af-header af-quirksMode\"; } if (document.getElementById(\"af-footer-1239394673\")) { document.getElementById(\"af-footer-1239394673\").className = \"af-footer af-quirksMode\"; } } })(); -->\n<\/script><br \/>\n<script type=\"text\/javascript\">document.getElementById('redirect_674a901abda714964c454eba4e6a1397').value = document.location;<\/script><br \/>\n<!-- \/AWeber Web Form Generator 3.0.1 --><\/p>\n<hr \/>\n<p><img loading=\"lazy\" decoding=\"async\" class=\"aligncenter\" src=\"\/img\/Badelift-Gutschein.png\" alt=\"Badewannenlift Gutschein\" width=\"350\" height=\"310\" \/><\/p>\n<p style=\"text-align: justify;\">F\u00fcllen Sie das Formular aus und klicken Sie auf Absenden. Zur Best\u00e4tigung erhalten Sie umgehend eine e-Mail von uns mit Ihrem pers\u00f6nlichen Gutschein im Wert von CHF 300.-.<\/p>\n","protected":false},"excerpt":{"rendered":"<p>Bitte f\u00fcllen Sie das Formular aus oder kontaktieren Sie uns telefonisch unter 071 544 02 11. Zur Best\u00e4tigung erhalten Sie eine E-Mail, ein Berater wir mit Ihnen Kontakt aufnehmen. Vorname Nachname Adresse PLZ Ort Telefon Email F\u00fcllen Sie das Formular aus und klicken Sie auf Absenden. Zur Best\u00e4tigung erhalten Sie umgehend eine e-Mail von uns &#8230; <a title=\"Sanihaus Beratung f\u00fcr Badewannenlifte\" class=\"read-more\" href=\"https:\/\/sanihaus.ch\/wiki\/beratung-fuer-badewannenlifte\/\" aria-label=\"Mehr Informationen \u00fcber Sanihaus Beratung f\u00fcr Badewannenlifte\">Weiterlesen<\/a><\/p>\n","protected":false},"author":1,"featured_media":0,"parent":0,"menu_order":0,"comment_status":"closed","ping_status":"closed","template":"","meta":{"footnotes":""},"class_list":["post-1104","page","type-page","status-publish"],"aioseo_notices":[],"_links":{"self":[{"href":"https:\/\/sanihaus.ch\/wiki\/wp-json\/wp\/v2\/pages\/1104","targetHints":{"allow":["GET"]}}],"collection":[{"href":"https:\/\/sanihaus.ch\/wiki\/wp-json\/wp\/v2\/pages"}],"about":[{"href":"https:\/\/sanihaus.ch\/wiki\/wp-json\/wp\/v2\/types\/page"}],"author":[{"embeddable":true,"href":"https:\/\/sanihaus.ch\/wiki\/wp-json\/wp\/v2\/users\/1"}],"replies":[{"embeddable":true,"href":"https:\/\/sanihaus.ch\/wiki\/wp-json\/wp\/v2\/comments?post=1104"}],"version-history":[{"count":0,"href":"https:\/\/sanihaus.ch\/wiki\/wp-json\/wp\/v2\/pages\/1104\/revisions"}],"wp:attachment":[{"href":"https:\/\/sanihaus.ch\/wiki\/wp-json\/wp\/v2\/media?parent=1104"}],"curies":[{"name":"wp","href":"https:\/\/api.w.org\/{rel}","templated":true}]}}