{"id":1019,"date":"2014-05-31T12:42:00","date_gmt":"2014-05-31T10:42:00","guid":{"rendered":"http:\/\/sanihaus.ch\/wiki\/?page_id=1019"},"modified":"2019-10-30T14:47:02","modified_gmt":"2019-10-30T12:47:02","slug":"haemorrhoiden","status":"publish","type":"page","link":"https:\/\/sanihaus.ch\/wiki\/gefasse\/venen\/haemorrhoiden\/","title":{"rendered":"H\u00e4morrhoiden und was man dagegen tun kann"},"content":{"rendered":"<p style=\"text-align: justify;\">H\u00e4morrhoiden sind meist altersbedingt und treten zwischen dem 45 und 65 Lebensjahr auf. M\u00e4nner und Frauen sind etwa gleich h\u00e4ufig betroffen. Nicht alle H\u00e4morrhoiden verursachen auch ein H\u00e4morrhoidalleiden.<\/p>\n<p style=\"text-align: justify;\">H\u00e4morrhoiden sind nichts anderes als Blutgef\u00e4sspolster (Schwellk\u00f6rper) in der Enddarmschleimhaut. Sie dienen zum vollst\u00e4ndigen Verschluss des Darms, denn auch bei geschlossenem Schliessmuskel w\u00fcrde eine ca. 1 cm grosse \u00d6ffnung bestehen bleiben. Die Polster (H\u00e4morrhoidalplexus) umgeben den After ringf\u00f6rmig. Das Blut wird durch den inneren Schliessmuskel am Abfluss aus dem H\u00e4morrhoidalplexus gehindert. Der ven\u00f6se Abfluss des Bluts wird erst durch Lockerung des inneren Schliessmuskels m\u00f6glich. Dieser Vorgang geschieht unwillk\u00fcrlich beim Stuhlgang.<\/p>\n<p style=\"text-align: justify;\"><img loading=\"lazy\" decoding=\"async\" class=\"alignnone size-full wp-image-2107\" src=\"\/wiki\/wp-content\/uploads\/2014\/05\/Wundprosan-Procto.jpg\" alt=\"Wundprosan-Procto\" width=\"700\" height=\"260\" srcset=\"https:\/\/sanihaus.ch\/wiki\/wp-content\/uploads\/2014\/05\/Wundprosan-Procto.jpg 700w, https:\/\/sanihaus.ch\/wiki\/wp-content\/uploads\/2014\/05\/Wundprosan-Procto-300x111.jpg 300w\" sizes=\"auto, (max-width: 700px) 100vw, 700px\" \/><\/p>\n<h3 style=\"text-align: justify;\">Ursachen f\u00fcr H\u00e4morrhoidalleiden<\/h3>\n<p style=\"text-align: justify;\">H\u00e4morrhoidalleiden, also die st\u00f6rende oder schmerzhafte knotenf\u00f6rmige Vergr\u00f6sserung der Gef\u00e4sse tritt im Normalfall altersbedingt auf. Das Gewebe welches den H\u00e4morrhoidalplexus umgibt wird schw\u00e4cher und gibt unter dem Druck der arterioven\u00f6sen Gef\u00e4sse nach. Die H\u00e4morrhoidalknoten vergr\u00f6ssern sich und ragen in den Analkanal hinein.<\/p>\n<h3 style=\"text-align: justify;\">Symptome und Klassifikation<\/h3>\n<p style=\"text-align: justify;\">Der Schweregrad einer H\u00e4morrhoiden Erkrankung wird an vier Stufen unterteilt:<\/p>\n<ul style=\"text-align: justify;\">\n<li><strong>H\u00e4morrhoiden 1. Grades<\/strong>: \u201eInnere\u201c H\u00e4morrhoiden, welche nicht durch den After nach aussen treten sind unter anderem an den hellroten, schmerzfreien Blutspuren auf der Stuhloberfl\u00e4che oder auf dem Toilettenpapier zu erkennen. Meist werden keine weiteren Symptome oder Beschwerden festgestellt. Die H\u00e4morrhoiden k\u00f6nnen nur bei einer proktoskopischen Untersuchung dargestellt werden.<\/li>\n<li><strong>H\u00e4morrhoiden 2. Grades<\/strong>: Hier treten ebenfalls hellrote Blutungen auf. Beim Pressen treten die Knoten aus dem Analkanal hervor. Sie ziehen sich bereits nach kurzer Zeit wieder von selbst zur\u00fcck. Durch den gelegentlichen Vorfall der H\u00e4morrhoiden wird die Schleimproduktion erh\u00f6ht und es kommt zu \u201eN\u00e4ssen\u201c und als Folge davon auch zu Ekzemen.<\/li>\n<li><strong>H\u00e4morrhoiden 3. Grades<\/strong>: Auch bei geringer Anstrengung k\u00f6nnen die H\u00e4morrhoidalknoten vorfallen. Nach dem Stuhlgang m\u00fcssen sie wieder in den Darm geschoben werden (Reposition), denn von selbst ziehen sich die Knoten nicht mehr zur\u00fcck. Es kann auch zu Einklemmungen und Blutungen kommen.<\/li>\n<li><strong>H\u00e4morrhoiden 4. Grades<\/strong>: Die H\u00e4morrhoidalknoten treten immer aus dem After, eine Reposition ist nicht mehr m\u00f6glich. Hier spricht man auch von einem Analprolaps.<\/li>\n<\/ul>\n<h3 style=\"text-align: justify;\">Behandlung<\/h3>\n<p style=\"text-align: justify;\"><img loading=\"lazy\" decoding=\"async\" class=\"size-full wp-image-3546 alignleft\" src=\"https:\/\/sanihaus.ch\/wiki\/wp-content\/uploads\/2019\/10\/codyn-ringsitzkissen.jpg\" alt=\"\" width=\"200\" height=\"200\" srcset=\"https:\/\/sanihaus.ch\/wiki\/wp-content\/uploads\/2019\/10\/codyn-ringsitzkissen.jpg 200w, https:\/\/sanihaus.ch\/wiki\/wp-content\/uploads\/2019\/10\/codyn-ringsitzkissen-150x150.jpg 150w\" sizes=\"auto, (max-width: 200px) 100vw, 200px\" \/>Wenn h\u00e4ufig Blut im Stuhl ist, sollte zur genauen Abkl\u00e4rung der Ursache immer einen Arzt aufgesucht werden. Wenn H\u00e4morrhoiden 1. Grades ohne weiteren Beschwerden diagnostiziert werden, ist meist keine Behandlung n\u00f6tig. Bei H\u00e4morrhoiden 2. und 3. Grades ist eine medikament\u00f6se oder ambulante Behandlung angezeigt. Wann genau operiert wird, m\u00fcssen Arzt und Patient in jedem einzelnen Fall individuell festlegen. Es kommt eine Sklerosierung in Frage. Eine sklerosierende Fl\u00fcssigkeit wird in die H\u00e4morrhoiden gespritzt, diese Vernarben in der Folge. Die Gummibandligatur ist eine weitere m\u00f6gliche H\u00e4morrhoiden Behandlung. Gummiringe werden um die H\u00e4morrhoidalknoten gesetzt. Durch die Abklemmung f\u00e4llt der Knoten innert weniger Tage ab. Operative Eingriffe werden nur durchgef\u00fchrt, wenn die H\u00e4morrhoiden Erkrankung schon weit fortgeschritten ist, oder alle andern Behandlungsmethoden nicht zum gew\u00fcnschten Erfolg gef\u00fchrt haben. Die Gute Nachricht ist: Nur gerade 10% der Patienten die einen Arzt wegen H\u00e4morrhoidalleiden aufsuchen brauchen eine operativer Behandlung.<\/p>\n<p style=\"text-align: justify;\">Meist werden neben der medikament\u00f6sen Behandlung oder dem ambulanten Eingriff noch weitere Massnahmen verordnet um die Symptome zu lindern und ein erneutes Auftreten von H\u00e4morrhoiden vorzubeugen.<\/p>\n<ul>\n<li style=\"text-align: justify;\"><strong>Sitzen auf einem H\u00e4morrhoidenkissen<\/strong>: H\u00e4morrhoidenkissen haben eine kreisrunde Aussparung im Bereich des Afters. So wird die schmerzende oder operierte Stelle beim Sitzen entlastet. Bei Sanihaus finden Sie ab sofort das aufblasbare <a title=\"Ringsitzkissen\" href=\"\/sitzkissen\/342-codyn-ringsitzkissen.html\">Codyn Ringsitzkissen<\/a> von Bort.<\/li>\n<li style=\"text-align: justify;\"><strong>Ballaststoffreiche Ern\u00e4hrung<\/strong>: Durch eine ballaststoffreiche Ern\u00e4hrung wird das Stuhlvolumen erh\u00f6ht. Das Ziel ist eine m\u00f6glichst schnelle Entleerung des Darms ohne Pressen.<\/li>\n<li style=\"text-align: justify;\"><strong>Viel Trinken<\/strong>: Auch diese Massnahme f\u00f6rdert einen weichen Stuhlgang und eine schnelle Darmentleerung.<\/li>\n<li style=\"text-align: justify;\"><strong>Regelm\u00e4ssig Sport<\/strong>: Beim Sport wird die Darmmotilit\u00e4t (Darmbewegung) angeregt.<\/li>\n<li style=\"text-align: justify;\"><strong>Abnehmen<\/strong>: \u00dcbergewicht ist ein Risikofaktor f\u00fcr viele Erkrankungen, unter anderem auch f\u00fcr H\u00e4morrhoiden.<\/li>\n<\/ul>\n","protected":false},"excerpt":{"rendered":"<p>H\u00e4morrhoiden sind meist altersbedingt und treten zwischen dem 45 und 65 Lebensjahr auf. M\u00e4nner und Frauen sind etwa gleich h\u00e4ufig betroffen. Nicht alle H\u00e4morrhoiden verursachen auch ein H\u00e4morrhoidalleiden. H\u00e4morrhoiden sind nichts anderes als Blutgef\u00e4sspolster (Schwellk\u00f6rper) in der Enddarmschleimhaut. Sie dienen zum vollst\u00e4ndigen Verschluss des Darms, denn auch bei geschlossenem Schliessmuskel w\u00fcrde eine ca. 1 cm &#8230; <a title=\"H\u00e4morrhoiden und was man dagegen tun kann\" class=\"read-more\" href=\"https:\/\/sanihaus.ch\/wiki\/gefasse\/venen\/haemorrhoiden\/\" aria-label=\"Mehr Informationen \u00fcber H\u00e4morrhoiden und was man dagegen tun kann\">Weiterlesen<\/a><\/p>\n","protected":false},"author":1,"featured_media":0,"parent":25,"menu_order":9,"comment_status":"closed","ping_status":"closed","template":"","meta":{"footnotes":""},"class_list":["post-1019","page","type-page","status-publish"],"aioseo_notices":[],"_links":{"self":[{"href":"https:\/\/sanihaus.ch\/wiki\/wp-json\/wp\/v2\/pages\/1019","targetHints":{"allow":["GET"]}}],"collection":[{"href":"https:\/\/sanihaus.ch\/wiki\/wp-json\/wp\/v2\/pages"}],"about":[{"href":"https:\/\/sanihaus.ch\/wiki\/wp-json\/wp\/v2\/types\/page"}],"author":[{"embeddable":true,"href":"https:\/\/sanihaus.ch\/wiki\/wp-json\/wp\/v2\/users\/1"}],"replies":[{"embeddable":true,"href":"https:\/\/sanihaus.ch\/wiki\/wp-json\/wp\/v2\/comments?post=1019"}],"version-history":[{"count":0,"href":"https:\/\/sanihaus.ch\/wiki\/wp-json\/wp\/v2\/pages\/1019\/revisions"}],"up":[{"embeddable":true,"href":"https:\/\/sanihaus.ch\/wiki\/wp-json\/wp\/v2\/pages\/25"}],"wp:attachment":[{"href":"https:\/\/sanihaus.ch\/wiki\/wp-json\/wp\/v2\/media?parent=1019"}],"curies":[{"name":"wp","href":"https:\/\/api.w.org\/{rel}","templated":true}]}}